{"id":285772,"date":"2025-03-04T11:15:05","date_gmt":"2025-03-04T09:15:05","guid":{"rendered":"https:\/\/www.huntersfriend.eu\/product\/zeiss-lrp-s3-425-50-zf-mri-kikarsikte\/"},"modified":"2025-08-26T10:47:03","modified_gmt":"2025-08-26T08:47:03","slug":"zeiss-lrp-s3-425-50-zf-mri-kikarsikte","status":"publish","type":"product","link":"https:\/\/www.huntersfriend.eu\/sv\/produkt\/zeiss-lrp-s3-425-50-zf-mri-kikarsikte\/","title":{"rendered":"ZEISS LRP S3 425-50 ZF-MRI kikarsikte"},"content":{"rendered":"<p data-start=\"0\" data-end=\"77\"><strong data-start=\"0\" data-end=\"77\">ZEISS LRP S3 4-25&#215;50 ZF-MRi \u2013 precision p\u00e5 toppniv\u00e5 f\u00f6r l\u00e5ngdistansskytte<\/strong><\/p>\n<p data-start=\"79\" data-end=\"380\">ZEISS LRP S3 4-25&#215;50 ZF-MRi \u00e4r ett h\u00f6gpresterande taktiskt kikarsikte som \u00e4r speciellt utformat f\u00f6r precisionsskytte p\u00e5 l\u00e5nga avst\u00e5nd och t\u00e4vlingsskytte. Detta kikarsikte kombinerar ZEISS:s legendariska optik, h\u00e5llbarhet och precision och levererar exceptionell prestanda \u00e4ven under de mest kr\u00e4vande f\u00f6rh\u00e5llanden. <\/p>\n<p data-start=\"382\" data-end=\"1145\"><strong data-start=\"382\" data-end=\"399\">Viktiga funktioner:<\/strong> \u2714 <strong data-start=\"402\" data-end=\"441\">Precist f\u00f6rstoringsomr\u00e5de (4-25x)<\/strong> \u2013 Det breda f\u00f6rstoringsomr\u00e5det s\u00e4kerst\u00e4ller optimal anv\u00e4ndbarhet p\u00e5 olika skjutavst\u00e5nd.<br data-start=\"529\" data-end=\"532\">\u2714 <strong data-start=\"534\" data-end=\"558\">50 mm objektivlins<\/strong> \u2013 Stor ljusinsamlingskapacitet garanterar en ljus och skarp bild, \u00e4ven i svagt ljus.<br data-start=\"658\" data-end=\"661\">\u2714 <strong data-start=\"663\" data-end=\"704\" data-is-only-node=\"\">MRi (Milliradian) belyst riktmedel<\/strong> \u2013 Utformat f\u00f6r snabb och exakt avst\u00e5ndsbed\u00f6mning och korrigeringar.<br data-start=\"775\" data-end=\"778\">\u2714 <strong data-start=\"780\" data-end=\"815\">Riktmedel i f\u00f6rsta fokalplanet (FFP)<\/strong> \u2013 Skalar med f\u00f6rstoringen, vilket m\u00f6jligg\u00f6r exakt sikte p\u00e5 alla f\u00f6rstoringsniv\u00e5er.<br data-start=\"905\" data-end=\"908\">\u2714 <strong data-start=\"910\" data-end=\"945\">Utm\u00e4rkt mekanisk h\u00e5llbarhet<\/strong> \u2013 Byggd f\u00f6r att t\u00e5la \u00e4ven de tuffaste milj\u00f6erna, st\u00f6tt\u00e5lig och vattent\u00e4t.<br data-start=\"1031\" data-end=\"1034\">\u2714 <strong data-start=\"1036\" data-end=\"1072\">Avancerad ballistisk tornkonstruktion<\/strong> \u2013 Enkelt justerbar h\u00f6jd och vindjustering f\u00f6r snabb och exakt sikte.<\/p>\n<p data-start=\"1147\" data-end=\"1176\"><strong data-start=\"1147\" data-end=\"1176\">Tekniska specifikationer:<\/strong><\/p>\n<ul data-start=\"1177\" data-end=\"1753\">\n<li data-start=\"1177\" data-end=\"1205\"><strong data-start=\"1179\" data-end=\"1197\">F\u00f6rstoring:<\/strong> 4\u201325x<\/li>\n<li data-start=\"1206\" data-end=\"1244\"><strong data-start=\"1208\" data-end=\"1236\">Objektivlinsdiameter:<\/strong> 50 mm<\/li>\n<li data-start=\"1245\" data-end=\"1293\"><strong data-start=\"1247\" data-end=\"1259\">Riktmedel:<\/strong> ZF-MRi (f\u00f6rsta fokalplanet, FFP)<\/li>\n<li data-start=\"1294\" data-end=\"1323\"><strong data-start=\"1296\" data-end=\"1312\">Klickv\u00e4rde:<\/strong> 0,1 mrad<\/li>\n<li data-start=\"1324\" data-end=\"1369\"><strong data-start=\"1326\" data-end=\"1357\">H\u00f6jdjusteringsomr\u00e5de:<\/strong> 40,7 mrad<\/li>\n<li data-start=\"1370\" data-end=\"1411\"><strong data-start=\"1372\" data-end=\"1401\">Vindjusteringsomr\u00e5de:<\/strong> 24 mrad<\/li>\n<li data-start=\"1412\" data-end=\"1457\"><strong data-start=\"1414\" data-end=\"1431\">Belysning:<\/strong> Ja, kompatibel f\u00f6r anv\u00e4ndning dagtid<\/li>\n<li data-start=\"1458\" data-end=\"1558\"><strong data-start=\"1460\" data-end=\"1478\">Linsbel\u00e4ggningar:<\/strong> LotuTec\u00ae och T* multibel\u00e4ggningar f\u00f6r f\u00f6rb\u00e4ttrad ljustransmission och h\u00e5llbarhet<\/li>\n<li data-start=\"1559\" data-end=\"1587\"><strong data-start=\"1561\" data-end=\"1576\">\u00d6gonavst\u00e5nd:<\/strong> 80\u201390 mm<\/li>\n<li data-start=\"1588\" data-end=\"1621\"><strong data-start=\"1590\" data-end=\"1599\">Tub:<\/strong> 34 mm aluminiumtub<\/li>\n<li data-start=\"1622\" data-end=\"1644\"><strong data-start=\"1624\" data-end=\"1635\">L\u00e4ngd:<\/strong> 368 mm<\/li>\n<li data-start=\"1645\" data-end=\"1666\"><strong data-start=\"1647\" data-end=\"1658\">Vikt:<\/strong> 965 g<\/li>\n<li data-start=\"1667\" data-end=\"1753\"><strong data-start=\"1669\" data-end=\"1699\">Vattent\u00e4t och st\u00f6tt\u00e5lig:<\/strong> IP67-klassning, testad f\u00f6r att t\u00e5la extrema f\u00f6rh\u00e5llanden<\/li>\n<\/ul>\n<p data-start=\"1755\" data-end=\"2493\"><strong data-start=\"1755\" data-end=\"1772\">Viktiga funktioner:<\/strong> \u2714 <strong data-start=\"1775\" data-end=\"1810\">Riktmedel i f\u00f6rsta fokalplanet (FFP)<\/strong> \u2013 Skalar med f\u00f6rstoringen, vilket m\u00f6jligg\u00f6r exakta avst\u00e5ndsbed\u00f6mningar och h\u00e5llpunkter p\u00e5 alla f\u00f6rstoringsniv\u00e5er.<br data-start=\"1925\" data-end=\"1928\">\u2714 <strong data-start=\"1930\" data-end=\"1967\">Fullt justerbart ballistiskt torn<\/strong> \u2013 Nollstoppsfunktion m\u00f6jligg\u00f6r snabb och exakt \u00e5terg\u00e5ng till noll.<br data-start=\"2034\" data-end=\"2037\">\u2714 <strong data-start=\"2039\" data-end=\"2066\" data-is-only-node=\"\">H\u00f6gpresterande optik<\/strong> \u2013 ZEISS:s avancerade linsteknik s\u00e4kerst\u00e4ller exceptionell bildkvalitet och ljusstyrka, \u00e4ven i svagt ljus.<br data-start=\"2181\" data-end=\"2184\">\u2714 <strong data-start=\"2186\" data-end=\"2209\">Robust konstruktion<\/strong> \u2013 Den 34 mm maskinbearbetade aluminiumtuben i ett stycke erbjuder enast\u00e5ende st\u00f6tt\u00e5lighet och tillf\u00f6rlitlighet i alla skjutmilj\u00f6er.<br data-start=\"2339\" data-end=\"2342\">\u2714 <strong data-start=\"2344\" data-end=\"2367\">Belyst riktmedel<\/strong> \u2013 Den justerbara belysningen \u00e4r l\u00e4mplig f\u00f6r b\u00e5de dag- och nattanv\u00e4ndning, vilket s\u00e4kerst\u00e4ller optimal synlighet i alla ljusf\u00f6rh\u00e5llanden.<\/p>\n<p data-start=\"2495\" data-end=\"2734\" data-is-last-node=\"\" data-is-only-node=\"\"><strong data-start=\"2499\" data-end=\"2530\">ZEISS LRP S3 4-25&#215;50 ZF-MRi<\/strong> \u00e4r konstruerad f\u00f6r prestandadrivna skyttar som v\u00e4rdes\u00e4tter precision, h\u00e5llbarhet och optik i v\u00e4rldsklass. Det \u00e4r det perfekta valet f\u00f6r t\u00e4vlings- och milit\u00e4r anv\u00e4ndning, samt jakt under extrema f\u00f6rh\u00e5llanden. <\/p>\n","protected":false},"excerpt":{"rendered":"<p>ZEISS LRP S3 4-25&#215;50 ZF-MRi \u2013 precision p\u00e5 toppniv\u00e5 f\u00f6r l\u00e5ngdistansskytte ZEISS LRP S3 4-25&#215;50 ZF-MRi \u00e4r ett h\u00f6gpresterande taktiskt kikarsikte som \u00e4r speciellt utformat f\u00f6r precisionsskytte p\u00e5 l\u00e5nga avst\u00e5nd och t\u00e4vlingsskytte. Detta kikarsikte kombinerar ZEISS:s legendariska optik, h\u00e5llbarhet och precision och levererar exceptionell prestanda \u00e4ven under de mest kr\u00e4vande f\u00f6rh\u00e5llanden. Viktiga funktioner: \u2714 Precist [&#8230;]\n","protected":false},"featured_media":276899,"comment_status":"open","ping_status":"closed","template":"","meta":[],"product_brand":[],"product_cat":[2526],"product_tag":[],"class_list":{"0":"post-285772","1":"product","2":"type-product","3":"status-publish","4":"has-post-thumbnail","6":"product_cat-kikarsikten-och-optik","8":"first","9":"outofstock","10":"taxable","11":"shipping-taxable","12":"purchasable","13":"product-type-simple"},"composite_virtual":false,"composite_layout":"","composite_add_to_cart_form_location":"","composite_editable_in_cart":false,"composite_sold_individually_context":"","composite_shop_price_calc":"","composite_components":[],"composite_scenarios":[],"group_of_quantity":0,"min_quantity":0,"max_quantity":"","exclude_order_quantity_value_rules":"no","exclude_category_quantity_rules":"no","combine_variations":"no","exclude_global_add_ons":[],"addons":[],"_links":{"self":[{"href":"https:\/\/www.huntersfriend.eu\/sv\/wp-json\/wp\/v2\/product\/285772","targetHints":{"allow":["GET"]}}],"collection":[{"href":"https:\/\/www.huntersfriend.eu\/sv\/wp-json\/wp\/v2\/product"}],"about":[{"href":"https:\/\/www.huntersfriend.eu\/sv\/wp-json\/wp\/v2\/types\/product"}],"replies":[{"embeddable":true,"href":"https:\/\/www.huntersfriend.eu\/sv\/wp-json\/wp\/v2\/comments?post=285772"}],"wp:featuredmedia":[{"embeddable":true,"href":"https:\/\/www.huntersfriend.eu\/sv\/wp-json\/wp\/v2\/media\/276899"}],"wp:attachment":[{"href":"https:\/\/www.huntersfriend.eu\/sv\/wp-json\/wp\/v2\/media?parent=285772"}],"wp:term":[{"taxonomy":"product_brand","embeddable":true,"href":"https:\/\/www.huntersfriend.eu\/sv\/wp-json\/wp\/v2\/product_brand?post=285772"},{"taxonomy":"product_cat","embeddable":true,"href":"https:\/\/www.huntersfriend.eu\/sv\/wp-json\/wp\/v2\/product_cat?post=285772"},{"taxonomy":"product_tag","embeddable":true,"href":"https:\/\/www.huntersfriend.eu\/sv\/wp-json\/wp\/v2\/product_tag?post=285772"}],"curies":[{"name":"wp","href":"https:\/\/api.w.org\/{rel}","templated":true}]}}