{"id":285771,"date":"2025-03-04T11:15:07","date_gmt":"2025-03-04T09:15:07","guid":{"rendered":"https:\/\/www.huntersfriend.eu\/product\/zeiss-victory-ht-3-12-x-56-asv-h-sikte\/"},"modified":"2025-08-26T10:47:02","modified_gmt":"2025-08-26T08:47:02","slug":"zeiss-victory-ht-3-12-x-56-asv-h-sikte","status":"publish","type":"product","link":"https:\/\/www.huntersfriend.eu\/sv\/produkt\/zeiss-victory-ht-3-12-x-56-asv-h-sikte\/","title":{"rendered":"ZEISS Victory HT 3-12\u2005\u00d7\u200556 ASV+ h-sikte"},"content":{"rendered":"<p data-start=\"0\" data-end=\"100\"><strong data-start=\"0\" data-end=\"100\">ZEISS Victory HT 3-12&#215;56 ASV+ H \u2013 Maximalt ljusgenomsl\u00e4pp och precision f\u00f6r jakt i svagt ljus<\/strong><\/p>\n<p data-start=\"102\" data-end=\"440\">ZEISS Victory HT 3-12&#215;56 \u00e4r ett av de mest ljusstarka kikarsiktena p\u00e5 marknaden, speciellt utformat f\u00f6r jakt i svagt ljus och precisionsskytte p\u00e5 l\u00e5nga avst\u00e5nd. ZEISS avancerade High Transmission (HT)-optik ger upp till 95 % ljusgenomsl\u00e4pp, vilket s\u00e4kerst\u00e4ller en exceptionellt ljus och skarp bild \u00e4ven i d\u00e5liga ljusf\u00f6rh\u00e5llanden. <\/p>\n<p data-start=\"442\" data-end=\"813\">Det breda f\u00f6rstoringsomr\u00e5det (3-12x) g\u00f6r detta sikte till en m\u00e5ngsidig f\u00f6ljeslagare f\u00f6r olika jaktsituationer. Den stora 56 mm objektivlinsen maximerar ljusinsamlingen, och det belysta riktmedlet m\u00f6jligg\u00f6r snabb och exakt siktning under alla f\u00f6rh\u00e5llanden. Den h\u00e5llbara konstruktionen och de ballistiska justeringsalternativen s\u00e4kerst\u00e4ller tillf\u00f6rlitlighet och noggrannhet \u00e4ven i utmanande milj\u00f6er.  <\/p>\n<p data-start=\"815\" data-end=\"843\"><strong data-start=\"815\" data-end=\"843\">Tekniska specifikationer<\/strong><\/p>\n<p data-start=\"845\" data-end=\"865\"><strong data-start=\"845\" data-end=\"865\">Optiska funktioner<\/strong><\/p>\n<ul data-start=\"866\" data-end=\"1134\">\n<li data-start=\"866\" data-end=\"888\">F\u00f6rstoring: 3-12x<\/li>\n<li data-start=\"889\" data-end=\"921\">Objektivlinsdiameter: 56 mm<\/li>\n<li data-start=\"922\" data-end=\"956\">Riktmedel: belyst, riktmedel 60<\/li>\n<li data-start=\"957\" data-end=\"995\">Klickv\u00e4rde: 1 cm \/ 100 m (0,1 mrad)<\/li>\n<li data-start=\"996\" data-end=\"1047\">Synf\u00e4lt p\u00e5 100 m: 12,5 m (3x) \u2013 3,5 m (12x)<\/li>\n<li data-start=\"1048\" data-end=\"1067\">\u00d6gonavst\u00e5nd: 90 mm<\/li>\n<li data-start=\"1068\" data-end=\"1105\">Ljusgenomsl\u00e4pp: 95 % (HT-optik)<\/li>\n<li data-start=\"1106\" data-end=\"1134\">Parallaxjustering: 100 m<\/li>\n<\/ul>\n<p data-start=\"1136\" data-end=\"1167\"><strong data-start=\"1136\" data-end=\"1167\">Konstruktion och h\u00e5llbarhet<\/strong><\/p>\n<ul data-start=\"1168\" data-end=\"1428\">\n<li data-start=\"1168\" data-end=\"1192\">Tub: En del, 30 mm<\/li>\n<li data-start=\"1193\" data-end=\"1209\">L\u00e4ngd: 340 mm<\/li>\n<li data-start=\"1210\" data-end=\"1225\">Vikt: 573 g<\/li>\n<li data-start=\"1226\" data-end=\"1277\">Linsbel\u00e4ggningar: LotuTec\u00ae &amp; ZEISS T* multi-bel\u00e4ggningar<\/li>\n<li data-start=\"1278\" data-end=\"1296\">Vattent\u00e4t: IP68<\/li>\n<li data-start=\"1297\" data-end=\"1350\">Fylld med kv\u00e4ve, imfritt och st\u00f6tt\u00e5ligt<\/li>\n<li data-start=\"1351\" data-end=\"1428\">St\u00f6tt\u00e5lighet: Utformad f\u00f6r att t\u00e5la kraftig rekyl och extrema f\u00f6rh\u00e5llanden<\/li>\n<\/ul>\n<p data-start=\"1430\" data-end=\"1937\"><strong data-start=\"1430\" data-end=\"1446\">Viktiga funktioner<\/strong> \u2714 Marknadsledande ljusgenomsl\u00e4pp (95 %) \u2013 Utm\u00e4rkt sikt i svagt ljus och p\u00e5 natten.<br data-start=\"1538\" data-end=\"1541\">\u2714 Stor 56 mm objektivlins \u2013 Maximerar ljusinsamlingen och bildens ljusstyrka.<br data-start=\"1620\" data-end=\"1623\">\u2714 Belyst riktmedel \u2013 Ger optimal sikt i alla ljusf\u00f6rh\u00e5llanden.<br data-start=\"1702\" data-end=\"1705\">\u2714 ZEISS avancerade HT-optik \u2013 Otrolig ljusstyrka och kontrast.<br data-start=\"1769\" data-end=\"1772\">\u2714 Tillg\u00e4ngligt ballistiskt torn (ASV) \u2013 F\u00f6r snabb och exakt m\u00e5ljustering p\u00e5 l\u00e5nga avst\u00e5nd.<br data-start=\"1851\" data-end=\"1854\">\u2714 L\u00e4tt men \u00e4nd\u00e5 h\u00e5llbar konstruktion \u2013 Utformad f\u00f6r kr\u00e4vande jaktf\u00f6rh\u00e5llanden.<\/p>\n<p data-start=\"1939\" data-end=\"1959\"><strong data-start=\"1939\" data-end=\"1959\">Paketets inneh\u00e5ll<\/strong><\/p>\n<ul data-start=\"1960\" data-end=\"2087\">\n<li data-start=\"1960\" data-end=\"2007\">ZEISS Victory HT 3-12&#215;56 ASV+ H kikarsikte<\/li>\n<li data-start=\"2008\" data-end=\"2023\">Linsskydd<\/li>\n<li data-start=\"2024\" data-end=\"2054\">Batterier f\u00f6r belysning<\/li>\n<li data-start=\"2055\" data-end=\"2073\">Putsduk<\/li>\n<li data-start=\"2074\" data-end=\"2087\">Anv\u00e4ndarmanual<\/li>\n<\/ul>\n<p data-start=\"2089\" data-end=\"2342\" data-is-last-node=\"\" data-is-only-node=\"\">ZEISS Victory HT 3-12&#215;56 \u00e4r det perfekta valet f\u00f6r j\u00e4gare som kr\u00e4ver prestanda i toppklass i svagt ljus. Dess exceptionella ljusgenomsl\u00e4pp, exakta optik och h\u00e5llbara konstruktion s\u00e4kerst\u00e4ller att varje skott \u00e4r s\u00e4kert och exakt i alla situationer. <\/p>\n","protected":false},"excerpt":{"rendered":"<p>ZEISS Victory HT 3-12&#215;56 ASV+ H \u2013 Maximalt ljusgenomsl\u00e4pp och precision f\u00f6r jakt i svagt ljus ZEISS Victory HT 3-12&#215;56 \u00e4r ett av de mest ljusstarka kikarsiktena p\u00e5 marknaden, speciellt utformat f\u00f6r jakt i svagt ljus och precisionsskytte p\u00e5 l\u00e5nga avst\u00e5nd. ZEISS avancerade High Transmission (HT)-optik ger upp till 95 % ljusgenomsl\u00e4pp, vilket s\u00e4kerst\u00e4ller en [&#8230;]\n","protected":false},"featured_media":276815,"comment_status":"open","ping_status":"closed","template":"","meta":[],"product_brand":[],"product_cat":[2526],"product_tag":[],"class_list":{"0":"post-285771","1":"product","2":"type-product","3":"status-publish","4":"has-post-thumbnail","6":"product_cat-kikarsikten-och-optik","8":"first","9":"outofstock","10":"taxable","11":"shipping-taxable","12":"purchasable","13":"product-type-simple"},"composite_virtual":false,"composite_layout":"","composite_add_to_cart_form_location":"","composite_editable_in_cart":false,"composite_sold_individually_context":"","composite_shop_price_calc":"","composite_components":[],"composite_scenarios":[],"group_of_quantity":0,"min_quantity":0,"max_quantity":"","exclude_order_quantity_value_rules":"no","exclude_category_quantity_rules":"no","combine_variations":"no","exclude_global_add_ons":[],"addons":[],"_links":{"self":[{"href":"https:\/\/www.huntersfriend.eu\/sv\/wp-json\/wp\/v2\/product\/285771","targetHints":{"allow":["GET"]}}],"collection":[{"href":"https:\/\/www.huntersfriend.eu\/sv\/wp-json\/wp\/v2\/product"}],"about":[{"href":"https:\/\/www.huntersfriend.eu\/sv\/wp-json\/wp\/v2\/types\/product"}],"replies":[{"embeddable":true,"href":"https:\/\/www.huntersfriend.eu\/sv\/wp-json\/wp\/v2\/comments?post=285771"}],"wp:featuredmedia":[{"embeddable":true,"href":"https:\/\/www.huntersfriend.eu\/sv\/wp-json\/wp\/v2\/media\/276815"}],"wp:attachment":[{"href":"https:\/\/www.huntersfriend.eu\/sv\/wp-json\/wp\/v2\/media?parent=285771"}],"wp:term":[{"taxonomy":"product_brand","embeddable":true,"href":"https:\/\/www.huntersfriend.eu\/sv\/wp-json\/wp\/v2\/product_brand?post=285771"},{"taxonomy":"product_cat","embeddable":true,"href":"https:\/\/www.huntersfriend.eu\/sv\/wp-json\/wp\/v2\/product_cat?post=285771"},{"taxonomy":"product_tag","embeddable":true,"href":"https:\/\/www.huntersfriend.eu\/sv\/wp-json\/wp\/v2\/product_tag?post=285771"}],"curies":[{"name":"wp","href":"https:\/\/api.w.org\/{rel}","templated":true}]}}