{"id":285770,"date":"2025-03-04T11:15:06","date_gmt":"2025-03-04T09:15:06","guid":{"rendered":"https:\/\/www.huntersfriend.eu\/product\/zeiss-conquest-8-x-42-hdx-kikare\/"},"modified":"2025-08-26T10:46:59","modified_gmt":"2025-08-26T08:46:59","slug":"zeiss-conquest-8-x-42-hdx-kikare","status":"publish","type":"product","link":"https:\/\/www.huntersfriend.eu\/sv\/produkt\/zeiss-conquest-8-x-42-hdx-kikare\/","title":{"rendered":"ZEISS Conquest 8 x 42 HDX kikare"},"content":{"rendered":"<p data-start=\"0\" data-end=\"73\"><strong data-start=\"0\" data-end=\"73\">ZEISS Conquest HDX 8&#215;42 \u2013 ljus och exakt vy f\u00f6r varje \u00e4ventyr<\/strong><\/p>\n<p data-start=\"75\" data-end=\"372\">ZEISS Conquest HDX 8&#215;42-kikaren erbjuder f\u00f6rstklassig optik och exceptionell prestanda under alla f\u00f6rh\u00e5llanden. Dessa kikare \u00e4r designade f\u00f6r kr\u00e4sna naturbevakare, j\u00e4gare och f\u00e5gelsk\u00e5dare som v\u00e4rdes\u00e4tter skarpa bilder, ett brett synf\u00e4lt och en h\u00e5llbar konstruktion, och \u00e4r perfekta f\u00f6r alla utomhusaktiviteter. <\/p>\n<p data-start=\"374\" data-end=\"835\">Med 8x f\u00f6rstoring och en 42 mm objektivlins ger de en ljus och detaljerad vy, \u00e4ven i svagt ljus. ZEISS HDX-optik kombinerar h\u00f6gkvalitativa linselement med innovativa bel\u00e4ggningar f\u00f6r att f\u00f6rb\u00e4ttra kontrast och f\u00e4rgnoggrannhet. LotuTec\u00ae-bel\u00e4ggningen skyddar linserna fr\u00e5n vatten och smuts, vilket s\u00e4kerst\u00e4ller en klar sikt i alla v\u00e4derf\u00f6rh\u00e5llanden. Den ergonomiska designen och den l\u00e4tta konstruktionen g\u00f6r kikaren bekv\u00e4m att anv\u00e4nda under l\u00e4ngre perioder.   <\/p>\n<p data-start=\"837\" data-end=\"865\"><strong data-start=\"837\" data-end=\"865\">Tekniska specifikationer<\/strong><\/p>\n<p data-start=\"867\" data-end=\"887\"><strong data-start=\"867\" data-end=\"887\">Optiska funktioner<\/strong><\/p>\n<ul data-start=\"888\" data-end=\"1101\">\n<li data-start=\"888\" data-end=\"909\">F\u00f6rstoring: 8x<\/li>\n<li data-start=\"910\" data-end=\"944\">Objektivlinsdiameter: 42 mm<\/li>\n<li data-start=\"945\" data-end=\"979\">Synf\u00e4lt p\u00e5 1000 m: 128 m<\/li>\n<li data-start=\"980\" data-end=\"1001\">\u00d6gonavst\u00e5nd: 18 mm<\/li>\n<li data-start=\"1002\" data-end=\"1038\">N\u00e4rmaste fokuseringsavst\u00e5nd: 1,5 m<\/li>\n<li data-start=\"1039\" data-end=\"1066\">Ljustransmission: 90 %<\/li>\n<li data-start=\"1067\" data-end=\"1101\">Pupillavst\u00e5nd: 54 \u2013 74 mm<\/li>\n<\/ul>\n<p data-start=\"1103\" data-end=\"1134\"><strong data-start=\"1103\" data-end=\"1134\">Konstruktion och h\u00e5llbarhet<\/strong><\/p>\n<ul data-start=\"1135\" data-end=\"1407\">\n<li data-start=\"1135\" data-end=\"1152\">Vikt: 795 g<\/li>\n<li data-start=\"1153\" data-end=\"1171\">L\u00e4ngd: 150 mm<\/li>\n<li data-start=\"1172\" data-end=\"1189\">Bredd: 120 mm<\/li>\n<li data-start=\"1190\" data-end=\"1234\">Kropp: Magnesium, l\u00e4tt och h\u00e5llbart<\/li>\n<li data-start=\"1235\" data-end=\"1283\">Bel\u00e4ggningar: LotuTec\u00ae &amp; ZEISS T* multi-bel\u00e4ggningar<\/li>\n<li data-start=\"1284\" data-end=\"1356\">Vattent\u00e4thetsklassning: IPX7 (kan s\u00e4nkas ned till 1 m djup i 30 minuter)<\/li>\n<li data-start=\"1357\" data-end=\"1407\">Kv\u00e4vefylld: F\u00f6rhindrar fukt och imma<\/li>\n<\/ul>\n<p data-start=\"1409\" data-end=\"1912\"><strong data-start=\"1409\" data-end=\"1425\">Viktiga funktioner<\/strong> \u2714 HDX-optik \u2013 skarpa bilder, detaljerad klarhet och naturliga f\u00e4rger.<br data-start=\"1492\" data-end=\"1495\">\u2714 8x f\u00f6rstoring \u2013 Brett synf\u00e4lt och stabila bilder f\u00f6r l\u00e5ngvarig observation.<br data-start=\"1579\" data-end=\"1582\">\u2714 Utm\u00e4rkt ljustransmission (90 %) \u2013 Perfekt f\u00f6r svagt ljus.<br data-start=\"1652\" data-end=\"1655\">\u2714 L\u00e4tt och ergonomisk design \u2013 Bekv\u00e4m och enkel att anv\u00e4nda p\u00e5 l\u00e5nga resor.<br data-start=\"1734\" data-end=\"1737\">\u2714 Snabbt och exakt fokuseringssystem \u2013 L\u00e4tt att anv\u00e4nda med en hand.<br data-start=\"1800\" data-end=\"1803\">\u2714 V\u00e4derbest\u00e4ndig konstruktion \u2013 IPX7 vattent\u00e4t klassificering och LotuTec\u00ae-bel\u00e4ggning f\u00f6r tydliga bilder i alla f\u00f6rh\u00e5llanden.<\/p>\n<p data-start=\"1914\" data-end=\"1934\"><strong data-start=\"1914\" data-end=\"1934\">Paketets inneh\u00e5ll<\/strong><\/p>\n<ul data-start=\"1935\" data-end=\"2074\">\n<li data-start=\"1935\" data-end=\"1973\">ZEISS Conquest HDX 8&#215;42 kikare<\/li>\n<li data-start=\"1974\" data-end=\"1997\">Nackrem i neopren<\/li>\n<li data-start=\"1998\" data-end=\"2013\">Linsskydd<\/li>\n<li data-start=\"2014\" data-end=\"2039\">Slitstark v\u00e4ska<\/li>\n<li data-start=\"2040\" data-end=\"2058\">Putsduk<\/li>\n<li data-start=\"2059\" data-end=\"2074\">Anv\u00e4ndarmanual<\/li>\n<\/ul>\n<p data-start=\"2076\" data-end=\"2308\" data-is-last-node=\"\" data-is-only-node=\"\">ZEISS Conquest HDX 8&#215;42-kikaren \u00e4r det perfekta valet f\u00f6r anv\u00e4ndare som kr\u00e4ver exceptionell optik, h\u00e5llbarhet och komfort. Oavsett om du tittar p\u00e5 f\u00e5glar, jagar eller vandrar, garanterar dessa kikare topprestanda i alla situationer. <\/p>\n","protected":false},"excerpt":{"rendered":"<p>ZEISS Conquest HDX 8&#215;42 \u2013 ljus och exakt vy f\u00f6r varje \u00e4ventyr ZEISS Conquest HDX 8&#215;42-kikaren erbjuder f\u00f6rstklassig optik och exceptionell prestanda under alla f\u00f6rh\u00e5llanden. Dessa kikare \u00e4r designade f\u00f6r kr\u00e4sna naturbevakare, j\u00e4gare och f\u00e5gelsk\u00e5dare som v\u00e4rdes\u00e4tter skarpa bilder, ett brett synf\u00e4lt och en h\u00e5llbar konstruktion, och \u00e4r perfekta f\u00f6r alla utomhusaktiviteter. Med 8x f\u00f6rstoring [&#8230;]\n","protected":false},"featured_media":276832,"comment_status":"open","ping_status":"closed","template":"","meta":[],"product_brand":[],"product_cat":[2707],"product_tag":[],"class_list":{"0":"post-285770","1":"product","2":"type-product","3":"status-publish","4":"has-post-thumbnail","6":"product_cat-kikare-och-tubkikare","8":"first","9":"outofstock","10":"taxable","11":"shipping-taxable","12":"purchasable","13":"product-type-simple"},"composite_virtual":false,"composite_layout":"","composite_add_to_cart_form_location":"","composite_editable_in_cart":false,"composite_sold_individually_context":"","composite_shop_price_calc":"","composite_components":[],"composite_scenarios":[],"group_of_quantity":0,"min_quantity":0,"max_quantity":"","exclude_order_quantity_value_rules":"no","exclude_category_quantity_rules":"no","combine_variations":"no","exclude_global_add_ons":[],"addons":[],"_links":{"self":[{"href":"https:\/\/www.huntersfriend.eu\/sv\/wp-json\/wp\/v2\/product\/285770","targetHints":{"allow":["GET"]}}],"collection":[{"href":"https:\/\/www.huntersfriend.eu\/sv\/wp-json\/wp\/v2\/product"}],"about":[{"href":"https:\/\/www.huntersfriend.eu\/sv\/wp-json\/wp\/v2\/types\/product"}],"replies":[{"embeddable":true,"href":"https:\/\/www.huntersfriend.eu\/sv\/wp-json\/wp\/v2\/comments?post=285770"}],"wp:featuredmedia":[{"embeddable":true,"href":"https:\/\/www.huntersfriend.eu\/sv\/wp-json\/wp\/v2\/media\/276832"}],"wp:attachment":[{"href":"https:\/\/www.huntersfriend.eu\/sv\/wp-json\/wp\/v2\/media?parent=285770"}],"wp:term":[{"taxonomy":"product_brand","embeddable":true,"href":"https:\/\/www.huntersfriend.eu\/sv\/wp-json\/wp\/v2\/product_brand?post=285770"},{"taxonomy":"product_cat","embeddable":true,"href":"https:\/\/www.huntersfriend.eu\/sv\/wp-json\/wp\/v2\/product_cat?post=285770"},{"taxonomy":"product_tag","embeddable":true,"href":"https:\/\/www.huntersfriend.eu\/sv\/wp-json\/wp\/v2\/product_tag?post=285770"}],"curies":[{"name":"wp","href":"https:\/\/api.w.org\/{rel}","templated":true}]}}