{"id":285768,"date":"2025-03-03T13:37:57","date_gmt":"2025-03-03T11:37:57","guid":{"rendered":"https:\/\/www.huntersfriend.eu\/product\/g5-t2-100-grain\/"},"modified":"2026-02-17T08:05:26","modified_gmt":"2026-02-17T06:05:26","slug":"g5-t2-100-grain","status":"publish","type":"product","link":"https:\/\/www.huntersfriend.eu\/sv\/produkt\/g5-t2-100-grain\/","title":{"rendered":"G5 T2 100 grain"},"content":{"rendered":"<p>I samarbete med <strong>John Dudley<\/strong>, fr\u00e5n Nock On Archery, presenterar G5 T2: ett extremt t\u00e5ligt, expanderbart broadhead-pilspets med 2 blad. T2 \u00e4r konstruerad f\u00f6r att vara robust och \u00e4r byggd f\u00f6r att klara benkrossande st\u00f6tar utan att tveka, vilket s\u00e4kerst\u00e4ller flera anv\u00e4ndningsomr\u00e5den utan att kompromissa med retentionsf\u00f6rm\u00e5gan. <\/p>\n<div class=\"et_pb_module et_pb_blurb et_pb_blurb_0 et_pb_text_align_left et_pb_blurb_position_left et_pb_bg_layout_light\">\n<div class=\"et_pb_blurb_content\">\n<div class=\"et_pb_blurb_container\">\n<h4 class=\"et_pb_module_header\">Socket-lock\u2122 retentionssystem<\/h4>\n<div class=\"et_pb_blurb_description\">\n<p>Med G5:s signaturkul- och hylsretentionssystem l\u00e5ses T2 i st\u00e5l p\u00e5 plats s\u00e5 att det \u00e4r NOLL skrammel och NOLL f\u00f6rutl\u00f6sning.<\/p>\n<\/div>\n<\/div>\n<\/div>\n<\/div>\n<div class=\"et_pb_module et_pb_blurb et_pb_blurb_1 et_pb_text_align_left et_pb_blurb_position_left et_pb_bg_layout_light\">\n<div class=\"et_pb_blurb_content\">\n<div class=\"et_pb_blurb_container\">\n<h4 class=\"et_pb_module_header\">2\u2033 sk\u00e4rdiameter<br \/>\nsocket lock retentionssystem<br \/>\nzip tip design<br \/>\n100 % st\u00e5lkonstruktion<br \/>\nbak\u00e5tg\u00e5ende glidande blad<br \/>\nfull bladlansering<br \/>\nextremt starka 100 % st\u00e5lblad<br \/>\nutsv\u00e4ngd hylsa<br \/>\nmindre \u00f6verh\u00e4ng av blad<\/h4>\n<\/div>\n<\/div>\n<\/div>\n","protected":false},"excerpt":{"rendered":"<p>3-pack 100 grain<\/p>\n","protected":false},"featured_media":276951,"comment_status":"open","ping_status":"closed","template":"","meta":[],"product_brand":[],"product_cat":[878],"product_tag":[],"class_list":{"0":"post-285768","1":"product","2":"type-product","3":"status-publish","4":"has-post-thumbnail","6":"product_cat-uncategorized-sv","8":"first","9":"outofstock","10":"taxable","11":"shipping-taxable","12":"purchasable","13":"product-type-simple"},"composite_virtual":false,"composite_layout":"","composite_add_to_cart_form_location":"","composite_editable_in_cart":false,"composite_sold_individually_context":"","composite_shop_price_calc":"","composite_components":[],"composite_scenarios":[],"group_of_quantity":0,"min_quantity":0,"max_quantity":"","exclude_order_quantity_value_rules":"no","exclude_category_quantity_rules":"no","combine_variations":"no","exclude_global_add_ons":[],"addons":[],"_links":{"self":[{"href":"https:\/\/www.huntersfriend.eu\/sv\/wp-json\/wp\/v2\/product\/285768","targetHints":{"allow":["GET"]}}],"collection":[{"href":"https:\/\/www.huntersfriend.eu\/sv\/wp-json\/wp\/v2\/product"}],"about":[{"href":"https:\/\/www.huntersfriend.eu\/sv\/wp-json\/wp\/v2\/types\/product"}],"replies":[{"embeddable":true,"href":"https:\/\/www.huntersfriend.eu\/sv\/wp-json\/wp\/v2\/comments?post=285768"}],"wp:featuredmedia":[{"embeddable":true,"href":"https:\/\/www.huntersfriend.eu\/sv\/wp-json\/wp\/v2\/media\/276951"}],"wp:attachment":[{"href":"https:\/\/www.huntersfriend.eu\/sv\/wp-json\/wp\/v2\/media?parent=285768"}],"wp:term":[{"taxonomy":"product_brand","embeddable":true,"href":"https:\/\/www.huntersfriend.eu\/sv\/wp-json\/wp\/v2\/product_brand?post=285768"},{"taxonomy":"product_cat","embeddable":true,"href":"https:\/\/www.huntersfriend.eu\/sv\/wp-json\/wp\/v2\/product_cat?post=285768"},{"taxonomy":"product_tag","embeddable":true,"href":"https:\/\/www.huntersfriend.eu\/sv\/wp-json\/wp\/v2\/product_tag?post=285768"}],"curies":[{"name":"wp","href":"https:\/\/api.w.org\/{rel}","templated":true}]}}