{"id":285767,"date":"2025-02-27T22:28:12","date_gmt":"2025-02-27T20:28:12","guid":{"rendered":"https:\/\/www.huntersfriend.eu\/product\/zeiss-conquest-v6-2-5-15-x-56-kikarsikte\/"},"modified":"2025-08-26T10:46:53","modified_gmt":"2025-08-26T08:46:53","slug":"zeiss-conquest-v6-2-5-15-x-56-kikarsikte","status":"publish","type":"product","link":"https:\/\/www.huntersfriend.eu\/sv\/produkt\/zeiss-conquest-v6-2-5-15-x-56-kikarsikte\/","title":{"rendered":"ZEISS Conquest V6 2.5-15\u2005x\u200556 kikarsikte"},"content":{"rendered":"<p data-start=\"0\" data-end=\"90\"><strong data-start=\"0\" data-end=\"90\">ZEISS Conquest V6 2.5-15&#215;56 \u2013 noggrannhet och prestanda i toppklass f\u00f6r jakt i svagt ljus<\/strong><\/p>\n<p data-start=\"92\" data-end=\"394\">ZEISS Conquest V6 2.5-15&#215;56 \u00e4r ett m\u00e5ngsidigt och kraftfullt kikarsikte som \u00e4r speciellt utformat f\u00f6r jakt i svagt ljus och p\u00e5 l\u00e5nga avst\u00e5nd. Den stora 56 mm objektivlinsen, i kombination med ZEISS:s f\u00f6rstklassiga optik och 92 % ljustransmission, s\u00e4kerst\u00e4ller en ljus och tydlig bild \u00e4ven under utmanande ljusf\u00f6rh\u00e5llanden. <\/p>\n<p data-start=\"396\" data-end=\"689\">Med ett brett f\u00f6rstoringsomr\u00e5de (2,5-15x) erbjuder detta sikte flexibilitet f\u00f6r b\u00e5de skytte p\u00e5 n\u00e4ra h\u00e5ll och precisionsskytte p\u00e5 l\u00e5nga avst\u00e5nd. Det ballistiska ASV-tornet m\u00f6jligg\u00f6r exakta och snabba justeringar, vilket g\u00f6r det till ett idealiskt val f\u00f6r j\u00e4gare som vill kombinera m\u00e5ngsidighet med prestanda i toppklass. <\/p>\n<p data-start=\"691\" data-end=\"719\"><strong data-start=\"691\" data-end=\"719\">Tekniska specifikationer<\/strong><\/p>\n<p data-start=\"721\" data-end=\"743\"><strong data-start=\"721\" data-end=\"741\">Optiska funktioner<\/strong><\/p>\n<ul data-start=\"744\" data-end=\"1030\">\n<li data-start=\"744\" data-end=\"770\">F\u00f6rstoring: 2,5-15x<\/li>\n<li data-start=\"771\" data-end=\"805\">Objektivlinsdiameter: 56 mm<\/li>\n<li data-start=\"806\" data-end=\"842\">Riktmedel: Belyst, riktmedel 60<\/li>\n<li data-start=\"843\" data-end=\"883\">Klickv\u00e4rde: 1 cm \/ 100 m (0,1 mrad)<\/li>\n<li data-start=\"884\" data-end=\"939\">Synf\u00e4lt p\u00e5 100 m: 16,4 m (2,5x) \u2013 2,7 m (15x)<\/li>\n<li data-start=\"940\" data-end=\"961\">\u00d6gonavst\u00e5nd: 92 mm<\/li>\n<li data-start=\"962\" data-end=\"989\">Ljustransmission: 92 %<\/li>\n<li data-start=\"990\" data-end=\"1030\">Parallaxjustering: 50 m \u2013 o\u00e4ndlighet<\/li>\n<\/ul>\n<p data-start=\"1032\" data-end=\"1065\"><strong data-start=\"1032\" data-end=\"1063\">Konstruktion och h\u00e5llbarhet<\/strong><\/p>\n<ul data-start=\"1066\" data-end=\"1340\">\n<li data-start=\"1066\" data-end=\"1098\">Kropp: Monolitisk, 30 mm tub<\/li>\n<li data-start=\"1099\" data-end=\"1117\">L\u00e4ngd: 352 mm<\/li>\n<li data-start=\"1118\" data-end=\"1135\">Vikt: 690 g<\/li>\n<li data-start=\"1136\" data-end=\"1189\">Linsbel\u00e4ggningar: LotuTec\u00ae &amp; ZEISS T* multi-bel\u00e4ggningar<\/li>\n<li data-start=\"1190\" data-end=\"1210\">Vattent\u00e4t: IP68<\/li>\n<li data-start=\"1211\" data-end=\"1260\">Fylld med kv\u00e4ve, imt\u00e4t och st\u00f6tt\u00e5lig<\/li>\n<li data-start=\"1261\" data-end=\"1340\">St\u00f6tt\u00e5lighet: Utformad f\u00f6r att t\u00e5la kraftig rekyl och extrema f\u00f6rh\u00e5llanden<\/li>\n<\/ul>\n<p data-start=\"1342\" data-end=\"1847\"><strong data-start=\"1342\" data-end=\"1358\">Viktiga funktioner<\/strong><br data-start=\"1358\" data-end=\"1361\">\u2714 Brett f\u00f6rstoringsomr\u00e5de (2,5-15x) \u2013 L\u00e4mplig f\u00f6r b\u00e5de precisionsskytte p\u00e5 n\u00e4ra h\u00e5ll och l\u00e5nga avst\u00e5nd.<br data-start=\"1467\" data-end=\"1470\">\u2714 56 mm objektivlins \u2013 Maximerar ljusinsamlingsf\u00f6rm\u00e5gan, idealisk f\u00f6r jakt i svagt ljus.<br data-start=\"1558\" data-end=\"1561\">\u2714 Belyst riktmedel \u2013 Automatiskt justerande belysning f\u00f6rb\u00e4ttrar sikten under alla f\u00f6rh\u00e5llanden.<br data-start=\"1660\" data-end=\"1663\">\u2714 ZEISS:s avancerade optik \u2013 92 % ljustransmission s\u00e4kerst\u00e4ller en ljus och kontrastrik bild.<br data-start=\"1755\" data-end=\"1758\">\u2714 H\u00e5llbar konstruktion \u2013 Byggd f\u00f6r att t\u00e5la de tuffaste v\u00e4derf\u00f6rh\u00e5llandena och rekylen.<\/p>\n<p data-start=\"1849\" data-end=\"1871\"><strong data-start=\"1849\" data-end=\"1869\">Paketets inneh\u00e5ll<\/strong><\/p>\n<ul data-start=\"1872\" data-end=\"1996\">\n<li data-start=\"1872\" data-end=\"1914\">ZEISS Conquest V6 2.5-15&#215;56 kikarsikte<\/li>\n<li data-start=\"1915\" data-end=\"1930\">Linsskydd<\/li>\n<li data-start=\"1931\" data-end=\"1961\">Batterier f\u00f6r belysning<\/li>\n<li data-start=\"1962\" data-end=\"1980\">Putsduk<\/li>\n<li data-start=\"1981\" data-end=\"1996\">Anv\u00e4ndarmanual<\/li>\n<\/ul>\n<p data-start=\"1998\" data-end=\"2273\" data-is-last-node=\"\" data-is-only-node=\"\">ZEISS Conquest V6 2.5-15&#215;56 \u00e4r det perfekta valet f\u00f6r j\u00e4gare som beh\u00f6ver ett h\u00f6gpresterande, m\u00e5ngsidigt kikarsikte av h\u00f6gsta kvalitet. Det kombinerar utm\u00e4rkt optik, h\u00e5llbarhet och innovativa funktioner, vilket s\u00e4kerst\u00e4ller att varje skott \u00e4r exakt och p\u00e5litligt i alla jaktsituationer. <\/p>\n","protected":false},"excerpt":{"rendered":"<p>ZEISS Conquest V6 2.5-15&#215;56 \u2013 noggrannhet och prestanda i toppklass f\u00f6r jakt i svagt ljus ZEISS Conquest V6 2.5-15&#215;56 \u00e4r ett m\u00e5ngsidigt och kraftfullt kikarsikte som \u00e4r speciellt utformat f\u00f6r jakt i svagt ljus och p\u00e5 l\u00e5nga avst\u00e5nd. Den stora 56 mm objektivlinsen, i kombination med ZEISS:s f\u00f6rstklassiga optik och 92 % ljustransmission, s\u00e4kerst\u00e4ller en [&#8230;]\n","protected":false},"featured_media":277066,"comment_status":"open","ping_status":"closed","template":"","meta":[],"product_brand":[],"product_cat":[2526],"product_tag":[],"class_list":{"0":"post-285767","1":"product","2":"type-product","3":"status-publish","4":"has-post-thumbnail","6":"product_cat-kikarsikten-och-optik","8":"first","9":"outofstock","10":"taxable","11":"shipping-taxable","12":"purchasable","13":"product-type-simple"},"composite_virtual":false,"composite_layout":"","composite_add_to_cart_form_location":"","composite_editable_in_cart":false,"composite_sold_individually_context":"","composite_shop_price_calc":"","composite_components":[],"composite_scenarios":[],"group_of_quantity":0,"min_quantity":0,"max_quantity":"","exclude_order_quantity_value_rules":"no","exclude_category_quantity_rules":"no","combine_variations":"no","exclude_global_add_ons":[],"addons":[],"_links":{"self":[{"href":"https:\/\/www.huntersfriend.eu\/sv\/wp-json\/wp\/v2\/product\/285767","targetHints":{"allow":["GET"]}}],"collection":[{"href":"https:\/\/www.huntersfriend.eu\/sv\/wp-json\/wp\/v2\/product"}],"about":[{"href":"https:\/\/www.huntersfriend.eu\/sv\/wp-json\/wp\/v2\/types\/product"}],"replies":[{"embeddable":true,"href":"https:\/\/www.huntersfriend.eu\/sv\/wp-json\/wp\/v2\/comments?post=285767"}],"wp:featuredmedia":[{"embeddable":true,"href":"https:\/\/www.huntersfriend.eu\/sv\/wp-json\/wp\/v2\/media\/277066"}],"wp:attachment":[{"href":"https:\/\/www.huntersfriend.eu\/sv\/wp-json\/wp\/v2\/media?parent=285767"}],"wp:term":[{"taxonomy":"product_brand","embeddable":true,"href":"https:\/\/www.huntersfriend.eu\/sv\/wp-json\/wp\/v2\/product_brand?post=285767"},{"taxonomy":"product_cat","embeddable":true,"href":"https:\/\/www.huntersfriend.eu\/sv\/wp-json\/wp\/v2\/product_cat?post=285767"},{"taxonomy":"product_tag","embeddable":true,"href":"https:\/\/www.huntersfriend.eu\/sv\/wp-json\/wp\/v2\/product_tag?post=285767"}],"curies":[{"name":"wp","href":"https:\/\/api.w.org\/{rel}","templated":true}]}}