{"id":285765,"date":"2025-03-03T11:46:37","date_gmt":"2025-03-03T09:46:37","guid":{"rendered":"https:\/\/www.huntersfriend.eu\/product\/mathews-lift-x-33-i-lager\/"},"modified":"2025-11-14T12:47:36","modified_gmt":"2025-11-14T10:47:36","slug":"mathews-lift-x-33-i-lager","status":"publish","type":"product","link":"https:\/\/www.huntersfriend.eu\/sv\/produkt\/mathews-lift-x-33-i-lager\/","title":{"rendered":"Mathews lift x 33 i lager"},"content":{"rendered":"<h3><span data-text-color=\"alert\"><strong>Om du inte hittar exakt den b\u00e5ge du vill ha h\u00e4r, v\u00e4nligen kontakta oss direkt eller best\u00e4ll fr\u00e5n v\u00e5r Mathews lift x 33 anpassade b\u00e5gsida. Leveranstiderna \u00e4r cirka 10-14 dagar under normala tider, men kan vara l\u00e4ngre f\u00f6r varor som \u00e4r slut i lager fr\u00e5n den europeiska distribut\u00f6ren. Ring f\u00f6r information om tillg\u00e4nglighet.  <\/strong><\/span><\/h3>\n<p>2025 LIFT X ger aldrig tidigare sk\u00e5dade niv\u00e5er av trimning och anpassning till varje b\u00e5gskytt. Med v\u00e5r patenterade Limb Shift\u2122-teknik (LST) till\u00e5ter LIFT X b\u00e5gskyttar att mikrojustera sin trimning med en enkel vridning av en skiftnyckel, ingen b\u00e5gpress beh\u00f6vs. ARC7\u2122 Limb Technology levererar de mest h\u00e5llbara och effektiva lemmarna vi n\u00e5gonsin har skapat och det helt nya BOND\u2122 Grip System anpassar kontaktpunkten f\u00f6r varje skytt. LIFT X \u00e4r n\u00e4sta uttryck i v\u00e5r str\u00e4van efter excellens och representerar toppen av b\u00e5gskytte-teknik.   <\/p>\n<p>Str\u00e4ngh\u00f6jd: 6,5 tum<\/p>\n<p>IBO-klassning: upp till 343 FPS<\/p>\n<p>Axel till axel: 33 tum<\/p>\n<p>Dragvikt: 55, 60, 65, 70, 75 &amp; 80<\/p>\n<p>Dragl\u00e4ngder: 26 \u201c-31.5\u201d<\/p>\n<p>Let-off: 80 eller 85 %<\/p>\n<p>Fysisk vikt: 4,26 LBS<\/p>\n<p>CAM: SwitchWeight x<\/p>\n<h2>Limb shift-teknik<\/h2>\n<p>V\u00e5r patenterade Limb Shift Technology (LST) \u00e4r ett f\u00f6rsta i sitt slag-justeringssystem som g\u00f6r det m\u00f6jligt f\u00f6r b\u00e5gskytten att mikrojustera lemkanalen utan behov av en b\u00e5gpress. Genom att h\u00e5lla kammen i ett fast l\u00e4ge optimerar Limb Shift Technology lembalansen och belastningen i lemkanalen, vilket resulterar i en effektivare trimning. <\/p>\n<h2>ARC7 lemteknik<\/h2>\n<p>Vi har utvecklat ett nytt lemmaterial och en flerstegsbyggprocess f\u00f6r att s\u00e4kerst\u00e4lla styrka och konsistens \u00f6ver hela produktionslinjen. Resultatet \u00e4r en helt ny lem som \u00e4r mer h\u00e5llbar och effektiv under hela lastsekvensen \u00e4n n\u00e5gon lem vi har gjort hittills. <\/p>\n<h2>BOND greppsystem<\/h2>\n<p>Efter att ha kartlagt greppen hos hundratals b\u00e5gskyttar f\u00f6ddes det helt nya BOND Grip System. Varje BOND-grepp \u00e4r konstruerat av en h\u00e5llbar polymerbas och \u00e4r konstruerat f\u00f6r \u00f6verl\u00e4gsen ergonomi och har en texturerad gummigreppyta f\u00f6r att f\u00f6rb\u00e4ttra greppet d\u00e4r du beh\u00f6ver det som mest. <\/p>\n","protected":false},"excerpt":{"rendered":"<p>Endast b\u00e5gar i lager<\/p>\n","protected":false},"featured_media":275671,"comment_status":"open","ping_status":"closed","template":"","meta":[],"product_brand":[],"product_cat":[878],"product_tag":[],"class_list":{"0":"post-285765","1":"product","2":"type-product","3":"status-publish","4":"has-post-thumbnail","6":"product_cat-uncategorized-sv","7":"product_shipping_class-big-sv","9":"first","10":"outofstock","11":"taxable","12":"shipping-taxable","13":"product-type-simple"},"composite_virtual":false,"composite_layout":"","composite_add_to_cart_form_location":"","composite_editable_in_cart":false,"composite_sold_individually_context":"","composite_shop_price_calc":"","composite_components":[],"composite_scenarios":[],"group_of_quantity":0,"min_quantity":0,"max_quantity":"","exclude_order_quantity_value_rules":"no","exclude_category_quantity_rules":"no","combine_variations":"no","exclude_global_add_ons":[],"addons":[],"_links":{"self":[{"href":"https:\/\/www.huntersfriend.eu\/sv\/wp-json\/wp\/v2\/product\/285765","targetHints":{"allow":["GET"]}}],"collection":[{"href":"https:\/\/www.huntersfriend.eu\/sv\/wp-json\/wp\/v2\/product"}],"about":[{"href":"https:\/\/www.huntersfriend.eu\/sv\/wp-json\/wp\/v2\/types\/product"}],"replies":[{"embeddable":true,"href":"https:\/\/www.huntersfriend.eu\/sv\/wp-json\/wp\/v2\/comments?post=285765"}],"wp:featuredmedia":[{"embeddable":true,"href":"https:\/\/www.huntersfriend.eu\/sv\/wp-json\/wp\/v2\/media\/275671"}],"wp:attachment":[{"href":"https:\/\/www.huntersfriend.eu\/sv\/wp-json\/wp\/v2\/media?parent=285765"}],"wp:term":[{"taxonomy":"product_brand","embeddable":true,"href":"https:\/\/www.huntersfriend.eu\/sv\/wp-json\/wp\/v2\/product_brand?post=285765"},{"taxonomy":"product_cat","embeddable":true,"href":"https:\/\/www.huntersfriend.eu\/sv\/wp-json\/wp\/v2\/product_cat?post=285765"},{"taxonomy":"product_tag","embeddable":true,"href":"https:\/\/www.huntersfriend.eu\/sv\/wp-json\/wp\/v2\/product_tag?post=285765"}],"curies":[{"name":"wp","href":"https:\/\/api.w.org\/{rel}","templated":true}]}}