{"id":285763,"date":"2025-03-03T09:25:27","date_gmt":"2025-03-03T07:25:27","guid":{"rendered":"https:\/\/www.huntersfriend.eu\/product\/plano-easy-view-pilbagslada\/"},"modified":"2025-08-26T10:46:52","modified_gmt":"2025-08-26T08:46:52","slug":"plano-easy-view-pilbagslada","status":"publish","type":"product","link":"https:\/\/www.huntersfriend.eu\/sv\/produkt\/plano-easy-view-pilbagslada\/","title":{"rendered":"Plano easy view pilb\u00e5gsl\u00e5da"},"content":{"rendered":"<p>Den t\u00e5liga Plano Archery Box Model 1348-v\u00e4skan \u00e4r utformad f\u00f6r att rymma b\u00e5de fasta och expanderbara jaktspetsar, samt din tillh\u00f6rande pilb\u00e5gsutrustning.<\/p>\n<ul>\n<li>Transportera och f\u00f6rvara enkelt din pilb\u00e5gsutrustning med en anpassningsbar \u00f6vre bricka baserad p\u00e5 Planos formidabla StowAway-tackelorganisat\u00f6rer. Medf\u00f6ljande avdelare skapar mellan 8 och 16 fack. <\/li>\n<li>Anpassningsbar organisation som hj\u00e4lper dig att spendera mindre tid p\u00e5 att oroa dig f\u00f6r din utrustning och mer tid p\u00e5 att full\u00e4nda ditt sikte p\u00e5 pricktavlan.<\/li>\n<li>Skuminsatsen h\u00e5ller s\u00e4kert upp till 6 expanderbara eller fasta jaktspetsar under den utdragbara brickan. Ytterligare f\u00f6rvaring finns i det nedre facket f\u00f6r verktyg, handledsskydd och mer. <\/li>\n<li>T\u00e5liga Prolatch-f\u00f6rslutningar \u00f6ppnas enkelt och st\u00e4ngs s\u00e4kert. Ett praktiskt g\u00e5ngj\u00e4rnsf\u00f6rsett b\u00e4rhandtag hj\u00e4lper till att h\u00e5lla jaktspetsarna skyddade under transport och redo att tr\u00e4ffa m\u00e5len rent och exakt. <\/li>\n<\/ul>\n","protected":false},"excerpt":{"rendered":"<p>Den t\u00e5liga Plano Archery Box Model 1348-v\u00e4skan \u00e4r utformad f\u00f6r att rymma b\u00e5de fasta och expanderbara jaktspetsar, samt din tillh\u00f6rande pilb\u00e5gsutrustning. Transportera och f\u00f6rvara enkelt din pilb\u00e5gsutrustning med en anpassningsbar \u00f6vre bricka baserad p\u00e5 Planos formidabla StowAway-tackelorganisat\u00f6rer. Medf\u00f6ljande avdelare skapar mellan 8 och 16 fack. Anpassningsbar organisation som hj\u00e4lper dig att spendera mindre tid p\u00e5 [&#8230;]\n","protected":false},"featured_media":276620,"comment_status":"open","ping_status":"closed","template":"","meta":[],"product_brand":[],"product_cat":[2694],"product_tag":[],"class_list":{"0":"post-285763","1":"product","2":"type-product","3":"status-publish","4":"has-post-thumbnail","6":"product_cat-tillbehorsvaskor","8":"first","9":"instock","10":"taxable","11":"shipping-taxable","12":"purchasable","13":"product-type-simple"},"composite_virtual":false,"composite_layout":"","composite_add_to_cart_form_location":"","composite_editable_in_cart":false,"composite_sold_individually_context":"","composite_shop_price_calc":"","composite_components":[],"composite_scenarios":[],"group_of_quantity":0,"min_quantity":0,"max_quantity":"","exclude_order_quantity_value_rules":"no","exclude_category_quantity_rules":"no","combine_variations":"no","exclude_global_add_ons":[],"addons":[],"_links":{"self":[{"href":"https:\/\/www.huntersfriend.eu\/sv\/wp-json\/wp\/v2\/product\/285763","targetHints":{"allow":["GET"]}}],"collection":[{"href":"https:\/\/www.huntersfriend.eu\/sv\/wp-json\/wp\/v2\/product"}],"about":[{"href":"https:\/\/www.huntersfriend.eu\/sv\/wp-json\/wp\/v2\/types\/product"}],"replies":[{"embeddable":true,"href":"https:\/\/www.huntersfriend.eu\/sv\/wp-json\/wp\/v2\/comments?post=285763"}],"wp:featuredmedia":[{"embeddable":true,"href":"https:\/\/www.huntersfriend.eu\/sv\/wp-json\/wp\/v2\/media\/276620"}],"wp:attachment":[{"href":"https:\/\/www.huntersfriend.eu\/sv\/wp-json\/wp\/v2\/media?parent=285763"}],"wp:term":[{"taxonomy":"product_brand","embeddable":true,"href":"https:\/\/www.huntersfriend.eu\/sv\/wp-json\/wp\/v2\/product_brand?post=285763"},{"taxonomy":"product_cat","embeddable":true,"href":"https:\/\/www.huntersfriend.eu\/sv\/wp-json\/wp\/v2\/product_cat?post=285763"},{"taxonomy":"product_tag","embeddable":true,"href":"https:\/\/www.huntersfriend.eu\/sv\/wp-json\/wp\/v2\/product_tag?post=285763"}],"curies":[{"name":"wp","href":"https:\/\/api.w.org\/{rel}","templated":true}]}}