{"id":285762,"date":"2025-02-27T22:28:12","date_gmt":"2025-02-27T20:28:12","guid":{"rendered":"https:\/\/www.huntersfriend.eu\/product\/zeiss-conquest-v4-3-12-x-56-kikarsikte\/"},"modified":"2025-08-26T10:46:51","modified_gmt":"2025-08-26T08:46:51","slug":"zeiss-conquest-v4-3-12-x-56-kikarsikte","status":"publish","type":"product","link":"https:\/\/www.huntersfriend.eu\/sv\/produkt\/zeiss-conquest-v4-3-12-x-56-kikarsikte\/","title":{"rendered":"ZEISS Conquest V4 3-12 x 56 kikarsikte"},"content":{"rendered":"<p data-start=\"0\" data-end=\"81\"><strong data-start=\"0\" data-end=\"81\">ZEISS Conquest V4 3-12&#215;56 \u2013 p\u00e5litligt och kraftfullt kikarsikte f\u00f6r jakt i svagt ljus<\/strong><\/p>\n<p data-start=\"83\" data-end=\"391\">ZEISS Conquest V4 3-12&#215;56 \u00e4r designad f\u00f6r j\u00e4gare som kr\u00e4ver exceptionell prestanda i svagt ljus. Den stora 56 mm objektivlinsen s\u00e4kerst\u00e4ller enast\u00e5ende ljusinsamlingsf\u00f6rm\u00e5ga, medan ZEISS avancerade T*-multibel\u00e4ggning garanterar en ljus, skarp och h\u00f6gkontrastbild i alla v\u00e4derf\u00f6rh\u00e5llanden. <\/p>\n<p data-start=\"393\" data-end=\"787\">Med sitt 3-12x f\u00f6rstoringsomr\u00e5de erbjuder detta kikarsikte m\u00e5ngsidighet f\u00f6r b\u00e5de skytte p\u00e5 n\u00e4ra h\u00e5ll och precisionsskytte p\u00e5 l\u00e5nga avst\u00e5nd. Det belysta riktmedlet hj\u00e4lper till att ge snabb och exakt siktning i svagt ljus och utmanande ljusf\u00f6rh\u00e5llanden. Dess h\u00e5llbara och l\u00e4tta design, kombinerat med exakta ballistiska justeringar, g\u00f6r detta kikarsikte till ett utm\u00e4rkt val f\u00f6r jakt och t\u00e4vlingsskytte.  <\/p>\n<p data-start=\"789\" data-end=\"817\"><strong data-start=\"789\" data-end=\"817\">Tekniska specifikationer<\/strong><\/p>\n<p data-start=\"819\" data-end=\"841\"><strong data-start=\"819\" data-end=\"839\">Optiska funktioner<\/strong><\/p>\n<ul data-start=\"842\" data-end=\"1114\">\n<li data-start=\"842\" data-end=\"866\">F\u00f6rstoring: 3-12x<\/li>\n<li data-start=\"867\" data-end=\"901\">Objektivlinsdiameter: 56 mm<\/li>\n<li data-start=\"902\" data-end=\"938\">Riktmedel: Belyst, 60 riktmedel<\/li>\n<li data-start=\"939\" data-end=\"980\">Klickv\u00e4rde: 1\/4 MOA (0,7 cm \/ 100 m)<\/li>\n<li data-start=\"981\" data-end=\"1034\">Synf\u00e4lt p\u00e5 100 m: 12,7 m (3x) \u2013 3,2 m (12x)<\/li>\n<li data-start=\"1035\" data-end=\"1056\">\u00d6gonavst\u00e5nd: 90 mm<\/li>\n<li data-start=\"1057\" data-end=\"1084\">Ljustransmission: 90 %<\/li>\n<li data-start=\"1085\" data-end=\"1114\">Parallaxjustering: 91 m<\/li>\n<\/ul>\n<p data-start=\"1116\" data-end=\"1149\"><strong data-start=\"1116\" data-end=\"1147\">Konstruktion och h\u00e5llbarhet<\/strong><\/p>\n<ul data-start=\"1150\" data-end=\"1424\">\n<li data-start=\"1150\" data-end=\"1182\">Kropp: Monolitisk, 30 mm tub<\/li>\n<li data-start=\"1183\" data-end=\"1201\">L\u00e4ngd: 368 mm<\/li>\n<li data-start=\"1202\" data-end=\"1219\">Vikt: 640 g<\/li>\n<li data-start=\"1220\" data-end=\"1273\">Linsbel\u00e4ggningar: LotuTec\u00ae &amp; ZEISS T* multi-bel\u00e4ggningar<\/li>\n<li data-start=\"1274\" data-end=\"1294\">Vattent\u00e4t: IP68<\/li>\n<li data-start=\"1295\" data-end=\"1344\">Fylld med kv\u00e4ve, imt\u00e4t och st\u00f6tt\u00e5lig<\/li>\n<li data-start=\"1345\" data-end=\"1424\">St\u00f6tt\u00e5lighet: Utformad f\u00f6r att t\u00e5la kraftig rekyl och extrema f\u00f6rh\u00e5llanden<\/li>\n<\/ul>\n<p data-start=\"1426\" data-end=\"1991\"><strong data-start=\"1426\" data-end=\"1442\">Viktiga funktioner<\/strong><br data-start=\"1442\" data-end=\"1445\">\u2714 Brett f\u00f6rstoringsomr\u00e5de (3-12x) \u2013 L\u00e4mplig f\u00f6r b\u00e5de skytte p\u00e5 n\u00e4ra h\u00e5ll och l\u00e5nga avst\u00e5nd.<br data-start=\"1539\" data-end=\"1542\">\u2714 56 mm objektivlins \u2013 Maximerar ljusinsamlingsf\u00f6rm\u00e5gan och f\u00f6rb\u00e4ttrar sikten i svagt ljus.<br data-start=\"1638\" data-end=\"1641\">\u2714 Belyst riktmedel \u2013 Ger optimal sikt i alla ljusf\u00f6rh\u00e5llanden.<br data-start=\"1720\" data-end=\"1723\">\u2714 ZEISS avancerade optik \u2013 90 % ljustransmission s\u00e4kerst\u00e4ller en ljus bild med h\u00f6g kontrast.<br data-start=\"1815\" data-end=\"1818\">\u2714 H\u00e5llbar och l\u00e4tt konstruktion \u2013 Byggd f\u00f6r att t\u00e5la de tuffaste v\u00e4derf\u00f6rh\u00e5llandena.<br data-start=\"1910\" data-end=\"1913\">\u2714 L\u00e4ttanv\u00e4nda ballistiska justeringar \u2013 Exakt och snabb finjustering av riktmedlet.<\/p>\n<p data-start=\"1993\" data-end=\"2015\"><strong data-start=\"1993\" data-end=\"2013\">Paketets inneh\u00e5ll<\/strong><\/p>\n<ul data-start=\"2016\" data-end=\"2139\">\n<li data-start=\"2016\" data-end=\"2057\">ZEISS Conquest V4 3-12&#215;56 kikarsikte<\/li>\n<li data-start=\"2058\" data-end=\"2073\">Linsskydd<\/li>\n<li data-start=\"2074\" data-end=\"2104\">Batterier f\u00f6r belysning<\/li>\n<li data-start=\"2105\" data-end=\"2123\">Putsduk<\/li>\n<li data-start=\"2124\" data-end=\"2139\">Anv\u00e4ndarmanual<\/li>\n<\/ul>\n<p data-start=\"2141\" data-end=\"2367\" data-is-last-node=\"\" data-is-only-node=\"\">ZEISS Conquest V4 3-12&#215;56 \u00e4r ett utm\u00e4rkt val f\u00f6r j\u00e4gare och precisionsskyttar som beh\u00f6ver ett p\u00e5litligt, h\u00f6gpresterande och m\u00e5ngsidigt kikarsikte. Dess f\u00f6rstklassiga optik och h\u00e5llbara design s\u00e4kerst\u00e4ller ett stadigt skott i alla situationer. <\/p>\n","protected":false},"excerpt":{"rendered":"<p>ZEISS Conquest V4 3-12&#215;56 \u2013 p\u00e5litligt och kraftfullt kikarsikte f\u00f6r jakt i svagt ljus ZEISS Conquest V4 3-12&#215;56 \u00e4r designad f\u00f6r j\u00e4gare som kr\u00e4ver exceptionell prestanda i svagt ljus. Den stora 56 mm objektivlinsen s\u00e4kerst\u00e4ller enast\u00e5ende ljusinsamlingsf\u00f6rm\u00e5ga, medan ZEISS avancerade T*-multibel\u00e4ggning garanterar en ljus, skarp och h\u00f6gkontrastbild i alla v\u00e4derf\u00f6rh\u00e5llanden. Med sitt 3-12x f\u00f6rstoringsomr\u00e5de erbjuder [&#8230;]\n","protected":false},"featured_media":277042,"comment_status":"open","ping_status":"closed","template":"","meta":[],"product_brand":[],"product_cat":[2526],"product_tag":[],"class_list":{"0":"post-285762","1":"product","2":"type-product","3":"status-publish","4":"has-post-thumbnail","6":"product_cat-kikarsikten-och-optik","8":"first","9":"outofstock","10":"taxable","11":"shipping-taxable","12":"purchasable","13":"product-type-simple"},"composite_virtual":false,"composite_layout":"","composite_add_to_cart_form_location":"","composite_editable_in_cart":false,"composite_sold_individually_context":"","composite_shop_price_calc":"","composite_components":[],"composite_scenarios":[],"group_of_quantity":0,"min_quantity":0,"max_quantity":"","exclude_order_quantity_value_rules":"no","exclude_category_quantity_rules":"no","combine_variations":"no","exclude_global_add_ons":[],"addons":[],"_links":{"self":[{"href":"https:\/\/www.huntersfriend.eu\/sv\/wp-json\/wp\/v2\/product\/285762","targetHints":{"allow":["GET"]}}],"collection":[{"href":"https:\/\/www.huntersfriend.eu\/sv\/wp-json\/wp\/v2\/product"}],"about":[{"href":"https:\/\/www.huntersfriend.eu\/sv\/wp-json\/wp\/v2\/types\/product"}],"replies":[{"embeddable":true,"href":"https:\/\/www.huntersfriend.eu\/sv\/wp-json\/wp\/v2\/comments?post=285762"}],"wp:featuredmedia":[{"embeddable":true,"href":"https:\/\/www.huntersfriend.eu\/sv\/wp-json\/wp\/v2\/media\/277042"}],"wp:attachment":[{"href":"https:\/\/www.huntersfriend.eu\/sv\/wp-json\/wp\/v2\/media?parent=285762"}],"wp:term":[{"taxonomy":"product_brand","embeddable":true,"href":"https:\/\/www.huntersfriend.eu\/sv\/wp-json\/wp\/v2\/product_brand?post=285762"},{"taxonomy":"product_cat","embeddable":true,"href":"https:\/\/www.huntersfriend.eu\/sv\/wp-json\/wp\/v2\/product_cat?post=285762"},{"taxonomy":"product_tag","embeddable":true,"href":"https:\/\/www.huntersfriend.eu\/sv\/wp-json\/wp\/v2\/product_tag?post=285762"}],"curies":[{"name":"wp","href":"https:\/\/api.w.org\/{rel}","templated":true}]}}