{"id":285757,"date":"2025-02-27T22:28:11","date_gmt":"2025-02-27T20:28:11","guid":{"rendered":"https:\/\/www.huntersfriend.eu\/product\/zeiss-conquest-v6-2-12-x-50-kikarsikte\/"},"modified":"2025-08-26T10:46:49","modified_gmt":"2025-08-26T08:46:49","slug":"zeiss-conquest-v6-2-12-x-50-kikarsikte","status":"publish","type":"product","link":"https:\/\/www.huntersfriend.eu\/sv\/produkt\/zeiss-conquest-v6-2-12-x-50-kikarsikte\/","title":{"rendered":"ZEISS Conquest V6 2-12 x 50 kikarsikte"},"content":{"rendered":"<p data-start=\"0\" data-end=\"74\"><strong data-start=\"0\" data-end=\"74\">ZEISS Conquest V6 2-12&#215;50 \u2013 m\u00e5ngsidigt och h\u00f6gpresterande kikarsikte<\/strong><\/p>\n<p data-start=\"76\" data-end=\"443\">ZEISS Conquest V6 2-12&#215;50 kombinerar optisk prestanda i toppklass, h\u00e5llbarhet och m\u00e5ngsidighet. Dess breda f\u00f6rstoringsomr\u00e5de (2-12x) g\u00f6r det till ett utm\u00e4rkt val f\u00f6r b\u00e5de jakt p\u00e5 n\u00e4ra h\u00e5ll och p\u00e5 l\u00e5nga avst\u00e5nd. Objektivlinsen p\u00e5 50 mm s\u00e4kerst\u00e4ller utm\u00e4rkt ljusinsamlingsf\u00f6rm\u00e5ga, vilket ger en ljus och skarp bild \u00e4ven i svagt ljus och sv\u00e5ra ljusf\u00f6rh\u00e5llanden.  <\/p>\n<p data-start=\"445\" data-end=\"744\">ZEISS avancerade T* antireflexbehandling maximerar ljustransmissionen (92 %), och LotuTec\u00ae-bel\u00e4ggningen skyddar linserna fr\u00e5n vatten och smuts. Det exakta belysta riktmedlet, den h\u00e5llbara konstruktionen och det anv\u00e4ndarv\u00e4nliga ballistiska tornet g\u00f6r detta kikarsikte till en p\u00e5litlig f\u00f6ljeslagare f\u00f6r alla typer av jaktsituationer. <\/p>\n<p data-start=\"746\" data-end=\"774\"><strong data-start=\"746\" data-end=\"774\">Tekniska specifikationer<\/strong><\/p>\n<p data-start=\"776\" data-end=\"798\"><strong data-start=\"776\" data-end=\"796\">Optiska funktioner<\/strong><\/p>\n<ul data-start=\"799\" data-end=\"1089\">\n<li data-start=\"799\" data-end=\"823\">F\u00f6rstoring: 2-12x<\/li>\n<li data-start=\"824\" data-end=\"858\">Objektivlinsdiameter: 50 mm<\/li>\n<li data-start=\"859\" data-end=\"913\">Riktmedel: Belyst, finns i flera alternativ<\/li>\n<li data-start=\"914\" data-end=\"954\">Klickv\u00e4rde: 1 cm \/ 100 m (0,1 mrad)<\/li>\n<li data-start=\"955\" data-end=\"1008\">Synf\u00e4lt p\u00e5 100 m: 20,5 m (2x) \u2013 3,4 m (12x)<\/li>\n<li data-start=\"1009\" data-end=\"1030\">\u00d6gonavst\u00e5nd: 92 mm<\/li>\n<li data-start=\"1031\" data-end=\"1058\">Ljustransmission: 92 %<\/li>\n<li data-start=\"1059\" data-end=\"1089\">Parallaxjustering: 100 m<\/li>\n<\/ul>\n<p data-start=\"1091\" data-end=\"1124\"><strong data-start=\"1091\" data-end=\"1122\">Konstruktion och h\u00e5llbarhet<\/strong><\/p>\n<ul data-start=\"1125\" data-end=\"1399\">\n<li data-start=\"1125\" data-end=\"1157\">Kropp: Monolitisk, 30 mm tub<\/li>\n<li data-start=\"1158\" data-end=\"1176\">L\u00e4ngd: 335 mm<\/li>\n<li data-start=\"1177\" data-end=\"1194\">Vikt: 620 g<\/li>\n<li data-start=\"1195\" data-end=\"1248\">Linsbel\u00e4ggningar: LotuTec\u00ae &amp; ZEISS T* multi-bel\u00e4ggningar<\/li>\n<li data-start=\"1249\" data-end=\"1269\">Vattent\u00e4t: IP68<\/li>\n<li data-start=\"1270\" data-end=\"1319\">Fylld med kv\u00e4ve, imt\u00e4t och st\u00f6tt\u00e5lig<\/li>\n<li data-start=\"1320\" data-end=\"1399\">St\u00f6tt\u00e5lighet: Utformad f\u00f6r att t\u00e5la kraftig rekyl och extrema f\u00f6rh\u00e5llanden<\/li>\n<\/ul>\n<p data-start=\"1401\" data-end=\"1859\"><strong data-start=\"1401\" data-end=\"1417\">Viktiga funktioner<\/strong><br data-start=\"1417\" data-end=\"1420\">\u2714 Brett f\u00f6rstoringsomr\u00e5de (2-12x) \u2013 L\u00e4mpligt f\u00f6r b\u00e5de jakt p\u00e5 n\u00e4ra h\u00e5ll och p\u00e5 l\u00e5nga avst\u00e5nd.<br data-start=\"1513\" data-end=\"1516\">\u2714 50 mm objektivlins \u2013 Utm\u00e4rkt ljusinsamlingsf\u00f6rm\u00e5ga f\u00f6r svagt ljus.<br data-start=\"1600\" data-end=\"1603\">\u2714 Belyst riktmedel \u2013 S\u00e4kerst\u00e4ller optimal synlighet i alla ljusf\u00f6rh\u00e5llanden.<br data-start=\"1681\" data-end=\"1684\">\u2714 ZEISS avancerade optik \u2013 92 % ljustransmission, klar och kontrastrik bild.<br data-start=\"1766\" data-end=\"1769\">\u2714 H\u00e5llbar konstruktion \u2013 St\u00f6tt\u00e5lig, vattent\u00e4t och imt\u00e4t i alla v\u00e4derf\u00f6rh\u00e5llanden.<\/p>\n<p data-start=\"1861\" data-end=\"1883\"><strong data-start=\"1861\" data-end=\"1881\">Paketets inneh\u00e5ll<\/strong><\/p>\n<ul data-start=\"1884\" data-end=\"2007\">\n<li data-start=\"1884\" data-end=\"1925\">ZEISS Conquest V6 2-12&#215;50 kikarsikte<\/li>\n<li data-start=\"1926\" data-end=\"1941\">Linsskydd<\/li>\n<li data-start=\"1942\" data-end=\"1972\">Batterier f\u00f6r belysning<\/li>\n<li data-start=\"1973\" data-end=\"1991\">Putsduk<\/li>\n<li data-start=\"1992\" data-end=\"2007\">Anv\u00e4ndarmanual<\/li>\n<\/ul>\n<p data-start=\"2009\" data-end=\"2217\" data-is-last-node=\"\" data-is-only-node=\"\">ZEISS Conquest V6 2-12&#215;50 \u00e4r det perfekta valet f\u00f6r j\u00e4gare som beh\u00f6ver ett p\u00e5litligt, exakt och h\u00e5llbart kikarsikte f\u00f6r b\u00e5de dags- och jakt i svagt ljus. Detta kikarsikte erbjuder exceptionell prestanda i alla situationer. <\/p>\n","protected":false},"excerpt":{"rendered":"<p>ZEISS Conquest V6 2-12&#215;50 \u2013 m\u00e5ngsidigt och h\u00f6gpresterande kikarsikte ZEISS Conquest V6 2-12&#215;50 kombinerar optisk prestanda i toppklass, h\u00e5llbarhet och m\u00e5ngsidighet. Dess breda f\u00f6rstoringsomr\u00e5de (2-12x) g\u00f6r det till ett utm\u00e4rkt val f\u00f6r b\u00e5de jakt p\u00e5 n\u00e4ra h\u00e5ll och p\u00e5 l\u00e5nga avst\u00e5nd. Objektivlinsen p\u00e5 50 mm s\u00e4kerst\u00e4ller utm\u00e4rkt ljusinsamlingsf\u00f6rm\u00e5ga, vilket ger en ljus och skarp bild [&#8230;]\n","protected":false},"featured_media":277032,"comment_status":"open","ping_status":"closed","template":"","meta":[],"product_brand":[],"product_cat":[2526],"product_tag":[],"class_list":{"0":"post-285757","1":"product","2":"type-product","3":"status-publish","4":"has-post-thumbnail","6":"product_cat-kikarsikten-och-optik","8":"first","9":"outofstock","10":"taxable","11":"shipping-taxable","12":"purchasable","13":"product-type-simple"},"composite_virtual":false,"composite_layout":"","composite_add_to_cart_form_location":"","composite_editable_in_cart":false,"composite_sold_individually_context":"","composite_shop_price_calc":"","composite_components":[],"composite_scenarios":[],"group_of_quantity":0,"min_quantity":0,"max_quantity":"","exclude_order_quantity_value_rules":"no","exclude_category_quantity_rules":"no","combine_variations":"no","exclude_global_add_ons":[],"addons":[],"_links":{"self":[{"href":"https:\/\/www.huntersfriend.eu\/sv\/wp-json\/wp\/v2\/product\/285757","targetHints":{"allow":["GET"]}}],"collection":[{"href":"https:\/\/www.huntersfriend.eu\/sv\/wp-json\/wp\/v2\/product"}],"about":[{"href":"https:\/\/www.huntersfriend.eu\/sv\/wp-json\/wp\/v2\/types\/product"}],"replies":[{"embeddable":true,"href":"https:\/\/www.huntersfriend.eu\/sv\/wp-json\/wp\/v2\/comments?post=285757"}],"wp:featuredmedia":[{"embeddable":true,"href":"https:\/\/www.huntersfriend.eu\/sv\/wp-json\/wp\/v2\/media\/277032"}],"wp:attachment":[{"href":"https:\/\/www.huntersfriend.eu\/sv\/wp-json\/wp\/v2\/media?parent=285757"}],"wp:term":[{"taxonomy":"product_brand","embeddable":true,"href":"https:\/\/www.huntersfriend.eu\/sv\/wp-json\/wp\/v2\/product_brand?post=285757"},{"taxonomy":"product_cat","embeddable":true,"href":"https:\/\/www.huntersfriend.eu\/sv\/wp-json\/wp\/v2\/product_cat?post=285757"},{"taxonomy":"product_tag","embeddable":true,"href":"https:\/\/www.huntersfriend.eu\/sv\/wp-json\/wp\/v2\/product_tag?post=285757"}],"curies":[{"name":"wp","href":"https:\/\/api.w.org\/{rel}","templated":true}]}}