{"id":285756,"date":"2025-02-28T10:29:28","date_gmt":"2025-02-28T08:29:28","guid":{"rendered":"https:\/\/www.huntersfriend.eu\/product\/hamskea-v2-epsilon\/"},"modified":"2026-03-26T13:45:48","modified_gmt":"2026-03-26T11:45:48","slug":"hamskea-v2-epsilon","status":"publish","type":"product","link":"https:\/\/www.huntersfriend.eu\/sv\/produkt\/hamskea-v2-epsilon\/","title":{"rendered":"Hamskea V2 epsilon"},"content":{"rendered":"<p>V2 Epsilon\u2122 kombinerar de b\u00e4sta funktionerna fr\u00e5n v\u00e5rt branschledande Everest\u2122-st\u00f6d med precisionskonstruktionen fr\u00e5n originalet Epsilon\u2122 f\u00f6r att leverera det ultimata inom tillf\u00f6rlitlighet och noggrannhet. Detta innovativa st\u00f6d \u00e4r designat f\u00f6r b\u00e5gskyttar som kr\u00e4ver h\u00f6gsta prestanda och \u00e4r byggt f\u00f6r att utm\u00e4rka sig b\u00e5de p\u00e5 banan och i f\u00e4lt. Viktiga funktioner i V2 Epsilon\u2122 inkluderar:  <\/p>\n<ul>\n<li><strong>Mikrojustering av avfyrningsmekanism:<\/strong> Finjustera din inst\u00e4llning med denna unika funktion som ocks\u00e5 finns i v\u00e5r Everest-modell.<\/li>\n<li><strong>F\u00f6rb\u00e4ttrad tillg\u00e4nglighet:<\/strong> Elevationsskruvarna \u00e4r l\u00e4ttare att komma \u00e5t, vilket g\u00f6r justeringarna snabbare och mer anv\u00e4ndarv\u00e4nliga.<\/li>\n<li><strong>Sladdkl\u00e4mma:<\/strong> F\u00f6renklar sladdinstallationen och s\u00e4kerst\u00e4ller en s\u00e4ker och p\u00e5litlig anslutning.<\/li>\n<li><strong>Stens\u00e4ker grund:<\/strong> Konstruerad f\u00f6r maximal stabilitet och h\u00e5llbarhet under alla f\u00f6rh\u00e5llanden.<\/li>\n<\/ul>\n<p>Ta ditt skytte till n\u00e4sta niv\u00e5 med V2 Epsilon\u2122 \u2013 st\u00f6det som anv\u00e4nds av b\u00e5gskyttar som v\u00e4grar att kompromissa. Funktioner: <\/p>\n<ul>\n<li>C.O.R.\u2122-monteringsteknik som placerar pilen i centruml\u00e4ge genom design<\/li>\n<li>En av Hamskeas mest kompakta plattformar hittills<\/li>\n<li>St\u00f6det \u00e4r i linje bakom stighylsan vilket eliminerar st\u00f6rningar fr\u00e5n kogret<\/li>\n<li>Detent-mikrojustering f\u00f6r ytterligare vind- och vertikaljusteringar<\/li>\n<li>Supers\u00e4kert och exakt picatinny-kl\u00e4msystem<\/li>\n<li>Konfigurerbar f\u00f6r aktivering via \u00f6vre lem, nedre lem eller kabel<\/li>\n<li>Eliminerar lateral axelr\u00f6relse med Zero Tolerance Technology (ZTT)<\/li>\n<li>Tre kullager i rostfritt st\u00e5l f\u00f6r maximal plattformsstabilitet<\/li>\n<li>Ljudeliminerande elastomerisk Rebound Dampener (patents\u00f6kt)<\/li>\n<li>Avfyrningsmekanismens torsionsfj\u00e4der och justering av avfyrningsmekanismens vinkel<\/li>\n<li>Delta V-pilguide och stighylsmonterad pilguide ing\u00e5r<\/li>\n<\/ul>\n","protected":false},"excerpt":{"rendered":"<p>V2 Epsilon\u2122 kombinerar de b\u00e4sta funktionerna fr\u00e5n v\u00e5rt branschledande Everest\u2122-st\u00f6d med precisionskonstruktionen fr\u00e5n originalet Epsilon\u2122 f\u00f6r att leverera det ultimata inom tillf\u00f6rlitlighet och noggrannhet. Detta innovativa st\u00f6d \u00e4r designat f\u00f6r b\u00e5gskyttar som kr\u00e4ver h\u00f6gsta prestanda och \u00e4r byggt f\u00f6r att utm\u00e4rka sig b\u00e5de p\u00e5 banan och i f\u00e4lt. Viktiga funktioner i V2 Epsilon\u2122 inkluderar: Mikrojustering [&#8230;]\n","protected":false},"featured_media":276598,"comment_status":"open","ping_status":"closed","template":"","meta":[],"product_brand":[],"product_cat":[2668,2765],"product_tag":[],"class_list":{"0":"post-285756","1":"product","2":"type-product","3":"status-publish","4":"has-post-thumbnail","6":"product_cat-compound-drop-away-hyllor","7":"product_cat-fyndlada-slutrea","9":"first","10":"instock","11":"sale","12":"taxable","13":"shipping-taxable","14":"purchasable","15":"product-type-variable","16":"has-default-attributes"},"composite_virtual":false,"composite_layout":"","composite_add_to_cart_form_location":"","composite_editable_in_cart":false,"composite_sold_individually_context":"","composite_shop_price_calc":"","composite_components":[],"composite_scenarios":[],"group_of_quantity":0,"min_quantity":0,"max_quantity":"","exclude_order_quantity_value_rules":"no","exclude_category_quantity_rules":"no","combine_variations":"no","exclude_global_add_ons":[],"addons":[],"_links":{"self":[{"href":"https:\/\/www.huntersfriend.eu\/sv\/wp-json\/wp\/v2\/product\/285756","targetHints":{"allow":["GET"]}}],"collection":[{"href":"https:\/\/www.huntersfriend.eu\/sv\/wp-json\/wp\/v2\/product"}],"about":[{"href":"https:\/\/www.huntersfriend.eu\/sv\/wp-json\/wp\/v2\/types\/product"}],"replies":[{"embeddable":true,"href":"https:\/\/www.huntersfriend.eu\/sv\/wp-json\/wp\/v2\/comments?post=285756"}],"wp:featuredmedia":[{"embeddable":true,"href":"https:\/\/www.huntersfriend.eu\/sv\/wp-json\/wp\/v2\/media\/276598"}],"wp:attachment":[{"href":"https:\/\/www.huntersfriend.eu\/sv\/wp-json\/wp\/v2\/media?parent=285756"}],"wp:term":[{"taxonomy":"product_brand","embeddable":true,"href":"https:\/\/www.huntersfriend.eu\/sv\/wp-json\/wp\/v2\/product_brand?post=285756"},{"taxonomy":"product_cat","embeddable":true,"href":"https:\/\/www.huntersfriend.eu\/sv\/wp-json\/wp\/v2\/product_cat?post=285756"},{"taxonomy":"product_tag","embeddable":true,"href":"https:\/\/www.huntersfriend.eu\/sv\/wp-json\/wp\/v2\/product_tag?post=285756"}],"curies":[{"name":"wp","href":"https:\/\/api.w.org\/{rel}","templated":true}]}}