{"id":285755,"date":"2025-02-27T22:28:13","date_gmt":"2025-02-27T20:28:13","guid":{"rendered":"https:\/\/www.huntersfriend.eu\/product\/zeiss-conquest-v4-4-16-x-44-kikarsikte\/"},"modified":"2025-08-26T10:46:47","modified_gmt":"2025-08-26T08:46:47","slug":"zeiss-conquest-v4-4-16-x-44-kikarsikte","status":"publish","type":"product","link":"https:\/\/www.huntersfriend.eu\/sv\/produkt\/zeiss-conquest-v4-4-16-x-44-kikarsikte\/","title":{"rendered":"ZEISS Conquest V4 4-16 x 44 kikarsikte"},"content":{"rendered":"<p data-start=\"0\" data-end=\"97\"><strong data-start=\"0\" data-end=\"97\">ZEISS Conquest V4 4-16&#215;44 \u2013 precision och m\u00e5ngsidighet f\u00f6r alla jakt- och skottsituationer<\/strong><\/p>\n<p data-start=\"99\" data-end=\"385\">ZEISS Conquest V4 4-16&#215;44 \u00e4r ett h\u00f6gpresterande kikarsikte som kombinerar exceptionell optik, precisa ballistiska justeringar och en h\u00e5llbar design. Detta sikte \u00e4r speciellt utformat f\u00f6r l\u00e5ngdistansjakt och precisionsskytte och levererar enast\u00e5ende prestanda under alla f\u00f6rh\u00e5llanden. <\/p>\n<p data-start=\"387\" data-end=\"795\">F\u00f6rstoringsintervallet 4-16x erbjuder m\u00e5ngsidighet f\u00f6r b\u00e5de skytte p\u00e5 n\u00e4ra och l\u00e5ngt h\u00e5ll, medan 44 mm objektivlinsen s\u00e4kerst\u00e4ller en ljus och tydlig bild. ZEISS avancerade T*-multibel\u00e4ggning f\u00f6rb\u00e4ttrar ljustransmissionen och LotuTec\u00ae-bel\u00e4ggningen skyddar linserna fr\u00e5n vatten och smuts. Den kompakta storleken och den l\u00e4tta designen g\u00f6r detta sikte till ett idealiskt val f\u00f6r mobil jakt och kr\u00e4vande skottsituationer.  <\/p>\n<p data-start=\"797\" data-end=\"825\"><strong data-start=\"797\" data-end=\"825\">Tekniska specifikationer<\/strong><\/p>\n<p data-start=\"827\" data-end=\"849\"><strong data-start=\"827\" data-end=\"847\">Optiska funktioner<\/strong><\/p>\n<ul data-start=\"850\" data-end=\"1132\">\n<li data-start=\"850\" data-end=\"874\">F\u00f6rstoring: 4-16x<\/li>\n<li data-start=\"875\" data-end=\"909\">Objektivlinsdiameter: 44 mm<\/li>\n<li data-start=\"910\" data-end=\"946\">Riktmedel: Belyst, 60 riktmedel<\/li>\n<li data-start=\"947\" data-end=\"988\">Klickv\u00e4rde: 1\/4 MOA (0,7 cm \/ 100 m)<\/li>\n<li data-start=\"989\" data-end=\"1041\">Synf\u00e4lt p\u00e5 100 m: 9,5 m (4x) \u2013 2,4 m (16x)<\/li>\n<li data-start=\"1042\" data-end=\"1063\">\u00d6gonavst\u00e5nd: 90 mm<\/li>\n<li data-start=\"1064\" data-end=\"1091\">Ljustransmission: 90 %<\/li>\n<li data-start=\"1092\" data-end=\"1132\">Parallaxjustering: 10 m \u2013 o\u00e4ndlighet<\/li>\n<\/ul>\n<p data-start=\"1134\" data-end=\"1167\"><strong data-start=\"1134\" data-end=\"1165\">Konstruktion och h\u00e5llbarhet<\/strong><\/p>\n<ul data-start=\"1168\" data-end=\"1442\">\n<li data-start=\"1168\" data-end=\"1200\">Kropp: Monolitisk, 30 mm tub<\/li>\n<li data-start=\"1201\" data-end=\"1219\">L\u00e4ngd: 356 mm<\/li>\n<li data-start=\"1220\" data-end=\"1237\">Vikt: 640 g<\/li>\n<li data-start=\"1238\" data-end=\"1291\">Linsbel\u00e4ggningar: LotuTec\u00ae &amp; ZEISS T* multi-bel\u00e4ggningar<\/li>\n<li data-start=\"1292\" data-end=\"1312\">Vattent\u00e4t: IP68<\/li>\n<li data-start=\"1313\" data-end=\"1362\">Fylld med kv\u00e4ve, imt\u00e4t och st\u00f6tt\u00e5lig<\/li>\n<li data-start=\"1363\" data-end=\"1442\">St\u00f6tt\u00e5lighet: Utformad f\u00f6r att t\u00e5la kraftig rekyl och extrema f\u00f6rh\u00e5llanden<\/li>\n<\/ul>\n<p data-start=\"1444\" data-end=\"2002\"><strong data-start=\"1444\" data-end=\"1460\">Viktiga funktioner<\/strong><br data-start=\"1460\" data-end=\"1463\">\u2714 Brett f\u00f6rstoringsintervall (4-16x) \u2013 L\u00e4mpligt f\u00f6r b\u00e5de medel- och l\u00e5ngdistansskytte.<br data-start=\"1549\" data-end=\"1552\">\u2714 44 mm objektivlins \u2013 Balanserar ljustransmission med en kompakt design.<br data-start=\"1627\" data-end=\"1630\">\u2714 Belyst riktmedel \u2013 Ger optimal sikt i alla ljusf\u00f6rh\u00e5llanden.<br data-start=\"1709\" data-end=\"1712\">\u2714 ZEISS avancerade optik \u2013 90 % ljustransmission s\u00e4kerst\u00e4ller en ljus och h\u00f6gkontrastbild.<br data-start=\"1804\" data-end=\"1807\">\u2714 Ballistiskt torn (ASV) \u2013 M\u00f6jligg\u00f6r exakta och snabba justeringar f\u00f6r skytte p\u00e5 l\u00e5nga avst\u00e5nd.<br data-start=\"1902\" data-end=\"1905\">\u2714 L\u00e4tt och h\u00e5llbar konstruktion \u2013 Perfekt f\u00f6r mobil jakt och kr\u00e4vande milj\u00f6er.<\/p>\n<p data-start=\"2004\" data-end=\"2026\"><strong data-start=\"2004\" data-end=\"2024\">Paketets inneh\u00e5ll<\/strong><\/p>\n<ul data-start=\"2027\" data-end=\"2149\">\n<li data-start=\"2027\" data-end=\"2067\">ZEISS Conquest V4 4-16&#215;44 kikarsikte<\/li>\n<li data-start=\"2068\" data-end=\"2083\">Linsskydd<\/li>\n<li data-start=\"2084\" data-end=\"2114\">Batterier f\u00f6r belysning<\/li>\n<li data-start=\"2115\" data-end=\"2133\">Putsduk<\/li>\n<li data-start=\"2134\" data-end=\"2149\">Anv\u00e4ndarmanual<\/li>\n<\/ul>\n<p data-start=\"2151\" data-end=\"2412\" data-is-last-node=\"\" data-is-only-node=\"\">ZEISS Conquest V4 4-16&#215;44 \u00e4r det perfekta valet f\u00f6r j\u00e4gare och precisionsskyttar som beh\u00f6ver ett p\u00e5litligt och m\u00e5ngsidigt kikarsikte. Kombinationen av f\u00f6rstklassig optik, ballistiska funktioner och h\u00e5llbarhet g\u00f6r det till en utm\u00e4rkt f\u00f6ljeslagare i alla skottsituationer. <\/p>\n","protected":false},"excerpt":{"rendered":"<p>ZEISS Conquest V4 4-16&#215;44 \u2013 precision och m\u00e5ngsidighet f\u00f6r alla jakt- och skottsituationer ZEISS Conquest V4 4-16&#215;44 \u00e4r ett h\u00f6gpresterande kikarsikte som kombinerar exceptionell optik, precisa ballistiska justeringar och en h\u00e5llbar design. Detta sikte \u00e4r speciellt utformat f\u00f6r l\u00e5ngdistansjakt och precisionsskytte och levererar enast\u00e5ende prestanda under alla f\u00f6rh\u00e5llanden. F\u00f6rstoringsintervallet 4-16x erbjuder m\u00e5ngsidighet f\u00f6r b\u00e5de skytte [&#8230;]\n","protected":false},"featured_media":277056,"comment_status":"open","ping_status":"closed","template":"","meta":[],"product_brand":[],"product_cat":[878],"product_tag":[],"class_list":{"0":"post-285755","1":"product","2":"type-product","3":"status-publish","4":"has-post-thumbnail","6":"product_cat-uncategorized-sv","8":"first","9":"outofstock","10":"taxable","11":"shipping-taxable","12":"purchasable","13":"product-type-simple"},"composite_virtual":false,"composite_layout":"","composite_add_to_cart_form_location":"","composite_editable_in_cart":false,"composite_sold_individually_context":"","composite_shop_price_calc":"","composite_components":[],"composite_scenarios":[],"group_of_quantity":0,"min_quantity":0,"max_quantity":"","exclude_order_quantity_value_rules":"no","exclude_category_quantity_rules":"no","combine_variations":"no","exclude_global_add_ons":[],"addons":[],"_links":{"self":[{"href":"https:\/\/www.huntersfriend.eu\/sv\/wp-json\/wp\/v2\/product\/285755","targetHints":{"allow":["GET"]}}],"collection":[{"href":"https:\/\/www.huntersfriend.eu\/sv\/wp-json\/wp\/v2\/product"}],"about":[{"href":"https:\/\/www.huntersfriend.eu\/sv\/wp-json\/wp\/v2\/types\/product"}],"replies":[{"embeddable":true,"href":"https:\/\/www.huntersfriend.eu\/sv\/wp-json\/wp\/v2\/comments?post=285755"}],"wp:featuredmedia":[{"embeddable":true,"href":"https:\/\/www.huntersfriend.eu\/sv\/wp-json\/wp\/v2\/media\/277056"}],"wp:attachment":[{"href":"https:\/\/www.huntersfriend.eu\/sv\/wp-json\/wp\/v2\/media?parent=285755"}],"wp:term":[{"taxonomy":"product_brand","embeddable":true,"href":"https:\/\/www.huntersfriend.eu\/sv\/wp-json\/wp\/v2\/product_brand?post=285755"},{"taxonomy":"product_cat","embeddable":true,"href":"https:\/\/www.huntersfriend.eu\/sv\/wp-json\/wp\/v2\/product_cat?post=285755"},{"taxonomy":"product_tag","embeddable":true,"href":"https:\/\/www.huntersfriend.eu\/sv\/wp-json\/wp\/v2\/product_tag?post=285755"}],"curies":[{"name":"wp","href":"https:\/\/api.w.org\/{rel}","templated":true}]}}