{"id":285754,"date":"2025-02-27T22:28:11","date_gmt":"2025-02-27T20:28:11","guid":{"rendered":"https:\/\/www.huntersfriend.eu\/product\/zeiss-conquest-v6-2-12-x-50-asv-h-kikarsikte\/"},"modified":"2025-08-26T10:46:47","modified_gmt":"2025-08-26T08:46:47","slug":"zeiss-conquest-v6-2-12-x-50-asv-h-kikarsikte","status":"publish","type":"product","link":"https:\/\/www.huntersfriend.eu\/sv\/produkt\/zeiss-conquest-v6-2-12-x-50-asv-h-kikarsikte\/","title":{"rendered":"ZEISS Conquest V6 2-12\u2005x\u200550 ASV h kikarsikte"},"content":{"rendered":"<p data-start=\"0\" data-end=\"74\"><strong data-start=\"0\" data-end=\"74\">ZEISS Conquest V6 2-12&#215;50 \u2013 m\u00e5ngsidigt och h\u00f6gpresterande kikarsikte<\/strong><\/p>\n<p data-start=\"76\" data-end=\"444\">ZEISS Conquest V6 2-12&#215;50 kombinerar optisk prestanda i toppklass, h\u00e5llbarhet och m\u00e5ngsidighet. Dess breda f\u00f6rstoringsomr\u00e5de (2-12x) g\u00f6r det till ett utm\u00e4rkt val f\u00f6r b\u00e5de jakt p\u00e5 n\u00e4ra h\u00e5ll och l\u00e5ngt avst\u00e5nd. 50 mm objektivlinsen s\u00e4kerst\u00e4ller exceptionell ljusinsamlingsf\u00f6rm\u00e5ga, vilket ger en ljus och tydlig bild \u00e4ven i svagt ljus och utmanande ljusf\u00f6rh\u00e5llanden.  <\/p>\n<p data-start=\"446\" data-end=\"745\">ZEISS avancerade T*-multibel\u00e4ggning maximerar ljustransmissionen (92 %), och LotuTec\u00ae-bel\u00e4ggningen skyddar linserna fr\u00e5n vatten och smuts. Det exakta belysta riktmedlet, den h\u00e5llbara konstruktionen och det anv\u00e4ndarv\u00e4nliga ballistiska tornet g\u00f6r detta kikarsikte till en p\u00e5litlig f\u00f6ljeslagare f\u00f6r alla typer av jaktsituationer. <\/p>\n<p data-start=\"747\" data-end=\"775\"><strong data-start=\"747\" data-end=\"775\">Tekniska specifikationer<\/strong><\/p>\n<p data-start=\"777\" data-end=\"798\"><strong data-start=\"777\" data-end=\"798\">Optiska funktioner:<\/strong><\/p>\n<ul data-start=\"799\" data-end=\"1074\">\n<li data-start=\"799\" data-end=\"821\">F\u00f6rstoring: 2-12x<\/li>\n<li data-start=\"822\" data-end=\"854\">Objektivlinsdiameter: 50 mm<\/li>\n<li data-start=\"855\" data-end=\"908\">Riktmedel: Belyst, finns i flera alternativ<\/li>\n<li data-start=\"909\" data-end=\"947\">Klickv\u00e4rde: 1 cm \/ 100 m (0,1 mrad)<\/li>\n<li data-start=\"948\" data-end=\"999\">Synf\u00e4lt p\u00e5 100 m: 20,5 m (2x) \u2013 3,4 m (12x)<\/li>\n<li data-start=\"1000\" data-end=\"1019\">\u00d6gonavst\u00e5nd: 92 mm<\/li>\n<li data-start=\"1020\" data-end=\"1045\">Ljustransmission: 92 %<\/li>\n<li data-start=\"1046\" data-end=\"1074\">Parallaxjustering: 100 m<\/li>\n<\/ul>\n<p data-start=\"1076\" data-end=\"1108\"><strong data-start=\"1076\" data-end=\"1108\">Konstruktion och h\u00e5llbarhet:<\/strong><\/p>\n<ul data-start=\"1109\" data-end=\"1387\">\n<li data-start=\"1109\" data-end=\"1138\">Kropp: Enkelt stycke, 30 mm tub<\/li>\n<li data-start=\"1139\" data-end=\"1155\">L\u00e4ngd: 335 mm<\/li>\n<li data-start=\"1156\" data-end=\"1171\">Vikt: 620 g<\/li>\n<li data-start=\"1172\" data-end=\"1223\">Linsbel\u00e4ggningar: LotuTec\u00ae &amp; ZEISS T* multibel\u00e4ggningar<\/li>\n<li data-start=\"1224\" data-end=\"1248\">Vattent\u00e5lighet: IP68<\/li>\n<li data-start=\"1249\" data-end=\"1301\">Fylld med kv\u00e4ve: Imt\u00e4t och st\u00f6tt\u00e5lig<\/li>\n<li data-start=\"1302\" data-end=\"1387\">St\u00f6tt\u00e5lighet: Utformad f\u00f6r att t\u00e5la kraftig rekyl och extrema v\u00e4derf\u00f6rh\u00e5llanden<\/li>\n<\/ul>\n<p data-start=\"1389\" data-end=\"1959\"><strong data-start=\"1389\" data-end=\"1406\">Viktiga funktioner:<\/strong> \u2714 Brett f\u00f6rstoringsomr\u00e5de (2-12x) \u2013 L\u00e4mplig f\u00f6r b\u00e5de jakt p\u00e5 n\u00e4ra h\u00e5ll och l\u00e5ngt avst\u00e5nd.<br data-start=\"1497\" data-end=\"1500\">\u2714 50 mm objektivlins \u2013 Utm\u00e4rkt ljusinsamlingsf\u00f6rm\u00e5ga f\u00f6r jakt i svagt ljus.<br data-start=\"1595\" data-end=\"1598\">\u2714 Belyst riktmedel \u2013 Garanterar optimal synlighet i alla ljusf\u00f6rh\u00e5llanden.<br data-start=\"1679\" data-end=\"1682\">\u2714 ZEISS avancerade optik \u2013 92 % ljustransmission f\u00f6r en ljus och kontrastrik bild.<br data-start=\"1768\" data-end=\"1771\">\u2714 Snabbt och exakt ballistiskt torn (ASV) \u2013 M\u00f6jligg\u00f6r exakta justeringar f\u00f6r skott p\u00e5 l\u00e5nga avst\u00e5nd.<br data-start=\"1865\" data-end=\"1868\">\u2714 H\u00e5llbar konstruktion \u2013 St\u00f6tt\u00e5lig, vattent\u00e4t och imt\u00e4t f\u00f6r alla v\u00e4derf\u00f6rh\u00e5llanden.<\/p>\n<p data-start=\"1961\" data-end=\"1982\"><strong data-start=\"1961\" data-end=\"1982\">Paketets inneh\u00e5ll:<\/strong><\/p>\n<ul data-start=\"1983\" data-end=\"2102\">\n<li data-start=\"1983\" data-end=\"2028\">ZEISS Conquest V6 2-12&#215;50 ASV H kikarsikte<\/li>\n<li data-start=\"2029\" data-end=\"2042\">Linsskydd<\/li>\n<li data-start=\"2043\" data-end=\"2071\">Batterier f\u00f6r belysning<\/li>\n<li data-start=\"2072\" data-end=\"2088\">Putsduk<\/li>\n<li data-start=\"2089\" data-end=\"2102\">Anv\u00e4ndarmanual<\/li>\n<\/ul>\n<p data-start=\"2104\" data-end=\"2315\" data-is-last-node=\"\" data-is-only-node=\"\">ZEISS Conquest V6 2-12&#215;50 \u00e4r det perfekta valet f\u00f6r j\u00e4gare som beh\u00f6ver ett p\u00e5litligt, exakt och h\u00e5llbart kikarsikte f\u00f6r b\u00e5de dag- och skymningsjakt. Detta kikarsikte levererar exceptionell prestanda i alla situationer. <\/p>\n","protected":false},"excerpt":{"rendered":"<p>ZEISS Conquest V6 2-12&#215;50 \u2013 m\u00e5ngsidigt och h\u00f6gpresterande kikarsikte ZEISS Conquest V6 2-12&#215;50 kombinerar optisk prestanda i toppklass, h\u00e5llbarhet och m\u00e5ngsidighet. Dess breda f\u00f6rstoringsomr\u00e5de (2-12x) g\u00f6r det till ett utm\u00e4rkt val f\u00f6r b\u00e5de jakt p\u00e5 n\u00e4ra h\u00e5ll och l\u00e5ngt avst\u00e5nd. 50 mm objektivlinsen s\u00e4kerst\u00e4ller exceptionell ljusinsamlingsf\u00f6rm\u00e5ga, vilket ger en ljus och tydlig bild \u00e4ven i [&#8230;]\n","protected":false},"featured_media":277016,"comment_status":"open","ping_status":"closed","template":"","meta":[],"product_brand":[],"product_cat":[2526],"product_tag":[],"class_list":{"0":"post-285754","1":"product","2":"type-product","3":"status-publish","4":"has-post-thumbnail","6":"product_cat-kikarsikten-och-optik","8":"first","9":"outofstock","10":"taxable","11":"shipping-taxable","12":"purchasable","13":"product-type-simple"},"composite_virtual":false,"composite_layout":"","composite_add_to_cart_form_location":"","composite_editable_in_cart":false,"composite_sold_individually_context":"","composite_shop_price_calc":"","composite_components":[],"composite_scenarios":[],"group_of_quantity":0,"min_quantity":0,"max_quantity":"","exclude_order_quantity_value_rules":"no","exclude_category_quantity_rules":"no","combine_variations":"no","exclude_global_add_ons":[],"addons":[],"_links":{"self":[{"href":"https:\/\/www.huntersfriend.eu\/sv\/wp-json\/wp\/v2\/product\/285754","targetHints":{"allow":["GET"]}}],"collection":[{"href":"https:\/\/www.huntersfriend.eu\/sv\/wp-json\/wp\/v2\/product"}],"about":[{"href":"https:\/\/www.huntersfriend.eu\/sv\/wp-json\/wp\/v2\/types\/product"}],"replies":[{"embeddable":true,"href":"https:\/\/www.huntersfriend.eu\/sv\/wp-json\/wp\/v2\/comments?post=285754"}],"wp:featuredmedia":[{"embeddable":true,"href":"https:\/\/www.huntersfriend.eu\/sv\/wp-json\/wp\/v2\/media\/277016"}],"wp:attachment":[{"href":"https:\/\/www.huntersfriend.eu\/sv\/wp-json\/wp\/v2\/media?parent=285754"}],"wp:term":[{"taxonomy":"product_brand","embeddable":true,"href":"https:\/\/www.huntersfriend.eu\/sv\/wp-json\/wp\/v2\/product_brand?post=285754"},{"taxonomy":"product_cat","embeddable":true,"href":"https:\/\/www.huntersfriend.eu\/sv\/wp-json\/wp\/v2\/product_cat?post=285754"},{"taxonomy":"product_tag","embeddable":true,"href":"https:\/\/www.huntersfriend.eu\/sv\/wp-json\/wp\/v2\/product_tag?post=285754"}],"curies":[{"name":"wp","href":"https:\/\/api.w.org\/{rel}","templated":true}]}}