{"id":285753,"date":"2025-02-27T22:28:10","date_gmt":"2025-02-27T20:28:10","guid":{"rendered":"https:\/\/www.huntersfriend.eu\/product\/zeiss-conquest-v6-1-1-6-x-24-kikarsikte\/"},"modified":"2025-08-26T10:46:45","modified_gmt":"2025-08-26T08:46:45","slug":"zeiss-conquest-v6-1-1-6-x-24-kikarsikte","status":"publish","type":"product","link":"https:\/\/www.huntersfriend.eu\/sv\/produkt\/zeiss-conquest-v6-1-1-6-x-24-kikarsikte\/","title":{"rendered":"ZEISS Conquest V6 1.1-6 x 24 kikarsikte"},"content":{"rendered":"<p data-start=\"0\" data-end=\"77\"><strong data-start=\"0\" data-end=\"77\">ZEISS Conquest V6 1.1-6&#215;24 \u2013 snabbt och exakt kikarsikte f\u00f6r korta avst\u00e5nd<\/strong><\/p>\n<p data-start=\"79\" data-end=\"345\">ZEISS Conquest V6 1.1-6&#215;24 \u00e4r ett premiumkikarsikte som \u00e4r speciellt utformat f\u00f6r drevjakt, smygjakt och taktiska till\u00e4mpningar. Dess breda synf\u00e4lt och utm\u00e4rkta optiska prestanda s\u00e4kerst\u00e4ller snabb m\u00e5lidentifiering och maximal noggrannhet, \u00e4ven vid r\u00f6rliga skott. <\/p>\n<p data-start=\"347\" data-end=\"701\">1,1x f\u00f6rstoringen m\u00f6jligg\u00f6r skytte med b\u00e5da \u00f6gonen \u00f6ppna, medan 6x f\u00f6rstoringen ger tillr\u00e4ckligt med precision f\u00f6r l\u00e4ngre avst\u00e5nd. ZEISS T*-multibel\u00e4ggning s\u00e4kerst\u00e4ller utm\u00e4rkt ljustransmission och kontrast i alla ljusf\u00f6rh\u00e5llanden, och LotuTec\u00ae-bel\u00e4ggningen st\u00f6ter bort vatten och smuts och h\u00e5ller linserna klara \u00e4ven i utmanande v\u00e4derf\u00f6rh\u00e5llanden. <\/p>\n<p data-start=\"703\" data-end=\"731\"><strong data-start=\"703\" data-end=\"731\">Tekniska specifikationer<\/strong><\/p>\n<p data-start=\"733\" data-end=\"754\"><strong data-start=\"733\" data-end=\"754\">Optiska funktioner:<\/strong><\/p>\n<ul data-start=\"755\" data-end=\"1032\">\n<li data-start=\"755\" data-end=\"778\">F\u00f6rstoring: 1,1-6x<\/li>\n<li data-start=\"779\" data-end=\"811\">Objektivlinsdiameter: 24 mm<\/li>\n<li data-start=\"812\" data-end=\"865\">Riktmedel: Belyst, finns i flera alternativ<\/li>\n<li data-start=\"866\" data-end=\"904\">Klickv\u00e4rde: 1 cm \/ 100 m (0,1 mrad)<\/li>\n<li data-start=\"905\" data-end=\"957\">Synf\u00e4lt p\u00e5 100 m: 38,1 m (1,1x) \u2013 6,6 m (6x)<\/li>\n<li data-start=\"958\" data-end=\"977\">\u00d6gonavst\u00e5nd: 92 mm<\/li>\n<li data-start=\"978\" data-end=\"1003\">Ljustransmission: 92 %<\/li>\n<li data-start=\"1004\" data-end=\"1032\">Parallaxjustering: 100 m<\/li>\n<\/ul>\n<p data-start=\"1034\" data-end=\"1066\"><strong data-start=\"1034\" data-end=\"1066\">Konstruktion och h\u00e5llbarhet:<\/strong><\/p>\n<ul data-start=\"1067\" data-end=\"1345\">\n<li data-start=\"1067\" data-end=\"1096\">Kropp: Enkelt stycke, 30 mm tub<\/li>\n<li data-start=\"1097\" data-end=\"1113\">L\u00e4ngd: 290 mm<\/li>\n<li data-start=\"1114\" data-end=\"1129\">Vikt: 505 g<\/li>\n<li data-start=\"1130\" data-end=\"1181\">Linsbel\u00e4ggningar: LotuTec\u00ae &amp; ZEISS T*-multibel\u00e4ggningar<\/li>\n<li data-start=\"1182\" data-end=\"1206\">Vattent\u00e5lighet: IP68<\/li>\n<li data-start=\"1207\" data-end=\"1259\">Fylld med kv\u00e4ve: Imt\u00e4t och st\u00f6tt\u00e5lig<\/li>\n<li data-start=\"1260\" data-end=\"1345\">St\u00f6tt\u00e5lighet: Utformad f\u00f6r att t\u00e5la kraftig rekyl och extrema v\u00e4derf\u00f6rh\u00e5llanden<\/li>\n<\/ul>\n<p data-start=\"1347\" data-end=\"1896\"><strong data-start=\"1347\" data-end=\"1364\">Viktiga funktioner:<\/strong> \u2714 Brett synf\u00e4lt (38,1 m @ 100 m) \u2013 S\u00e4kerst\u00e4ller snabb och exakt m\u00e5lidentifiering.<br data-start=\"1451\" data-end=\"1454\">\u2714 1,1x f\u00f6rstoring \u2013 M\u00f6jligg\u00f6r skytte med b\u00e5da \u00f6gonen \u00f6ppna, vilket f\u00f6rb\u00e4ttrar reaktionstiden.<br data-start=\"1539\" data-end=\"1542\">\u2714 6x f\u00f6rstoring \u2013 Ger tillr\u00e4cklig precision f\u00f6r l\u00e4ngre avst\u00e5nd.<br data-start=\"1614\" data-end=\"1617\">\u2714 Belyst riktmedel \u2013 Garanterar optimal sikt i alla ljusf\u00f6rh\u00e5llanden.<br data-start=\"1698\" data-end=\"1701\">\u2714 ZEISS avancerade optik \u2013 92 % ljustransmission f\u00f6r ljusa, kontrastrika bilder, \u00e4ven i svagt ljus.<br data-start=\"1802\" data-end=\"1805\">\u2714 H\u00e5llbar konstruktion \u2013 St\u00f6tt\u00e5lig, vattent\u00e4t och imt\u00e4t f\u00f6r alla v\u00e4derf\u00f6rh\u00e5llanden.<\/p>\n<p data-start=\"1898\" data-end=\"1919\"><strong data-start=\"1898\" data-end=\"1919\">Paketets inneh\u00e5ll:<\/strong><\/p>\n<ul data-start=\"1920\" data-end=\"2034\">\n<li data-start=\"1920\" data-end=\"1960\">ZEISS Conquest V6 1.1-6&#215;24 kikarsikte<\/li>\n<li data-start=\"1961\" data-end=\"1974\">Linsskydd<\/li>\n<li data-start=\"1975\" data-end=\"2003\">Batterier f\u00f6r belysning<\/li>\n<li data-start=\"2004\" data-end=\"2020\">Putsduk<\/li>\n<li data-start=\"2021\" data-end=\"2034\">Anv\u00e4ndarmanual<\/li>\n<\/ul>\n<p data-start=\"2036\" data-end=\"2265\" data-is-last-node=\"\" data-is-only-node=\"\">ZEISS Conquest V6 1.1-6&#215;24 \u00e4r det perfekta valet f\u00f6r j\u00e4gare och skyttar som beh\u00f6ver ett snabbt, exakt och h\u00e5llbart kikarsikte f\u00f6r snabba situationer. Detta kikarsikte kombinerar f\u00f6rstklassig optik med p\u00e5litlig prestanda i alla f\u00f6rh\u00e5llanden. <\/p>\n","protected":false},"excerpt":{"rendered":"<p>ZEISS Conquest V6 1.1-6&#215;24 \u2013 snabbt och exakt kikarsikte f\u00f6r korta avst\u00e5nd ZEISS Conquest V6 1.1-6&#215;24 \u00e4r ett premiumkikarsikte som \u00e4r speciellt utformat f\u00f6r drevjakt, smygjakt och taktiska till\u00e4mpningar. Dess breda synf\u00e4lt och utm\u00e4rkta optiska prestanda s\u00e4kerst\u00e4ller snabb m\u00e5lidentifiering och maximal noggrannhet, \u00e4ven vid r\u00f6rliga skott. 1,1x f\u00f6rstoringen m\u00f6jligg\u00f6r skytte med b\u00e5da \u00f6gonen \u00f6ppna, medan [&#8230;]\n","protected":false},"featured_media":276997,"comment_status":"open","ping_status":"closed","template":"","meta":[],"product_brand":[],"product_cat":[2526],"product_tag":[],"class_list":{"0":"post-285753","1":"product","2":"type-product","3":"status-publish","4":"has-post-thumbnail","6":"product_cat-kikarsikten-och-optik","8":"first","9":"outofstock","10":"taxable","11":"shipping-taxable","12":"purchasable","13":"product-type-simple"},"composite_virtual":false,"composite_layout":"","composite_add_to_cart_form_location":"","composite_editable_in_cart":false,"composite_sold_individually_context":"","composite_shop_price_calc":"","composite_components":[],"composite_scenarios":[],"group_of_quantity":0,"min_quantity":0,"max_quantity":"","exclude_order_quantity_value_rules":"no","exclude_category_quantity_rules":"no","combine_variations":"no","exclude_global_add_ons":[],"addons":[],"_links":{"self":[{"href":"https:\/\/www.huntersfriend.eu\/sv\/wp-json\/wp\/v2\/product\/285753","targetHints":{"allow":["GET"]}}],"collection":[{"href":"https:\/\/www.huntersfriend.eu\/sv\/wp-json\/wp\/v2\/product"}],"about":[{"href":"https:\/\/www.huntersfriend.eu\/sv\/wp-json\/wp\/v2\/types\/product"}],"replies":[{"embeddable":true,"href":"https:\/\/www.huntersfriend.eu\/sv\/wp-json\/wp\/v2\/comments?post=285753"}],"wp:featuredmedia":[{"embeddable":true,"href":"https:\/\/www.huntersfriend.eu\/sv\/wp-json\/wp\/v2\/media\/276997"}],"wp:attachment":[{"href":"https:\/\/www.huntersfriend.eu\/sv\/wp-json\/wp\/v2\/media?parent=285753"}],"wp:term":[{"taxonomy":"product_brand","embeddable":true,"href":"https:\/\/www.huntersfriend.eu\/sv\/wp-json\/wp\/v2\/product_brand?post=285753"},{"taxonomy":"product_cat","embeddable":true,"href":"https:\/\/www.huntersfriend.eu\/sv\/wp-json\/wp\/v2\/product_cat?post=285753"},{"taxonomy":"product_tag","embeddable":true,"href":"https:\/\/www.huntersfriend.eu\/sv\/wp-json\/wp\/v2\/product_tag?post=285753"}],"curies":[{"name":"wp","href":"https:\/\/api.w.org\/{rel}","templated":true}]}}