{"id":285752,"date":"2025-02-20T10:02:36","date_gmt":"2025-02-20T08:02:36","guid":{"rendered":"https:\/\/www.huntersfriend.eu\/product\/hawk-speed-retract-hissanordning-rulle\/"},"modified":"2025-08-26T10:46:44","modified_gmt":"2025-08-26T08:46:44","slug":"hawk-speed-retract-hissanordning-rulle","status":"publish","type":"product","link":"https:\/\/www.huntersfriend.eu\/sv\/produkt\/hawk-speed-retract-hissanordning-rulle\/","title":{"rendered":"Hawk speed retract hissanordning Rulle"},"content":{"rendered":"<p><strong>KOMPAKT OCH TRASSELFRI F\u00d6RVARING<br \/>\n<\/strong>Undvik frustrerande knutar och trassel! Speed Retract\u2122-rullen anv\u00e4nder en 5X snabbare \u00e5terspolning med 5:1-utv\u00e4xling f\u00f6r supersnabb och bekv\u00e4m f\u00f6rvaring av hisslinan. Kompakt, smal design som passar i handen och har enkla GearTie\u00ae-f\u00e4sten i b\u00e5da \u00e4ndar. F\u00e4st rullen i b\u00e4ltet n\u00e4r du kl\u00e4ttrar och sedan i stativet eller en n\u00e4rliggande gren n\u00e4r du \u00e4r i tr\u00e4det f\u00f6r ultimat bekv\u00e4mlighet och s\u00e4kerhet.   <\/p>\n<p><strong>&#8211; 5X SNABBARE \u00c5TERSPOLNING <\/strong>F\u00f6rvarar snabbt 30\u2019 hisslina<\/p>\n<p><strong>&#8211; EZ-TWIST GEARTIE\u00ae <\/strong>P\u00e5 b\u00e5de rulle och hisslina ger snabb, tyst och m\u00e5ngsidig fasts\u00e4ttning<\/p>\n<p><strong>&#8211; SILENT-GRIP\u2122-BELAGD RULLE <\/strong>F\u00f6rebygger buller och \u00e4r kompakt f\u00f6r packning<\/p>\n<ul>\n<li>Trasselfri flat lina<\/li>\n<li>40 LBS viktkapacitet<\/li>\n<\/ul>\n","protected":false},"excerpt":{"rendered":"<p>KOMPAKT OCH TRASSELFRI F\u00d6RVARING Undvik frustrerande knutar och trassel! Speed Retract\u2122-rullen anv\u00e4nder en 5X snabbare \u00e5terspolning med 5:1-utv\u00e4xling f\u00f6r supersnabb och bekv\u00e4m f\u00f6rvaring av hisslinan. Kompakt, smal design som passar i handen och har enkla GearTie\u00ae-f\u00e4sten i b\u00e5da \u00e4ndar. F\u00e4st rullen i b\u00e4ltet n\u00e4r du kl\u00e4ttrar och sedan i stativet eller en n\u00e4rliggande gren n\u00e4r [&#8230;]\n","protected":false},"featured_media":277222,"comment_status":"open","ping_status":"closed","template":"","meta":[],"product_brand":[],"product_cat":[2765,2563],"product_tag":[],"class_list":{"0":"post-285752","1":"product","2":"type-product","3":"status-publish","4":"has-post-thumbnail","6":"product_cat-fyndlada-slutrea","7":"product_cat-tillbehor-for-jakt-torn-och-gomslen","9":"first","10":"instock","11":"sale","12":"featured","13":"taxable","14":"shipping-taxable","15":"purchasable","16":"product-type-simple"},"composite_virtual":false,"composite_layout":"","composite_add_to_cart_form_location":"","composite_editable_in_cart":false,"composite_sold_individually_context":"","composite_shop_price_calc":"","composite_components":[],"composite_scenarios":[],"group_of_quantity":0,"min_quantity":0,"max_quantity":"","exclude_order_quantity_value_rules":"no","exclude_category_quantity_rules":"no","combine_variations":"no","exclude_global_add_ons":[],"addons":[],"_links":{"self":[{"href":"https:\/\/www.huntersfriend.eu\/sv\/wp-json\/wp\/v2\/product\/285752","targetHints":{"allow":["GET"]}}],"collection":[{"href":"https:\/\/www.huntersfriend.eu\/sv\/wp-json\/wp\/v2\/product"}],"about":[{"href":"https:\/\/www.huntersfriend.eu\/sv\/wp-json\/wp\/v2\/types\/product"}],"replies":[{"embeddable":true,"href":"https:\/\/www.huntersfriend.eu\/sv\/wp-json\/wp\/v2\/comments?post=285752"}],"wp:featuredmedia":[{"embeddable":true,"href":"https:\/\/www.huntersfriend.eu\/sv\/wp-json\/wp\/v2\/media\/277222"}],"wp:attachment":[{"href":"https:\/\/www.huntersfriend.eu\/sv\/wp-json\/wp\/v2\/media?parent=285752"}],"wp:term":[{"taxonomy":"product_brand","embeddable":true,"href":"https:\/\/www.huntersfriend.eu\/sv\/wp-json\/wp\/v2\/product_brand?post=285752"},{"taxonomy":"product_cat","embeddable":true,"href":"https:\/\/www.huntersfriend.eu\/sv\/wp-json\/wp\/v2\/product_cat?post=285752"},{"taxonomy":"product_tag","embeddable":true,"href":"https:\/\/www.huntersfriend.eu\/sv\/wp-json\/wp\/v2\/product_tag?post=285752"}],"curies":[{"name":"wp","href":"https:\/\/api.w.org\/{rel}","templated":true}]}}