{"id":285751,"date":"2025-02-27T21:42:57","date_gmt":"2025-02-27T19:42:57","guid":{"rendered":"https:\/\/www.huntersfriend.eu\/product\/zeiss-v8-2-8-20x56-kikarsikte\/"},"modified":"2025-08-26T10:46:44","modified_gmt":"2025-08-26T08:46:44","slug":"zeiss-v8-2-8-20x56-kikarsikte","status":"publish","type":"product","link":"https:\/\/www.huntersfriend.eu\/sv\/produkt\/zeiss-v8-2-8-20x56-kikarsikte\/","title":{"rendered":"ZEISS V8 2.8-20&#215;56 kikarsikte"},"content":{"rendered":"<article class=\"w-full text-token-text-primary focus-visible:outline-2 focus-visible:outline-offset-[-4px]\" dir=\"auto\" data-testid=\"conversation-turn-9\" data-scroll-anchor=\"true\">\n<div class=\"text-base my-auto mx-auto py-[18px] px-6\">\n<div class=\"mx-auto flex flex-1 text-base gap-4 md:gap-5 lg:gap-6 md:max-w-3xl\">\n<div class=\"group\/conversation-turn relative flex w-full min-w-0 flex-col agent-turn @xs\/thread:px-0 @sm\/thread:px-1.5 @md\/thread:px-4\">\n<div class=\"flex-col gap-1 md:gap-3\">\n<div class=\"flex max-w-full flex-col flex-grow\">\n<div class=\"min-h-8 text-message relative flex w-full flex-col items-end gap-2 whitespace-normal break-words text-start [.text-message+&amp;]:mt-5\" dir=\"auto\" data-message-author-role=\"assistant\" data-message-id=\"ef0912e5-901d-408a-9125-e44aebeced70\" data-message-model-slug=\"gpt-4o-mini\">\n<div class=\"flex w-full flex-col gap-1 empty:hidden first:pt-[3px]\">\n<div class=\"markdown prose w-full break-words dark:prose-invert light\">\n<p data-start=\"0\" data-end=\"80\"><strong data-start=\"0\" data-end=\"80\">ZEISS V8 2.8-20&#215;56 \u2013 f\u00f6rstklassigt allround-kikarsikte f\u00f6r l\u00e5ngdistansskytte<\/strong><\/p>\n<p data-start=\"82\" data-end=\"407\">ZEISS V8 2.8-20&#215;56 \u00e4r ett av de mest avancerade kikarsiktena p\u00e5 marknaden och kombinerar toppmodern optik, ett brett f\u00f6rstoringsomr\u00e5de och innovativa funktioner. Detta kikarsikte \u00e4r speciellt utformat f\u00f6r j\u00e4gare och precisionsskyttar som kr\u00e4ver exceptionell prestanda i alla ljusf\u00f6rh\u00e5llanden \u2013 fr\u00e5n dagsljus till skymning. <\/p>\n<p data-start=\"409\" data-end=\"693\">Dess m\u00e5ngsidiga 2,8\u201320x f\u00f6rstoringsomr\u00e5de erbjuder flexibilitet f\u00f6r b\u00e5de skytte p\u00e5 n\u00e4ra h\u00e5ll och precisionsskytte p\u00e5 l\u00e5nga avst\u00e5nd. Den stora 56 mm objektivlinsen och ZEISS avancerade T*-multibel\u00e4ggning s\u00e4kerst\u00e4ller exceptionell ljustransmission (92 %) vilket ger en ljus och skarp bild \u00e4ven i svagt ljus. <\/p>\n<p data-start=\"695\" data-end=\"723\"><strong data-start=\"695\" data-end=\"723\">Tekniska specifikationer<\/strong><\/p>\n<p data-start=\"725\" data-end=\"746\"><strong data-start=\"725\" data-end=\"746\">Optiska funktioner:<\/strong><\/p>\n<ul data-start=\"747\" data-end=\"1017\">\n<li data-start=\"747\" data-end=\"771\">F\u00f6rstoring: 2,8\u201320x<\/li>\n<li data-start=\"772\" data-end=\"804\">Objektivlinsdiameter: 56 mm<\/li>\n<li data-start=\"805\" data-end=\"839\">Riktmedel: Belyst, riktmedel 60<\/li>\n<li data-start=\"840\" data-end=\"878\">Klickv\u00e4rde: 1 cm \/ 100 m (0,1 mrad)<\/li>\n<li data-start=\"879\" data-end=\"932\">Synf\u00e4lt p\u00e5 100 m: 15,5 m (2,8x) \u2013 2,1 m (20x)<\/li>\n<li data-start=\"933\" data-end=\"952\">\u00d6gonavst\u00e5nd: 92 mm<\/li>\n<li data-start=\"953\" data-end=\"978\">Ljustransmission: 92 %<\/li>\n<li data-start=\"979\" data-end=\"1017\">Parallaxjustering: 50 m \u2013 o\u00e4ndlighet<\/li>\n<\/ul>\n<p data-start=\"1019\" data-end=\"1051\"><strong data-start=\"1019\" data-end=\"1051\">Konstruktion och h\u00e5llbarhet:<\/strong><\/p>\n<ul data-start=\"1052\" data-end=\"1330\">\n<li data-start=\"1052\" data-end=\"1081\">Kropp: Enkelt stycke, 30 mm tub<\/li>\n<li data-start=\"1082\" data-end=\"1098\">L\u00e4ngd: 350 mm<\/li>\n<li data-start=\"1099\" data-end=\"1114\">Vikt: 830 g<\/li>\n<li data-start=\"1115\" data-end=\"1166\">Linsbel\u00e4ggningar: LotuTec\u00ae &amp; ZEISS T* multi-coatings<\/li>\n<li data-start=\"1167\" data-end=\"1191\">Vattent\u00e5lighet: IP68<\/li>\n<li data-start=\"1192\" data-end=\"1244\">Fylld med kv\u00e4ve: Imt\u00e4t och st\u00f6tt\u00e5lig<\/li>\n<li data-start=\"1245\" data-end=\"1330\">St\u00f6tt\u00e5lighet: Utformad f\u00f6r att t\u00e5la kraftig rekyl och extrema v\u00e4derf\u00f6rh\u00e5llanden<\/li>\n<\/ul>\n<p data-start=\"1332\" data-end=\"2031\"><strong data-start=\"1332\" data-end=\"1349\">Viktiga funktioner:<\/strong> \u2714 Brett f\u00f6rstoringsomr\u00e5de (2,8\u201320x) \u2013 Perfekt f\u00f6r b\u00e5de r\u00f6rlig jakt och precisionsskytte p\u00e5 l\u00e5nga avst\u00e5nd.<br data-start=\"1460\" data-end=\"1463\">\u2714 56 mm objektivlins \u2013 Maximerar ljusinsamlingsf\u00f6rm\u00e5gan och m\u00f6jligg\u00f6r jakt \u00e4ven i svagt ljus.<br data-start=\"1577\" data-end=\"1580\">\u2714 Belyst riktmedel \u2013 Automatiskt justerande belysning s\u00e4kerst\u00e4ller optimal synlighet i alla ljusf\u00f6rh\u00e5llanden.<br data-start=\"1695\" data-end=\"1698\">\u2714 Exceptionell ljustransmission (92 %) \u2013 ZEISS avancerade optik levererar en ljus, skarp bild i alla v\u00e4derf\u00f6rh\u00e5llanden.<br data-start=\"1819\" data-end=\"1822\">\u2714 Snabb och exakt ballistiktorn (ASV) \u2013 M\u00f6jligg\u00f6r snabba och exakta justeringar f\u00f6r l\u00e5ngdistansskott.<br data-start=\"1926\" data-end=\"1929\">\u2714 Robust och l\u00e4tt konstruktion \u2013 Utformad f\u00f6r att t\u00e5la extrema f\u00f6rh\u00e5llanden utan kompromisser.<\/p>\n<p data-start=\"2033\" data-end=\"2054\"><strong data-start=\"2033\" data-end=\"2054\">Paketets inneh\u00e5ll:<\/strong><\/p>\n<ul data-start=\"2055\" data-end=\"2161\">\n<li data-start=\"2055\" data-end=\"2087\">ZEISS V8 2.8-20&#215;56 kikarsikte<\/li>\n<li data-start=\"2088\" data-end=\"2101\">Linsskydd<\/li>\n<li data-start=\"2102\" data-end=\"2130\">Batterier f\u00f6r belysning<\/li>\n<li data-start=\"2131\" data-end=\"2147\">Putsduk<\/li>\n<li data-start=\"2148\" data-end=\"2161\">Anv\u00e4ndarmanual<\/li>\n<\/ul>\n<p data-start=\"2163\" data-end=\"2384\" data-is-last-node=\"\" data-is-only-node=\"\">ZEISS V8 2.8-20&#215;56 \u00e4r det perfekta valet f\u00f6r j\u00e4gare och skyttar som kr\u00e4ver absolut topprestanda fr\u00e5n sin kikarsiktesoptik. Detta kikarsikte erbjuder o\u00f6vertr\u00e4ffad precision, h\u00e5llbarhet och m\u00e5ngsidighet i alla situationer. <\/p>\n<\/div>\n<\/div>\n<\/div>\n<\/div>\n<\/div>\n<\/div>\n<\/div>\n<\/div>\n<\/article>\n","protected":false},"excerpt":{"rendered":"<p>ZEISS V8 2.8-20&#215;56 \u2013 f\u00f6rstklassigt allround-kikarsikte f\u00f6r l\u00e5ngdistansskytte ZEISS V8 2.8-20&#215;56 \u00e4r ett av de mest avancerade kikarsiktena p\u00e5 marknaden och kombinerar toppmodern optik, ett brett f\u00f6rstoringsomr\u00e5de och innovativa funktioner. Detta kikarsikte \u00e4r speciellt utformat f\u00f6r j\u00e4gare och precisionsskyttar som kr\u00e4ver exceptionell prestanda i alla ljusf\u00f6rh\u00e5llanden \u2013 fr\u00e5n dagsljus till skymning. Dess m\u00e5ngsidiga 2,8\u201320x f\u00f6rstoringsomr\u00e5de [&#8230;]\n","protected":false},"featured_media":276982,"comment_status":"open","ping_status":"closed","template":"","meta":[],"product_brand":[],"product_cat":[2526],"product_tag":[],"class_list":{"0":"post-285751","1":"product","2":"type-product","3":"status-publish","4":"has-post-thumbnail","6":"product_cat-kikarsikten-och-optik","8":"first","9":"outofstock","10":"taxable","11":"shipping-taxable","12":"purchasable","13":"product-type-simple"},"composite_virtual":false,"composite_layout":"","composite_add_to_cart_form_location":"","composite_editable_in_cart":false,"composite_sold_individually_context":"","composite_shop_price_calc":"","composite_components":[],"composite_scenarios":[],"group_of_quantity":0,"min_quantity":0,"max_quantity":"","exclude_order_quantity_value_rules":"no","exclude_category_quantity_rules":"no","combine_variations":"no","exclude_global_add_ons":[],"addons":[],"_links":{"self":[{"href":"https:\/\/www.huntersfriend.eu\/sv\/wp-json\/wp\/v2\/product\/285751","targetHints":{"allow":["GET"]}}],"collection":[{"href":"https:\/\/www.huntersfriend.eu\/sv\/wp-json\/wp\/v2\/product"}],"about":[{"href":"https:\/\/www.huntersfriend.eu\/sv\/wp-json\/wp\/v2\/types\/product"}],"replies":[{"embeddable":true,"href":"https:\/\/www.huntersfriend.eu\/sv\/wp-json\/wp\/v2\/comments?post=285751"}],"wp:featuredmedia":[{"embeddable":true,"href":"https:\/\/www.huntersfriend.eu\/sv\/wp-json\/wp\/v2\/media\/276982"}],"wp:attachment":[{"href":"https:\/\/www.huntersfriend.eu\/sv\/wp-json\/wp\/v2\/media?parent=285751"}],"wp:term":[{"taxonomy":"product_brand","embeddable":true,"href":"https:\/\/www.huntersfriend.eu\/sv\/wp-json\/wp\/v2\/product_brand?post=285751"},{"taxonomy":"product_cat","embeddable":true,"href":"https:\/\/www.huntersfriend.eu\/sv\/wp-json\/wp\/v2\/product_cat?post=285751"},{"taxonomy":"product_tag","embeddable":true,"href":"https:\/\/www.huntersfriend.eu\/sv\/wp-json\/wp\/v2\/product_tag?post=285751"}],"curies":[{"name":"wp","href":"https:\/\/api.w.org\/{rel}","templated":true}]}}