{"id":285750,"date":"2025-02-20T10:02:24","date_gmt":"2025-02-20T08:02:24","guid":{"rendered":"https:\/\/www.huntersfriend.eu\/product\/kamerahallare-for-mobiltelefon-muddy-bow\/"},"modified":"2026-03-18T22:00:14","modified_gmt":"2026-03-18T20:00:14","slug":"kamerahallare-for-mobiltelefon-muddy-bow","status":"publish","type":"product","link":"https:\/\/www.huntersfriend.eu\/sv\/produkt\/kamerahallare-for-mobiltelefon-muddy-bow\/","title":{"rendered":"Kamerah\u00e5llare f\u00f6r mobiltelefon, Muddy bow"},"content":{"rendered":"<p>Nu kan du f\u00e5nga allt som ing\u00e5r i att f\u00e5 och ta det perfekta skottet \u2013 handsfree. Denna kamerah\u00e5llare har ocks\u00e5 ett kulledsf\u00e4ste f\u00f6r obegr\u00e4nsade kamerapositioner. Kompatibel med de flesta mobiltelefonmodeller, samt alla \u00bc&#8221;-kameror. F\u00e4sts enkelt p\u00e5 antingen v\u00e4nster eller h\u00f6ger sida av valfri compoundb\u00e5ge.   <\/p>\n<div class=\"O0\">\u2022 Designad f\u00f6r att anv\u00e4ndas med eller utan telefonh\u00e5llaren, den fungerar med de flesta telefoner eller valfri 1\/4&#8243;-kamera<\/div>\n<div class=\"O0\">\u2022 Kamerah\u00e5llaren f\u00f6r b\u00e5ge kan enkelt monteras p\u00e5 antingen v\u00e4nster eller h\u00f6ger sida av valfri b\u00e5ge<\/div>\n<div class=\"O0\">\u2022 Denna kamerah\u00e5llare har ocks\u00e5 ett kulledsf\u00e4ste f\u00f6r obegr\u00e4nsade kamerapositioner, f\u00f6r att f\u00e5nga det perfekta skottet<\/div>\n","protected":false},"excerpt":{"rendered":"<p>Nu kan du f\u00e5nga allt som ing\u00e5r i att f\u00e5 och ta det perfekta skottet \u2013 handsfree. Denna kamerah\u00e5llare har ocks\u00e5 ett kulledsf\u00e4ste f\u00f6r obegr\u00e4nsade kamerapositioner. Kompatibel med de flesta mobiltelefonmodeller, samt alla \u00bc&#8221;-kameror. F\u00e4sts enkelt p\u00e5 antingen v\u00e4nster eller h\u00f6ger sida av valfri compoundb\u00e5ge. \u2022 Designad f\u00f6r att anv\u00e4ndas med eller utan telefonh\u00e5llaren, den [&#8230;]\n","protected":false},"featured_media":277225,"comment_status":"open","ping_status":"closed","template":"","meta":[],"product_brand":[],"product_cat":[2633,2765,2563,2656],"product_tag":[],"class_list":{"0":"post-285750","1":"product","2":"type-product","3":"status-publish","4":"has-post-thumbnail","6":"product_cat-diverse-bagskytte","7":"product_cat-fyndlada-slutrea","8":"product_cat-tillbehor-for-jakt-torn-och-gomslen","9":"product_cat-verktyg-och-diverse-bagskytte","11":"first","12":"instock","13":"sale","14":"taxable","15":"shipping-taxable","16":"purchasable","17":"product-type-simple"},"composite_virtual":false,"composite_layout":"","composite_add_to_cart_form_location":"","composite_editable_in_cart":false,"composite_sold_individually_context":"","composite_shop_price_calc":"","composite_components":[],"composite_scenarios":[],"group_of_quantity":0,"min_quantity":0,"max_quantity":"","exclude_order_quantity_value_rules":"no","exclude_category_quantity_rules":"no","combine_variations":"no","exclude_global_add_ons":[],"addons":[],"_links":{"self":[{"href":"https:\/\/www.huntersfriend.eu\/sv\/wp-json\/wp\/v2\/product\/285750","targetHints":{"allow":["GET"]}}],"collection":[{"href":"https:\/\/www.huntersfriend.eu\/sv\/wp-json\/wp\/v2\/product"}],"about":[{"href":"https:\/\/www.huntersfriend.eu\/sv\/wp-json\/wp\/v2\/types\/product"}],"replies":[{"embeddable":true,"href":"https:\/\/www.huntersfriend.eu\/sv\/wp-json\/wp\/v2\/comments?post=285750"}],"wp:featuredmedia":[{"embeddable":true,"href":"https:\/\/www.huntersfriend.eu\/sv\/wp-json\/wp\/v2\/media\/277225"}],"wp:attachment":[{"href":"https:\/\/www.huntersfriend.eu\/sv\/wp-json\/wp\/v2\/media?parent=285750"}],"wp:term":[{"taxonomy":"product_brand","embeddable":true,"href":"https:\/\/www.huntersfriend.eu\/sv\/wp-json\/wp\/v2\/product_brand?post=285750"},{"taxonomy":"product_cat","embeddable":true,"href":"https:\/\/www.huntersfriend.eu\/sv\/wp-json\/wp\/v2\/product_cat?post=285750"},{"taxonomy":"product_tag","embeddable":true,"href":"https:\/\/www.huntersfriend.eu\/sv\/wp-json\/wp\/v2\/product_tag?post=285750"}],"curies":[{"name":"wp","href":"https:\/\/api.w.org\/{rel}","templated":true}]}}