{"id":285749,"date":"2025-02-20T10:02:24","date_gmt":"2025-02-20T08:02:24","guid":{"rendered":"https:\/\/www.huntersfriend.eu\/product\/grumlig-hopfallbar-tripodmarkstol\/"},"modified":"2026-03-18T22:00:15","modified_gmt":"2026-03-18T20:00:15","slug":"grumlig-hopfallbar-tripodmarkstol","status":"publish","type":"product","link":"https:\/\/www.huntersfriend.eu\/sv\/produkt\/grumlig-hopfallbar-tripodmarkstol\/","title":{"rendered":"Grumlig hopf\u00e4llbar tripodmarkstol"},"content":{"rendered":"<p>Den h\u00e4r stolen \u00e4r vadderad, formad och vattenresistent, och har en robust tygkonstruktion och st\u00e5lram som \u00e4r gjorda f\u00f6r att h\u00e5lla. Och eftersom den \u00e4r l\u00e4tt att packa och b\u00e4ra \u00e4r f\u00f6rvaring och transport enkla. V\u00e4ger 6,5 pund, klassad f\u00f6r 250.  <\/p>\n<p>Kraftigt vattenresistent tyg f\u00f6r \u00f6kad livsl\u00e4ngd<\/p>\n<p>Vadderad sits och format ryggst\u00f6d<\/p>\n<p>L\u00e4tt att packa och b\u00e4ra med inkluderad rem<\/p>\n<p>F\u00e4lls ihop f\u00f6r enkel f\u00f6rvaring<\/p>\n<p>KONSTRUKTION: St\u00e5lram<\/p>\n<p>MATERIAL: Kraftigt, slitstarkt tyg<\/p>\n<p>VIKT: 6,5 lbs.<\/p>\n<p>VIKTKLASSNING: 250 lbs.<\/p>\n","protected":false},"excerpt":{"rendered":"<p>Den h\u00e4r stolen \u00e4r vadderad, formad och vattenresistent, och har en robust tygkonstruktion och st\u00e5lram som \u00e4r gjorda f\u00f6r att h\u00e5lla. Och eftersom den \u00e4r l\u00e4tt att packa och b\u00e4ra \u00e4r f\u00f6rvaring och transport enkla. V\u00e4ger 6,5 pund, klassad f\u00f6r 250. Kraftigt vattenresistent tyg f\u00f6r \u00f6kad livsl\u00e4ngd Vadderad sits och format ryggst\u00f6d L\u00e4tt att packa [&#8230;]\n","protected":false},"featured_media":277229,"comment_status":"open","ping_status":"closed","template":"","meta":[],"product_brand":[],"product_cat":[2567,2765,2574],"product_tag":[],"class_list":{"0":"post-285749","1":"product","2":"type-product","3":"status-publish","4":"has-post-thumbnail","6":"product_cat-campingtillbehor","7":"product_cat-fyndlada-slutrea","8":"product_cat-stolar-och-pallar-for-gomslen","9":"product_shipping_class-medium-sv","11":"first","12":"instock","13":"sale","14":"taxable","15":"shipping-taxable","16":"purchasable","17":"product-type-simple"},"composite_virtual":false,"composite_layout":"","composite_add_to_cart_form_location":"","composite_editable_in_cart":false,"composite_sold_individually_context":"","composite_shop_price_calc":"","composite_components":[],"composite_scenarios":[],"group_of_quantity":0,"min_quantity":0,"max_quantity":"","exclude_order_quantity_value_rules":"no","exclude_category_quantity_rules":"no","combine_variations":"no","exclude_global_add_ons":[],"addons":[],"_links":{"self":[{"href":"https:\/\/www.huntersfriend.eu\/sv\/wp-json\/wp\/v2\/product\/285749","targetHints":{"allow":["GET"]}}],"collection":[{"href":"https:\/\/www.huntersfriend.eu\/sv\/wp-json\/wp\/v2\/product"}],"about":[{"href":"https:\/\/www.huntersfriend.eu\/sv\/wp-json\/wp\/v2\/types\/product"}],"replies":[{"embeddable":true,"href":"https:\/\/www.huntersfriend.eu\/sv\/wp-json\/wp\/v2\/comments?post=285749"}],"wp:featuredmedia":[{"embeddable":true,"href":"https:\/\/www.huntersfriend.eu\/sv\/wp-json\/wp\/v2\/media\/277229"}],"wp:attachment":[{"href":"https:\/\/www.huntersfriend.eu\/sv\/wp-json\/wp\/v2\/media?parent=285749"}],"wp:term":[{"taxonomy":"product_brand","embeddable":true,"href":"https:\/\/www.huntersfriend.eu\/sv\/wp-json\/wp\/v2\/product_brand?post=285749"},{"taxonomy":"product_cat","embeddable":true,"href":"https:\/\/www.huntersfriend.eu\/sv\/wp-json\/wp\/v2\/product_cat?post=285749"},{"taxonomy":"product_tag","embeddable":true,"href":"https:\/\/www.huntersfriend.eu\/sv\/wp-json\/wp\/v2\/product_tag?post=285749"}],"curies":[{"name":"wp","href":"https:\/\/api.w.org\/{rel}","templated":true}]}}