{"id":285748,"date":"2025-02-27T21:42:56","date_gmt":"2025-02-27T19:42:56","guid":{"rendered":"https:\/\/www.huntersfriend.eu\/product\/zeiss-v8-1-1-8x24-kikarsikte\/"},"modified":"2025-08-26T10:46:42","modified_gmt":"2025-08-26T08:46:42","slug":"zeiss-v8-1-1-8x24-kikarsikte","status":"publish","type":"product","link":"https:\/\/www.huntersfriend.eu\/sv\/produkt\/zeiss-v8-1-1-8x24-kikarsikte\/","title":{"rendered":"ZEISS V8 1.1-8&#215;24 kikarsikte"},"content":{"rendered":"<p data-start=\"0\" data-end=\"70\"><strong data-start=\"0\" data-end=\"70\">ZEISS V8 1.1-8&#215;24 \u2013 premium kikarsikte f\u00f6r snabba och precisa skott<\/strong><\/p>\n<p data-start=\"72\" data-end=\"360\">ZEISS V8 1.1-8&#215;24 \u00e4r ett premium kikarsikte som \u00e4r speciellt utformat f\u00f6r kr\u00e4vande jakt och taktiska till\u00e4mpningar. Dess breda synf\u00e4lt, avancerade optik och h\u00f6gkvalitativa belysta riktmedel s\u00e4kerst\u00e4ller snabb m\u00e5lf\u00e5ngst och precisa skott, oavsett om det \u00e4r p\u00e5 n\u00e4ra h\u00e5ll eller l\u00e4ngre avst\u00e5nd. <\/p>\n<p data-start=\"362\" data-end=\"390\"><strong data-start=\"362\" data-end=\"390\">Tekniska specifikationer<\/strong><\/p>\n<p data-start=\"392\" data-end=\"413\"><strong data-start=\"392\" data-end=\"413\">Optiska funktioner:<\/strong><\/p>\n<ul data-start=\"414\" data-end=\"690\">\n<li data-start=\"414\" data-end=\"437\">F\u00f6rstoring: 1,1-8x<\/li>\n<li data-start=\"438\" data-end=\"470\">Objektivdiameter: 24 mm<\/li>\n<li data-start=\"471\" data-end=\"523\">Riktmedel: Belyst, finns i flera alternativ<\/li>\n<li data-start=\"524\" data-end=\"562\">Klickv\u00e4rde: 1 cm \/ 100 m (0,1 mrad)<\/li>\n<li data-start=\"563\" data-end=\"615\">Synf\u00e4lt p\u00e5 100 m: 39,6 m (1,1x) \u2013 5,3 m (8x)<\/li>\n<li data-start=\"616\" data-end=\"635\">\u00d6gonavst\u00e5nd: 92 mm<\/li>\n<li data-start=\"636\" data-end=\"661\">Ljustransmission: 92 %<\/li>\n<li data-start=\"662\" data-end=\"690\">Parallaxjustering: 100 m<\/li>\n<\/ul>\n<p data-start=\"692\" data-end=\"724\"><strong data-start=\"692\" data-end=\"724\">Konstruktion och h\u00e5llbarhet:<\/strong><\/p>\n<ul data-start=\"725\" data-end=\"1003\">\n<li data-start=\"725\" data-end=\"754\">Kropp: Enkelt stycke, 30 mm tub<\/li>\n<li data-start=\"755\" data-end=\"771\">L\u00e4ngd: 303 mm<\/li>\n<li data-start=\"772\" data-end=\"787\">Vikt: 550 g<\/li>\n<li data-start=\"788\" data-end=\"839\">Linsbel\u00e4ggningar: LotuTec\u00ae &amp; ZEISS T* multi-coatings<\/li>\n<li data-start=\"840\" data-end=\"864\">Vattent\u00e5lighet: IP68<\/li>\n<li data-start=\"865\" data-end=\"917\">Fylld med kv\u00e4ve: Imt\u00e4t och st\u00f6tt\u00e5lig<\/li>\n<li data-start=\"918\" data-end=\"1003\">St\u00f6tt\u00e5lighet: Utformad f\u00f6r att t\u00e5la kraftig rekyl och extrema v\u00e4derf\u00f6rh\u00e5llanden<\/li>\n<\/ul>\n<p data-start=\"1005\" data-end=\"1531\"><strong data-start=\"1005\" data-end=\"1022\">Viktiga funktioner:<\/strong> \u2714 1,1x \u00e4kta vidvinkelvy \u2013 Perfekt f\u00f6r snabba situationer och skytte med b\u00e5da \u00f6gonen \u00f6ppna.<br data-start=\"1121\" data-end=\"1124\">\u2714 8x f\u00f6rstoring \u2013 M\u00f6jligg\u00f6r exakta skott p\u00e5 l\u00e4ngre avst\u00e5nd.<br data-start=\"1191\" data-end=\"1194\">\u2714 Belyst riktmedel \u2013 Automatisk och justerbar belysning s\u00e4kerst\u00e4ller optimal synlighet i alla ljusf\u00f6rh\u00e5llanden.<br data-start=\"1310\" data-end=\"1313\">\u2714 Exceptionell ljustransmission (92 %) \u2013 ZEISS:s f\u00f6rstklassiga optik ger en tydlig bild i svagt ljus och kr\u00e4vande v\u00e4derf\u00f6rh\u00e5llanden.<br data-start=\"1446\" data-end=\"1449\">\u2714 H\u00e5llbar konstruktion \u2013 Utformad f\u00f6r att t\u00e5la tuff anv\u00e4ndning och extrema f\u00f6rh\u00e5llanden.<\/p>\n<p data-start=\"1533\" data-end=\"1554\"><strong data-start=\"1533\" data-end=\"1554\">Paketets inneh\u00e5ll:<\/strong><\/p>\n<ul data-start=\"1555\" data-end=\"1660\">\n<li data-start=\"1555\" data-end=\"1586\">ZEISS V8 1.1-8&#215;24 kikarsikte<\/li>\n<li data-start=\"1587\" data-end=\"1600\">Linsskydd<\/li>\n<li data-start=\"1601\" data-end=\"1629\">Batterier f\u00f6r belysning<\/li>\n<li data-start=\"1630\" data-end=\"1646\">Putsduk<\/li>\n<li data-start=\"1647\" data-end=\"1660\">Anv\u00e4ndarmanual<\/li>\n<\/ul>\n<p data-start=\"1662\" data-end=\"1859\" data-is-last-node=\"\" data-is-only-node=\"\">ZEISS V8 1.1-8&#215;24 \u00e4r det perfekta valet f\u00f6r j\u00e4gare och skyttar som beh\u00f6ver ett p\u00e5litligt, snabbt och h\u00f6gpresterande kikarsikte. Det ger f\u00f6rstklassig precision och tillf\u00f6rlitlighet i alla situationer. <\/p>\n","protected":false},"excerpt":{"rendered":"<p>ZEISS V8 1.1-8&#215;24 \u2013 premium kikarsikte f\u00f6r snabba och precisa skott ZEISS V8 1.1-8&#215;24 \u00e4r ett premium kikarsikte som \u00e4r speciellt utformat f\u00f6r kr\u00e4vande jakt och taktiska till\u00e4mpningar. Dess breda synf\u00e4lt, avancerade optik och h\u00f6gkvalitativa belysta riktmedel s\u00e4kerst\u00e4ller snabb m\u00e5lf\u00e5ngst och precisa skott, oavsett om det \u00e4r p\u00e5 n\u00e4ra h\u00e5ll eller l\u00e4ngre avst\u00e5nd. Tekniska specifikationer [&#8230;]\n","protected":false},"featured_media":276968,"comment_status":"open","ping_status":"closed","template":"","meta":[],"product_brand":[],"product_cat":[2526],"product_tag":[],"class_list":{"0":"post-285748","1":"product","2":"type-product","3":"status-publish","4":"has-post-thumbnail","6":"product_cat-kikarsikten-och-optik","8":"first","9":"outofstock","10":"taxable","11":"shipping-taxable","12":"purchasable","13":"product-type-simple"},"composite_virtual":false,"composite_layout":"","composite_add_to_cart_form_location":"","composite_editable_in_cart":false,"composite_sold_individually_context":"","composite_shop_price_calc":"","composite_components":[],"composite_scenarios":[],"group_of_quantity":0,"min_quantity":0,"max_quantity":"","exclude_order_quantity_value_rules":"no","exclude_category_quantity_rules":"no","combine_variations":"no","exclude_global_add_ons":[],"addons":[],"_links":{"self":[{"href":"https:\/\/www.huntersfriend.eu\/sv\/wp-json\/wp\/v2\/product\/285748","targetHints":{"allow":["GET"]}}],"collection":[{"href":"https:\/\/www.huntersfriend.eu\/sv\/wp-json\/wp\/v2\/product"}],"about":[{"href":"https:\/\/www.huntersfriend.eu\/sv\/wp-json\/wp\/v2\/types\/product"}],"replies":[{"embeddable":true,"href":"https:\/\/www.huntersfriend.eu\/sv\/wp-json\/wp\/v2\/comments?post=285748"}],"wp:featuredmedia":[{"embeddable":true,"href":"https:\/\/www.huntersfriend.eu\/sv\/wp-json\/wp\/v2\/media\/276968"}],"wp:attachment":[{"href":"https:\/\/www.huntersfriend.eu\/sv\/wp-json\/wp\/v2\/media?parent=285748"}],"wp:term":[{"taxonomy":"product_brand","embeddable":true,"href":"https:\/\/www.huntersfriend.eu\/sv\/wp-json\/wp\/v2\/product_brand?post=285748"},{"taxonomy":"product_cat","embeddable":true,"href":"https:\/\/www.huntersfriend.eu\/sv\/wp-json\/wp\/v2\/product_cat?post=285748"},{"taxonomy":"product_tag","embeddable":true,"href":"https:\/\/www.huntersfriend.eu\/sv\/wp-json\/wp\/v2\/product_tag?post=285748"}],"curies":[{"name":"wp","href":"https:\/\/api.w.org\/{rel}","templated":true}]}}