{"id":285734,"date":"2025-02-12T07:52:09","date_gmt":"2025-02-12T05:52:09","guid":{"rendered":"https:\/\/www.huntersfriend.eu\/product\/spot-hogg-fast-eddie-xl-mrt-1-pin-019-micro-rh\/"},"modified":"2025-08-26T10:46:36","modified_gmt":"2025-08-26T08:46:36","slug":"spot-hogg-fast-eddie-xl-mrt-1-pin-019-micro-rh","status":"publish","type":"product","link":"https:\/\/www.huntersfriend.eu\/sv\/produkt\/spot-hogg-fast-eddie-xl-mrt-1-pin-019-micro-rh\/","title":{"rendered":"Spot hogg fast Eddie XL MRT \/ 1 PIN .019&#8243; MICRO RH"},"content":{"rendered":"<p>FAST EDDIE XL \u00e4r v\u00e5rt senaste tillskott till Hogg Mobb-serien. Byggd p\u00e5 den popul\u00e4ra Fast Eddie, har FAST EDDIE XL en nydesignad 6-tums laxstj\u00e4rtst\u00e5ng och b\u00e5gf\u00e4ste. S\u00e4rskild uppm\u00e4rksamhet har \u00e4gnats \u00e5t st\u00e5ngdesignen f\u00f6r att maximera styrkan och minimera vikten. FAST EDDIE XL \u00e4r l\u00e4tt att ta bort och installera om samtidigt som den bibeh\u00e5ller perfekta siktm\u00e4rken. Oavsett om du \u00e4r p\u00e5 v\u00e4g till skogen eller t\u00e4vlar, \u00e4r FAST EDDIE XL redo f\u00f6r utmaningen.    <\/p>\n<div class=\"bg_title\">\n<h4 class=\"headInModule\">FUNKTIONER:<\/h4>\n<\/div>\n<div class=\"module_content\">\u2022 Nu \u00e4ven tillg\u00e4nglig med det NYA MRT Multi-Pin-h\u00f6ljet<br \/>\n\u2022 L\u00e4ttviktig 6&#8243; Dovetail Sight Bar med Quick<br \/>\nRelease Bow Mount<br \/>\n\u2022 Mikrojusterbar 2:a &amp; 3:e axel<br \/>\n\u2022 Grov horisontell &amp; vertikal justering<br \/>\n\u2022 Verktygsl\u00f6s justering<br \/>\n\u2022 Tyst, snabbkopplingsl\u00e5s f\u00f6r Yardage Knob<br \/>\n\u2022 HRD-teknik, inga bussningar, inget slitage, inget surr<br \/>\n\u2022 Sprider ut siktm\u00e4rken<br \/>\n\u2022 Ny f\u00f6rb\u00e4ttrad Yardage Dial med b\u00e4ttre grepp<br \/>\noch mer avlastning fr\u00e5n sikttejpen och pekaren<br \/>\n\u2022 Solid 6061 aluminiumkonstruktion<br \/>\n\u2022 Dubbel pekare f\u00f6r dubbel stiftkonfiguration<br \/>\n\u2022 Pekare f\u00f6r enkel- och multi-stiftkonfiguration<\/div>\n","protected":false},"excerpt":{"rendered":"<p>FAST EDDIE XL \u00e4r v\u00e5rt senaste tillskott till Hogg Mobb-serien. Byggd p\u00e5 den popul\u00e4ra Fast Eddie, har FAST EDDIE XL en nydesignad 6-tums laxstj\u00e4rtst\u00e5ng och b\u00e5gf\u00e4ste. S\u00e4rskild uppm\u00e4rksamhet har \u00e4gnats \u00e5t st\u00e5ngdesignen f\u00f6r att maximera styrkan och minimera vikten. FAST EDDIE XL \u00e4r l\u00e4tt att ta bort och installera om samtidigt som den bibeh\u00e5ller perfekta [&#8230;]\n","protected":false},"featured_media":276482,"comment_status":"open","ping_status":"closed","template":"","meta":[],"product_brand":[],"product_cat":[2690,2695],"product_tag":[],"class_list":{"0":"post-285734","1":"product","2":"type-product","3":"status-publish","4":"has-post-thumbnail","6":"product_cat-bagjaktsikten","7":"product_cat-compound-target-och-3d-sikter","9":"first","10":"onbackorder","11":"taxable","12":"shipping-taxable","13":"purchasable","14":"product-type-simple"},"composite_virtual":false,"composite_layout":"","composite_add_to_cart_form_location":"","composite_editable_in_cart":false,"composite_sold_individually_context":"","composite_shop_price_calc":"","composite_components":[],"composite_scenarios":[],"group_of_quantity":0,"min_quantity":0,"max_quantity":"","exclude_order_quantity_value_rules":"no","exclude_category_quantity_rules":"no","combine_variations":"no","exclude_global_add_ons":[],"addons":[],"_links":{"self":[{"href":"https:\/\/www.huntersfriend.eu\/sv\/wp-json\/wp\/v2\/product\/285734","targetHints":{"allow":["GET"]}}],"collection":[{"href":"https:\/\/www.huntersfriend.eu\/sv\/wp-json\/wp\/v2\/product"}],"about":[{"href":"https:\/\/www.huntersfriend.eu\/sv\/wp-json\/wp\/v2\/types\/product"}],"replies":[{"embeddable":true,"href":"https:\/\/www.huntersfriend.eu\/sv\/wp-json\/wp\/v2\/comments?post=285734"}],"wp:featuredmedia":[{"embeddable":true,"href":"https:\/\/www.huntersfriend.eu\/sv\/wp-json\/wp\/v2\/media\/276482"}],"wp:attachment":[{"href":"https:\/\/www.huntersfriend.eu\/sv\/wp-json\/wp\/v2\/media?parent=285734"}],"wp:term":[{"taxonomy":"product_brand","embeddable":true,"href":"https:\/\/www.huntersfriend.eu\/sv\/wp-json\/wp\/v2\/product_brand?post=285734"},{"taxonomy":"product_cat","embeddable":true,"href":"https:\/\/www.huntersfriend.eu\/sv\/wp-json\/wp\/v2\/product_cat?post=285734"},{"taxonomy":"product_tag","embeddable":true,"href":"https:\/\/www.huntersfriend.eu\/sv\/wp-json\/wp\/v2\/product_tag?post=285734"}],"curies":[{"name":"wp","href":"https:\/\/api.w.org\/{rel}","templated":true}]}}