{"id":285733,"date":"2025-02-12T07:52:09","date_gmt":"2025-02-12T05:52:09","guid":{"rendered":"https:\/\/www.huntersfriend.eu\/product\/spot-hogg-father-mrt-1-pin-010-micro-rh\/"},"modified":"2025-08-26T10:46:33","modified_gmt":"2025-08-26T08:46:33","slug":"spot-hogg-father-mrt-1-pin-010-micro-rh","status":"publish","type":"product","link":"https:\/\/www.huntersfriend.eu\/sv\/produkt\/spot-hogg-father-mrt-1-pin-010-micro-rh\/","title":{"rendered":"Spot hogg father MRT \/ 1 PIN .010&#8243; MICRO RH"},"content":{"rendered":"<p>\u00c4ntligen kan du njuta av robust Spot-Hogg-p\u00e5litlighet i ett freestyle-sikte. Med v\u00e5r HRD-teknik (Hardened Rail Design) finns det inget slitage, surr eller behov av att dalta med det h\u00e4r siktet. Med alla justerings- och noggrannhetsm\u00f6jligheter som Spot-Hogg \u00e4r k\u00e4nt f\u00f6r \u00e4r det h\u00e4r siktet ett riktigt tight sikte.  <\/p>\n<div class=\"bg_title\">\n<h4 class=\"headInModule\">FUNKTIONER:<\/h4>\n<\/div>\n<div class=\"module_content\">\u2022 snabbkopplingsratt<br \/>\n\u2022 avtagbar laxstj\u00e4rtst\u00e5ng<br \/>\n\u2022 mikrojusterbar 2:a och 3:e axel<br \/>\n\u2022 grov horisontell och vertikal justering<br \/>\n\u2022 Verktygsfri mikrojustering av vind- och h\u00f6jdjustering<br \/>\n\u2022 mikrojusterbar pekare<br \/>\n\u2022 HRD-teknik, inga bussningar, inget slitage, inget surr<br \/>\n\u2022 sprider ut siktm\u00e4rken<br \/>\n\u2022 stor, l\u00e4ttanv\u00e4nd avst\u00e5ndsratt<br \/>\n\u2022 avtagbart rack f\u00f6r resor<br \/>\n\u2022 precisionslasergraverad siktskala och rattar<br \/>\n\u2022 universell siktst\u00e5ng<br \/>\n\u2022 solid 6061 aluminiumkonstruktion<br \/>\n\u2022 Resv\u00e4ska ing\u00e5r<br \/>\n\u2022 siktskala kompatibel med b\u00e5gskytteprogram<\/div>\n","protected":false},"excerpt":{"rendered":"<p>\u00c4ntligen kan du njuta av robust Spot-Hogg-p\u00e5litlighet i ett freestyle-sikte. Med v\u00e5r HRD-teknik (Hardened Rail Design) finns det inget slitage, surr eller behov av att dalta med det h\u00e4r siktet. Med alla justerings- och noggrannhetsm\u00f6jligheter som Spot-Hogg \u00e4r k\u00e4nt f\u00f6r \u00e4r det h\u00e4r siktet ett riktigt tight sikte. FUNKTIONER: \u2022 snabbkopplingsratt \u2022 avtagbar laxstj\u00e4rtst\u00e5ng \u2022 [&#8230;]\n","protected":false},"featured_media":276471,"comment_status":"open","ping_status":"closed","template":"","meta":[],"product_brand":[],"product_cat":[2690,2695],"product_tag":[],"class_list":{"0":"post-285733","1":"product","2":"type-product","3":"status-publish","4":"has-post-thumbnail","6":"product_cat-bagjaktsikten","7":"product_cat-compound-target-och-3d-sikter","9":"first","10":"instock","11":"taxable","12":"shipping-taxable","13":"purchasable","14":"product-type-simple"},"composite_virtual":false,"composite_layout":"","composite_add_to_cart_form_location":"","composite_editable_in_cart":false,"composite_sold_individually_context":"","composite_shop_price_calc":"","composite_components":[],"composite_scenarios":[],"group_of_quantity":0,"min_quantity":0,"max_quantity":"","exclude_order_quantity_value_rules":"no","exclude_category_quantity_rules":"no","combine_variations":"no","exclude_global_add_ons":[],"addons":[],"_links":{"self":[{"href":"https:\/\/www.huntersfriend.eu\/sv\/wp-json\/wp\/v2\/product\/285733","targetHints":{"allow":["GET"]}}],"collection":[{"href":"https:\/\/www.huntersfriend.eu\/sv\/wp-json\/wp\/v2\/product"}],"about":[{"href":"https:\/\/www.huntersfriend.eu\/sv\/wp-json\/wp\/v2\/types\/product"}],"replies":[{"embeddable":true,"href":"https:\/\/www.huntersfriend.eu\/sv\/wp-json\/wp\/v2\/comments?post=285733"}],"wp:featuredmedia":[{"embeddable":true,"href":"https:\/\/www.huntersfriend.eu\/sv\/wp-json\/wp\/v2\/media\/276471"}],"wp:attachment":[{"href":"https:\/\/www.huntersfriend.eu\/sv\/wp-json\/wp\/v2\/media?parent=285733"}],"wp:term":[{"taxonomy":"product_brand","embeddable":true,"href":"https:\/\/www.huntersfriend.eu\/sv\/wp-json\/wp\/v2\/product_brand?post=285733"},{"taxonomy":"product_cat","embeddable":true,"href":"https:\/\/www.huntersfriend.eu\/sv\/wp-json\/wp\/v2\/product_cat?post=285733"},{"taxonomy":"product_tag","embeddable":true,"href":"https:\/\/www.huntersfriend.eu\/sv\/wp-json\/wp\/v2\/product_tag?post=285733"}],"curies":[{"name":"wp","href":"https:\/\/api.w.org\/{rel}","templated":true}]}}