{"id":285731,"date":"2025-01-21T01:16:06","date_gmt":"2025-01-20T23:16:06","guid":{"rendered":"https:\/\/www.huntersfriend.eu\/product\/qad-mx2-integrera-rest-ersattningsfilt-3-st\/"},"modified":"2025-08-26T10:46:28","modified_gmt":"2025-08-26T08:46:28","slug":"qad-mx2-integrera-rest-ersattningsfilt-3-st","status":"publish","type":"product","link":"https:\/\/www.huntersfriend.eu\/sv\/produkt\/qad-mx2-integrera-rest-ersattningsfilt-3-st\/","title":{"rendered":"QAD MX2 integrera rest &#8211; ers\u00e4ttningsfilt 3 st"},"content":{"rendered":"<p>S\u00e4kerst\u00e4ll ett helt tyst drag med v\u00e5r specialdesignade filt, tillverkad specifikt f\u00f6r ditt st\u00f6d. Laserskuren f\u00f6r en exakt passform g\u00f6r v\u00e5r filt det enkelt att t\u00e4cka din launcher och f\u00e5ngstarm f\u00f6r ett d\u00f6dligt tyst drag. <\/p>\n<p>Paketet inneh\u00e5ller:<\/p>\n<p>\u2022 3 bitar Launcher-filt<br \/>\n\u2022 3 bitar Capture Bar-filt<\/p>\n","protected":false},"excerpt":{"rendered":"<p>3 stycken<\/p>\n","protected":false},"featured_media":276466,"comment_status":"open","ping_status":"closed","template":"","meta":[],"product_brand":[],"product_cat":[2693],"product_tag":[],"class_list":{"0":"post-285731","1":"product","2":"type-product","3":"status-publish","4":"has-post-thumbnail","6":"product_cat-delar-till-stod","8":"first","9":"instock","10":"taxable","11":"shipping-taxable","12":"purchasable","13":"product-type-simple"},"composite_virtual":false,"composite_layout":"","composite_add_to_cart_form_location":"","composite_editable_in_cart":false,"composite_sold_individually_context":"","composite_shop_price_calc":"","composite_components":[],"composite_scenarios":[],"group_of_quantity":0,"min_quantity":0,"max_quantity":"","exclude_order_quantity_value_rules":"no","exclude_category_quantity_rules":"no","combine_variations":"no","exclude_global_add_ons":[],"addons":[],"_links":{"self":[{"href":"https:\/\/www.huntersfriend.eu\/sv\/wp-json\/wp\/v2\/product\/285731","targetHints":{"allow":["GET"]}}],"collection":[{"href":"https:\/\/www.huntersfriend.eu\/sv\/wp-json\/wp\/v2\/product"}],"about":[{"href":"https:\/\/www.huntersfriend.eu\/sv\/wp-json\/wp\/v2\/types\/product"}],"replies":[{"embeddable":true,"href":"https:\/\/www.huntersfriend.eu\/sv\/wp-json\/wp\/v2\/comments?post=285731"}],"wp:featuredmedia":[{"embeddable":true,"href":"https:\/\/www.huntersfriend.eu\/sv\/wp-json\/wp\/v2\/media\/276466"}],"wp:attachment":[{"href":"https:\/\/www.huntersfriend.eu\/sv\/wp-json\/wp\/v2\/media?parent=285731"}],"wp:term":[{"taxonomy":"product_brand","embeddable":true,"href":"https:\/\/www.huntersfriend.eu\/sv\/wp-json\/wp\/v2\/product_brand?post=285731"},{"taxonomy":"product_cat","embeddable":true,"href":"https:\/\/www.huntersfriend.eu\/sv\/wp-json\/wp\/v2\/product_cat?post=285731"},{"taxonomy":"product_tag","embeddable":true,"href":"https:\/\/www.huntersfriend.eu\/sv\/wp-json\/wp\/v2\/product_tag?post=285731"}],"curies":[{"name":"wp","href":"https:\/\/api.w.org\/{rel}","templated":true}]}}