{"id":285730,"date":"2025-02-12T07:52:06","date_gmt":"2025-02-12T05:52:06","guid":{"rendered":"https:\/\/www.huntersfriend.eu\/product\/nap-broadhead-fodral\/"},"modified":"2026-04-29T14:24:06","modified_gmt":"2026-04-29T12:24:06","slug":"nap-broadhead-fodral","status":"publish","type":"product","link":"https:\/\/www.huntersfriend.eu\/sv\/produkt\/nap-broadhead-fodral\/","title":{"rendered":"NAP broadhead-fodral"},"content":{"rendered":"<ul>\n<li>T\u00e5ligt ABS-h\u00f6lje<\/li>\n<li>Stansat skum h\u00e5ller upp till 6 fasta och 6 mekaniska broadheads<\/li>\n<li>V\u00e4der- och slagt\u00e5ligt fodral<\/li>\n<li>Kommer inte att sl\u00f6a ner dina blad<\/li>\n<li>Solid karbinhake i aluminium f\u00e4sts ordentligt p\u00e5 din packning f\u00f6r enkel transport.<\/li>\n<li>Verktygsfack f\u00f6r broadheads<\/li>\n<\/ul>\n","protected":false},"excerpt":{"rendered":"<p>T\u00e5ligt ABS-h\u00f6lje Stansat skum h\u00e5ller upp till 6 fasta och 6 mekaniska broadheads V\u00e4der- och slagt\u00e5ligt fodral Kommer inte att sl\u00f6a ner dina blad Solid karbinhake i aluminium f\u00e4sts ordentligt p\u00e5 din packning f\u00f6r enkel transport. Verktygsfack f\u00f6r broadheads<\/p>\n","protected":false},"featured_media":276452,"comment_status":"open","ping_status":"closed","template":"","meta":[],"product_brand":[],"product_cat":[2644,2633,2694],"product_tag":[],"class_list":{"0":"post-285730","1":"product","2":"type-product","3":"status-publish","4":"has-post-thumbnail","6":"product_cat-andra-verktyg-for-pilbygge","7":"product_cat-diverse-bagskytte","8":"product_cat-tillbehorsvaskor","10":"first","11":"onbackorder","12":"taxable","13":"shipping-taxable","14":"purchasable","15":"product-type-simple"},"composite_virtual":false,"composite_layout":"","composite_add_to_cart_form_location":"","composite_editable_in_cart":false,"composite_sold_individually_context":"","composite_shop_price_calc":"","composite_components":[],"composite_scenarios":[],"group_of_quantity":0,"min_quantity":0,"max_quantity":"","exclude_order_quantity_value_rules":"no","exclude_category_quantity_rules":"no","combine_variations":"no","exclude_global_add_ons":[],"addons":[],"_links":{"self":[{"href":"https:\/\/www.huntersfriend.eu\/sv\/wp-json\/wp\/v2\/product\/285730","targetHints":{"allow":["GET"]}}],"collection":[{"href":"https:\/\/www.huntersfriend.eu\/sv\/wp-json\/wp\/v2\/product"}],"about":[{"href":"https:\/\/www.huntersfriend.eu\/sv\/wp-json\/wp\/v2\/types\/product"}],"replies":[{"embeddable":true,"href":"https:\/\/www.huntersfriend.eu\/sv\/wp-json\/wp\/v2\/comments?post=285730"}],"wp:featuredmedia":[{"embeddable":true,"href":"https:\/\/www.huntersfriend.eu\/sv\/wp-json\/wp\/v2\/media\/276452"}],"wp:attachment":[{"href":"https:\/\/www.huntersfriend.eu\/sv\/wp-json\/wp\/v2\/media?parent=285730"}],"wp:term":[{"taxonomy":"product_brand","embeddable":true,"href":"https:\/\/www.huntersfriend.eu\/sv\/wp-json\/wp\/v2\/product_brand?post=285730"},{"taxonomy":"product_cat","embeddable":true,"href":"https:\/\/www.huntersfriend.eu\/sv\/wp-json\/wp\/v2\/product_cat?post=285730"},{"taxonomy":"product_tag","embeddable":true,"href":"https:\/\/www.huntersfriend.eu\/sv\/wp-json\/wp\/v2\/product_tag?post=285730"}],"curies":[{"name":"wp","href":"https:\/\/api.w.org\/{rel}","templated":true}]}}