{"id":285729,"date":"2025-01-18T01:16:09","date_gmt":"2025-01-17T23:16:09","guid":{"rendered":"https:\/\/www.huntersfriend.eu\/product\/sordin-hygien-gel-ersattningsset\/"},"modified":"2025-08-26T10:46:26","modified_gmt":"2025-08-26T08:46:26","slug":"sordin-hygien-gel-ersattningsset","status":"publish","type":"product","link":"https:\/\/www.huntersfriend.eu\/sv\/produkt\/sordin-hygien-gel-ersattningsset\/","title":{"rendered":"Sordin hygien-gel ers\u00e4ttningsset"},"content":{"rendered":"<p><span class=\"jCAhz ChMk0b\"><span class=\"ryNqvb\">MSA Sordin gelkuddar f\u00f6r MSA Sordin Supreme Pro-X h\u00f6rselskydd.<\/span><\/span> <span class=\"jCAhz ChMk0b\"><span class=\"ryNqvb\">Gelkuddar \u00e4r bekv\u00e4mare att b\u00e4ra \u00e4n originalkuddarna.<\/span><\/span> <span class=\"jCAhz ChMk0b\"><span class=\"ryNqvb\">De f\u00f6rb\u00e4ttrar passformen och t\u00e4tningen av h\u00f6rselskydden p\u00e5 \u00f6ronen avsev\u00e4rt.<\/span><\/span> <span class=\"jCAhz ChMk0b\"><span class=\"ryNqvb\">Regelbunden utbyte av kuddarna f\u00f6rb\u00e4ttrar komforten och ljudkvaliteten.<\/span><\/span> <span class=\"jCAhz ChMk0b\"><span class=\"ryNqvb\">Kuddarna \u00e4r enkla och snabba att installera.<\/span><\/span><\/p>\n","protected":false},"excerpt":{"rendered":"<p>MSA Sordin gelkuddar f\u00f6r MSA Sordin Supreme Pro-X h\u00f6rselskydd. Gelkuddar \u00e4r bekv\u00e4mare att b\u00e4ra \u00e4n originalkuddarna. De f\u00f6rb\u00e4ttrar passformen och t\u00e4tningen av h\u00f6rselskydden p\u00e5 \u00f6ronen avsev\u00e4rt. Regelbunden utbyte av kuddarna f\u00f6rb\u00e4ttrar komforten och ljudkvaliteten. Kuddarna \u00e4r enkla och snabba att installera.<\/p>\n","protected":false},"featured_media":276434,"comment_status":"open","ping_status":"closed","template":"","meta":[],"product_brand":[],"product_cat":[2692,2542],"product_tag":[],"class_list":{"0":"post-285729","1":"product","2":"type-product","3":"status-publish","4":"has-post-thumbnail","6":"product_cat-ogon-och-horselskydd","7":"product_cat-rengoring-och-underhall","9":"first","10":"instock","11":"taxable","12":"shipping-taxable","13":"purchasable","14":"product-type-simple"},"composite_virtual":false,"composite_layout":"","composite_add_to_cart_form_location":"","composite_editable_in_cart":false,"composite_sold_individually_context":"","composite_shop_price_calc":"","composite_components":[],"composite_scenarios":[],"group_of_quantity":0,"min_quantity":0,"max_quantity":"","exclude_order_quantity_value_rules":"no","exclude_category_quantity_rules":"no","combine_variations":"no","exclude_global_add_ons":[],"addons":[],"_links":{"self":[{"href":"https:\/\/www.huntersfriend.eu\/sv\/wp-json\/wp\/v2\/product\/285729","targetHints":{"allow":["GET"]}}],"collection":[{"href":"https:\/\/www.huntersfriend.eu\/sv\/wp-json\/wp\/v2\/product"}],"about":[{"href":"https:\/\/www.huntersfriend.eu\/sv\/wp-json\/wp\/v2\/types\/product"}],"replies":[{"embeddable":true,"href":"https:\/\/www.huntersfriend.eu\/sv\/wp-json\/wp\/v2\/comments?post=285729"}],"wp:featuredmedia":[{"embeddable":true,"href":"https:\/\/www.huntersfriend.eu\/sv\/wp-json\/wp\/v2\/media\/276434"}],"wp:attachment":[{"href":"https:\/\/www.huntersfriend.eu\/sv\/wp-json\/wp\/v2\/media?parent=285729"}],"wp:term":[{"taxonomy":"product_brand","embeddable":true,"href":"https:\/\/www.huntersfriend.eu\/sv\/wp-json\/wp\/v2\/product_brand?post=285729"},{"taxonomy":"product_cat","embeddable":true,"href":"https:\/\/www.huntersfriend.eu\/sv\/wp-json\/wp\/v2\/product_cat?post=285729"},{"taxonomy":"product_tag","embeddable":true,"href":"https:\/\/www.huntersfriend.eu\/sv\/wp-json\/wp\/v2\/product_tag?post=285729"}],"curies":[{"name":"wp","href":"https:\/\/api.w.org\/{rel}","templated":true}]}}