{"id":285727,"date":"2025-01-18T01:16:07","date_gmt":"2025-01-17T23:16:07","guid":{"rendered":"https:\/\/www.huntersfriend.eu\/product\/primos-trigger-stick-gen-3-kombinationspaket\/"},"modified":"2025-08-27T12:03:05","modified_gmt":"2025-08-27T10:03:05","slug":"primos-trigger-stick-gen-3-kombinationspaket","status":"publish","type":"product","link":"https:\/\/www.huntersfriend.eu\/sv\/produkt\/primos-trigger-stick-gen-3-kombinationspaket\/","title":{"rendered":"Primos Trigger Stick Gen 3 kombinationspaket"},"content":{"rendered":"<p><span class=\"jCAhz ChMk0b\"><span class=\"ryNqvb\">Detta paket inneh\u00e5ller Primos Trigger Stick Gen 3 h\u00f6gt stativ skjutst\u00f6d (Produkt P19) och Primos 2-punkts vapenst\u00f6d tillbeh\u00f6r (Produkt P1911).<\/span><\/span><\/p>\n<p><span class=\"jCAhz ChMk0b\"><span class=\"ryNqvb\">Primos Trigger Stick Gen3 skjutst\u00f6d \u00e4r ett l\u00e4ttanv\u00e4nt skjutst\u00f6d.<\/span><\/span> <span class=\"jCAhz ChMk0b\"><span class=\"ryNqvb\">Ett l\u00e4ttviktigt skjutst\u00f6d som inte m\u00e4rks i skogen.<\/span><\/span> <span class=\"jCAhz ChMk0b\"><span class=\"ryNqvb\">Primos Trigger Stick Gen3 skjutst\u00f6d \u00e4r enkla att s\u00e4tta upp och justera till r\u00e4tt h\u00f6jd.<\/span><\/span> <span class=\"jCAhz ChMk0b\"><span class=\"ryNqvb\">Quick Detach Yoke System g\u00f6r det snabbt och enkelt att byta fr\u00e5n vapen till optik och tillbaka.<\/span><\/span> <span class=\"jCAhz ChMk0b\"><span class=\"ryNqvb\">Det halkfria handtaget ger utm\u00e4rkt grepp \u00e4ven i v\u00e5tt v\u00e4der.<\/span><\/span><span class=\"jCAhz ChMk0b\"><span class=\"ryNqvb\"> Skjutst\u00f6det kan justeras fr\u00e5n 61 till 157 cm.<\/span><\/span><\/p>\n<p><span class=\"jCAhz ChMk0b\"><span class=\"ryNqvb\">Primos 2-punkts vapenst\u00f6d \u00e4r ett tillbeh\u00f6r till Primos Trigger Stick skjutst\u00f6d.<\/span><\/span> <span class=\"jCAhz ChMk0b\"><span class=\"ryNqvb\">Detta tillbeh\u00f6r h\u00e5ller vapnet stabilt \u00e4ven p\u00e5 l\u00e4ngre skjutavst\u00e5nd och \u00e4r idealiskt f\u00f6r exempelvis hjortjakt.<\/span><\/span><span class=\"jCAhz ChMk0b\"><span class=\"ryNqvb\"> Primos 2-punkts vapenst\u00f6d f\u00e4sts p\u00e5 Trigger Stick med hj\u00e4lp av en g\u00e4nga som redan finns p\u00e5 b\u00e5de de \u00e4ldre Gen 2 och nyare Gen 3 gev\u00e4rsst\u00f6den.<\/span><\/span> <span class=\"jCAhz ChMk0b\"><span class=\"ryNqvb\">Tillbeh\u00f6ret kan f\u00e4stas p\u00e5 en 1\/4&#8243; 20 g\u00e4nga. Primos 2-punkts vapenst\u00f6d har justerbar h\u00f6jd upptill och nedtill samt justerbar lutning. <\/span><\/span><\/p>\n","protected":false},"excerpt":{"rendered":"<p>Detta paket inneh\u00e5ller Primos Trigger Stick Gen 3 h\u00f6gt stativ skjutst\u00f6d (Produkt P19) och Primos 2-punkts vapenst\u00f6d tillbeh\u00f6r (Produkt P1911). Primos Trigger Stick Gen3 skjutst\u00f6d \u00e4r ett l\u00e4ttanv\u00e4nt skjutst\u00f6d. Ett l\u00e4ttviktigt skjutst\u00f6d som inte m\u00e4rks i skogen. Primos Trigger Stick Gen3 skjutst\u00f6d \u00e4r enkla att s\u00e4tta upp och justera till r\u00e4tt h\u00f6jd. Quick Detach Yoke [&#8230;]\n","protected":false},"featured_media":276448,"comment_status":"open","ping_status":"closed","template":"","meta":[],"product_brand":[],"product_cat":[2570],"product_tag":[],"class_list":{"0":"post-285727","1":"product","2":"type-product","3":"status-publish","4":"has-post-thumbnail","6":"product_cat-stodpinnar-och-skjutstod","7":"product_shipping_class-big-sv","9":"first","10":"instock","11":"taxable","12":"shipping-taxable","13":"purchasable","14":"product-type-simple"},"composite_virtual":false,"composite_layout":"","composite_add_to_cart_form_location":"","composite_editable_in_cart":false,"composite_sold_individually_context":"","composite_shop_price_calc":"","composite_components":[],"composite_scenarios":[],"group_of_quantity":0,"min_quantity":0,"max_quantity":"","exclude_order_quantity_value_rules":"no","exclude_category_quantity_rules":"no","combine_variations":"no","exclude_global_add_ons":[],"addons":[],"_links":{"self":[{"href":"https:\/\/www.huntersfriend.eu\/sv\/wp-json\/wp\/v2\/product\/285727","targetHints":{"allow":["GET"]}}],"collection":[{"href":"https:\/\/www.huntersfriend.eu\/sv\/wp-json\/wp\/v2\/product"}],"about":[{"href":"https:\/\/www.huntersfriend.eu\/sv\/wp-json\/wp\/v2\/types\/product"}],"replies":[{"embeddable":true,"href":"https:\/\/www.huntersfriend.eu\/sv\/wp-json\/wp\/v2\/comments?post=285727"}],"wp:featuredmedia":[{"embeddable":true,"href":"https:\/\/www.huntersfriend.eu\/sv\/wp-json\/wp\/v2\/media\/276448"}],"wp:attachment":[{"href":"https:\/\/www.huntersfriend.eu\/sv\/wp-json\/wp\/v2\/media?parent=285727"}],"wp:term":[{"taxonomy":"product_brand","embeddable":true,"href":"https:\/\/www.huntersfriend.eu\/sv\/wp-json\/wp\/v2\/product_brand?post=285727"},{"taxonomy":"product_cat","embeddable":true,"href":"https:\/\/www.huntersfriend.eu\/sv\/wp-json\/wp\/v2\/product_cat?post=285727"},{"taxonomy":"product_tag","embeddable":true,"href":"https:\/\/www.huntersfriend.eu\/sv\/wp-json\/wp\/v2\/product_tag?post=285727"}],"curies":[{"name":"wp","href":"https:\/\/api.w.org\/{rel}","templated":true}]}}