{"id":285725,"date":"2025-02-12T07:52:06","date_gmt":"2025-02-12T05:52:06","guid":{"rendered":"https:\/\/www.huntersfriend.eu\/product\/stan-solex\/"},"modified":"2026-01-23T08:18:15","modified_gmt":"2026-01-23T06:18:15","slug":"stan-solex","status":"publish","type":"product","link":"https:\/\/www.huntersfriend.eu\/sv\/produkt\/stan-solex\/","title":{"rendered":"Stan SoleX"},"content":{"rendered":"<p>SoleX-pekfingerreleasen fr\u00e5n STAN erbjuder j\u00e4gare den f\u00f6rstklassiga m\u00e5lprestanda som STAN \u00e4r k\u00e4nt f\u00f6r, i en kompakt och konsekvent jaktplattform. Med ett l\u00e4ttjusterat enkelt avtryckarsystem och ett handledsremalternativ med webbanslutning kommer SoleX att ge dig fullt f\u00f6rtroende under din livs jakt. <\/p>\n","protected":false},"excerpt":{"rendered":"<p>NCS-webbanslutning<\/p>\n","protected":false},"featured_media":276457,"comment_status":"open","ping_status":"closed","template":"","meta":[],"product_brand":[],"product_cat":[2680],"product_tag":[],"class_list":{"0":"post-285725","1":"product","2":"type-product","3":"status-publish","4":"has-post-thumbnail","6":"product_cat-handledsutlosare","8":"first","9":"instock","10":"taxable","11":"shipping-taxable","12":"purchasable","13":"product-type-simple"},"composite_virtual":false,"composite_layout":"","composite_add_to_cart_form_location":"","composite_editable_in_cart":false,"composite_sold_individually_context":"","composite_shop_price_calc":"","composite_components":[],"composite_scenarios":[],"group_of_quantity":0,"min_quantity":0,"max_quantity":"","exclude_order_quantity_value_rules":"no","exclude_category_quantity_rules":"no","combine_variations":"no","exclude_global_add_ons":[],"addons":[],"_links":{"self":[{"href":"https:\/\/www.huntersfriend.eu\/sv\/wp-json\/wp\/v2\/product\/285725","targetHints":{"allow":["GET"]}}],"collection":[{"href":"https:\/\/www.huntersfriend.eu\/sv\/wp-json\/wp\/v2\/product"}],"about":[{"href":"https:\/\/www.huntersfriend.eu\/sv\/wp-json\/wp\/v2\/types\/product"}],"replies":[{"embeddable":true,"href":"https:\/\/www.huntersfriend.eu\/sv\/wp-json\/wp\/v2\/comments?post=285725"}],"wp:featuredmedia":[{"embeddable":true,"href":"https:\/\/www.huntersfriend.eu\/sv\/wp-json\/wp\/v2\/media\/276457"}],"wp:attachment":[{"href":"https:\/\/www.huntersfriend.eu\/sv\/wp-json\/wp\/v2\/media?parent=285725"}],"wp:term":[{"taxonomy":"product_brand","embeddable":true,"href":"https:\/\/www.huntersfriend.eu\/sv\/wp-json\/wp\/v2\/product_brand?post=285725"},{"taxonomy":"product_cat","embeddable":true,"href":"https:\/\/www.huntersfriend.eu\/sv\/wp-json\/wp\/v2\/product_cat?post=285725"},{"taxonomy":"product_tag","embeddable":true,"href":"https:\/\/www.huntersfriend.eu\/sv\/wp-json\/wp\/v2\/product_tag?post=285725"}],"curies":[{"name":"wp","href":"https:\/\/api.w.org\/{rel}","templated":true}]}}