{"id":285724,"date":"2025-01-17T01:52:09","date_gmt":"2025-01-16T23:52:09","guid":{"rendered":"https:\/\/www.huntersfriend.eu\/product\/meat-seeker-retriever-rh\/"},"modified":"2025-08-26T10:46:20","modified_gmt":"2025-08-26T08:46:20","slug":"meat-seeker-retriever-rh","status":"publish","type":"product","link":"https:\/\/www.huntersfriend.eu\/sv\/produkt\/meat-seeker-retriever-rh\/","title":{"rendered":"Meat seeker retriever &#8211; RH"},"content":{"rendered":"<p class=\"\" data-start=\"0\" data-end=\"242\">Meat Seeker Retriever-rullen \u00e4r utformad f\u00f6r att f\u00f6rb\u00e4ttra din upplevelse av b\u00e5gfiske och b\u00e4verjakt. Meat Seeker Retriever-rullen \u00e4r tillverkad av l\u00e4tt och slitstark ABS-plast och aluminiumlegering, vilket garanterar l\u00e5ng livsl\u00e4ngd och h\u00f6g h\u00e5llbarhet. <\/p>\n<p class=\"\" data-start=\"244\" data-end=\"257\"><strong data-start=\"244\" data-end=\"257\">Funktioner:<\/strong><\/p>\n<ul data-start=\"259\" data-end=\"889\">\n<li class=\"\" data-start=\"259\" data-end=\"388\">\n<p class=\"\" data-start=\"261\" data-end=\"388\"><strong data-start=\"261\" data-end=\"287\">H\u00f6gkvalitativa material<\/strong>: ABS-plasth\u00f6ljet och konstruktionen i aluminiumlegering g\u00f6r rullen b\u00e5de l\u00e4tt och h\u00e5llbar.<\/p>\n<\/li>\n<li class=\"\" data-start=\"392\" data-end=\"546\">\n<p class=\"\" data-start=\"394\" data-end=\"546\"><strong data-start=\"394\" data-end=\"417\">Professionell design<\/strong>: Utformad f\u00f6r smidig linsl\u00e4pp utan motst\u00e5nd, vilket f\u00f6rhindrar trassel och minimerar linans p\u00e5verkan p\u00e5 pilens flykt.<\/p>\n<\/li>\n<li class=\"\" data-start=\"550\" data-end=\"643\">\n<p class=\"\" data-start=\"552\" data-end=\"643\"><strong data-start=\"552\" data-end=\"567\">L\u00e4tt att anv\u00e4nda<\/strong>: Rullens ergonomiska design ger ett bekv\u00e4mt grepp f\u00f6r enkel anv\u00e4ndning.<\/p>\n<\/li>\n<li class=\"\" data-start=\"647\" data-end=\"793\">\n<p class=\"\" data-start=\"649\" data-end=\"793\"><strong data-start=\"649\" data-end=\"664\">M\u00e5ngsidighet<\/strong>: Kompatibel med b\u00e5de compound- och recurveb\u00e5gar, vilket g\u00f6r den till ett idealiskt val f\u00f6r b\u00e5gfiske- och jaktentusiaster p\u00e5 alla niv\u00e5er.<\/p>\n<\/li>\n<li class=\"\" data-start=\"797\" data-end=\"865\">\n<p class=\"\" data-start=\"799\" data-end=\"865\"><strong data-start=\"799\" data-end=\"814\">Dacron-lina<\/strong>: Rullen levereras med 25 yards 200# Dacron-lina.<\/p>\n<\/li>\n<li class=\"\" data-start=\"869\" data-end=\"889\">\n<p class=\"\" data-start=\"871\" data-end=\"889\"><strong data-start=\"871\" data-end=\"887\">H\u00f6gerh\u00e4nt<\/strong>:<\/p>\n<\/li>\n<\/ul>\n<p class=\"\" data-start=\"891\" data-end=\"1048\">Meat Seeker Retriever-rullen \u00e4r det perfekta tillbeh\u00f6ret f\u00f6r alla som vill f\u00f6rb\u00e4ttra sitt b\u00e5gfiske och sin b\u00e4verjakt med en p\u00e5litlig och effektiv rulle.<\/p>\n","protected":false},"excerpt":{"rendered":"<p>25 yd av 200#, gr\u00f6n dacron-lina<\/p>\n","protected":false},"featured_media":278280,"comment_status":"open","ping_status":"closed","template":"","meta":[],"product_brand":[],"product_cat":[2691],"product_tag":[],"class_list":{"0":"post-285724","1":"product","2":"type-product","3":"status-publish","4":"has-post-thumbnail","6":"product_cat-bagfiske-retrievers","8":"first","9":"instock","10":"featured","11":"taxable","12":"shipping-taxable","13":"purchasable","14":"product-type-simple"},"composite_virtual":false,"composite_layout":"","composite_add_to_cart_form_location":"","composite_editable_in_cart":false,"composite_sold_individually_context":"","composite_shop_price_calc":"","composite_components":[],"composite_scenarios":[],"group_of_quantity":0,"min_quantity":0,"max_quantity":"","exclude_order_quantity_value_rules":"no","exclude_category_quantity_rules":"no","combine_variations":"no","exclude_global_add_ons":[],"addons":[],"_links":{"self":[{"href":"https:\/\/www.huntersfriend.eu\/sv\/wp-json\/wp\/v2\/product\/285724","targetHints":{"allow":["GET"]}}],"collection":[{"href":"https:\/\/www.huntersfriend.eu\/sv\/wp-json\/wp\/v2\/product"}],"about":[{"href":"https:\/\/www.huntersfriend.eu\/sv\/wp-json\/wp\/v2\/types\/product"}],"replies":[{"embeddable":true,"href":"https:\/\/www.huntersfriend.eu\/sv\/wp-json\/wp\/v2\/comments?post=285724"}],"wp:featuredmedia":[{"embeddable":true,"href":"https:\/\/www.huntersfriend.eu\/sv\/wp-json\/wp\/v2\/media\/278280"}],"wp:attachment":[{"href":"https:\/\/www.huntersfriend.eu\/sv\/wp-json\/wp\/v2\/media?parent=285724"}],"wp:term":[{"taxonomy":"product_brand","embeddable":true,"href":"https:\/\/www.huntersfriend.eu\/sv\/wp-json\/wp\/v2\/product_brand?post=285724"},{"taxonomy":"product_cat","embeddable":true,"href":"https:\/\/www.huntersfriend.eu\/sv\/wp-json\/wp\/v2\/product_cat?post=285724"},{"taxonomy":"product_tag","embeddable":true,"href":"https:\/\/www.huntersfriend.eu\/sv\/wp-json\/wp\/v2\/product_tag?post=285724"}],"curies":[{"name":"wp","href":"https:\/\/api.w.org\/{rel}","templated":true}]}}