{"id":285716,"date":"2025-01-04T01:34:07","date_gmt":"2025-01-03T23:34:07","guid":{"rendered":"https:\/\/www.huntersfriend.eu\/product\/scott-archery-little-goose-rts-release\/"},"modified":"2025-08-26T10:46:17","modified_gmt":"2025-08-26T08:46:17","slug":"scott-archery-little-goose-rts-release","status":"publish","type":"product","link":"https:\/\/www.huntersfriend.eu\/sv\/produkt\/scott-archery-little-goose-rts-release\/","title":{"rendered":"Scott Archery Little Goose RTS-release"},"content":{"rendered":"<p><em><strong>Little Goose RTS<\/strong><\/em> erbjuder en modern uppgradering med sin nya automatiska returrulleavtryckare, vilket ger en snabbare och smidigare skjutupplevelse. Denna handledsrem inkluderar b\u00e5de justeringar f\u00f6r avtryck och l\u00e4ngd f\u00f6r en personlig passform. Dess enkla st\u00e4ngda k\u00e4ke och 2-delade konstruerade releasehuvud s\u00e4kerst\u00e4ller den tillf\u00f6rlitlighet som b\u00e5gskyttar f\u00f6rlitar sig p\u00e5, nu f\u00f6rst\u00e4rkt av precisionen i returavtryckarfj\u00e4dern. Little Goose RTS omdefinierar en p\u00e5litlig klassiker f\u00f6r dagens b\u00e5gskytt.   <\/p>\n<p><strong>FUNKTIONER:<\/strong><\/p>\n<ul>\n<li>R\u00f6relsejustering<\/li>\n<li>L\u00e4ngdjustering med 4 h\u00e5l<\/li>\n<li>Automatisk returavtryckare<\/li>\n<li>Enkel st\u00e4ngd k\u00e4ke<\/li>\n<li>2-delat konstruerat releasehuvud<\/li>\n<li>L\u00e4derrem med neopren<\/li>\n<\/ul>\n","protected":false},"excerpt":{"rendered":"<p>Svart sp\u00e4nne med stolpf\u00f6rbindelse<\/p>\n","protected":false},"featured_media":276149,"comment_status":"open","ping_status":"closed","template":"","meta":[],"product_brand":[],"product_cat":[2680],"product_tag":[],"class_list":{"0":"post-285716","1":"product","2":"type-product","3":"status-publish","4":"has-post-thumbnail","6":"product_cat-handledsutlosare","8":"first","9":"instock","10":"taxable","11":"shipping-taxable","12":"purchasable","13":"product-type-simple"},"composite_virtual":false,"composite_layout":"","composite_add_to_cart_form_location":"","composite_editable_in_cart":false,"composite_sold_individually_context":"","composite_shop_price_calc":"","composite_components":[],"composite_scenarios":[],"group_of_quantity":0,"min_quantity":0,"max_quantity":"","exclude_order_quantity_value_rules":"no","exclude_category_quantity_rules":"no","combine_variations":"no","exclude_global_add_ons":[],"addons":[],"_links":{"self":[{"href":"https:\/\/www.huntersfriend.eu\/sv\/wp-json\/wp\/v2\/product\/285716","targetHints":{"allow":["GET"]}}],"collection":[{"href":"https:\/\/www.huntersfriend.eu\/sv\/wp-json\/wp\/v2\/product"}],"about":[{"href":"https:\/\/www.huntersfriend.eu\/sv\/wp-json\/wp\/v2\/types\/product"}],"replies":[{"embeddable":true,"href":"https:\/\/www.huntersfriend.eu\/sv\/wp-json\/wp\/v2\/comments?post=285716"}],"wp:featuredmedia":[{"embeddable":true,"href":"https:\/\/www.huntersfriend.eu\/sv\/wp-json\/wp\/v2\/media\/276149"}],"wp:attachment":[{"href":"https:\/\/www.huntersfriend.eu\/sv\/wp-json\/wp\/v2\/media?parent=285716"}],"wp:term":[{"taxonomy":"product_brand","embeddable":true,"href":"https:\/\/www.huntersfriend.eu\/sv\/wp-json\/wp\/v2\/product_brand?post=285716"},{"taxonomy":"product_cat","embeddable":true,"href":"https:\/\/www.huntersfriend.eu\/sv\/wp-json\/wp\/v2\/product_cat?post=285716"},{"taxonomy":"product_tag","embeddable":true,"href":"https:\/\/www.huntersfriend.eu\/sv\/wp-json\/wp\/v2\/product_tag?post=285716"}],"curies":[{"name":"wp","href":"https:\/\/api.w.org\/{rel}","templated":true}]}}