{"id":285708,"date":"2025-01-14T12:29:08","date_gmt":"2025-01-14T10:29:08","guid":{"rendered":"https:\/\/www.huntersfriend.eu\/product\/hha-nytrx-sikte\/"},"modified":"2025-09-17T13:11:13","modified_gmt":"2025-09-17T11:11:13","slug":"hha-nytrx-sikte","status":"publish","type":"product","link":"https:\/\/www.huntersfriend.eu\/sv\/produkt\/hha-nytrx-sikte\/","title":{"rendered":"HHA NYTRX-sikte"},"content":{"rendered":"<div class=\"elementor-element elementor-element-f0f78cd elementor-widget elementor-widget-text-editor\" data-id=\"f0f78cd\" data-element_type=\"widget\" data-widget_type=\"text-editor.default\">\n<div class=\"elementor-widget-container\">\n<p>Vi presenterar NYTRX \u2013 v\u00e5rt mest avancerade siktsystem hittills. Dessa sikten \u00e4r byggda med direkt feedback fr\u00e5n v\u00e5ra kunder och omdefinierar anpassning och effektivitet, vilket ger dig fullst\u00e4ndig kontroll \u00f6ver din installation. Vill du skjuta med 2 stift f\u00f6r vitsvanshjort men 3 stift f\u00f6r \u00e4lg? Du beh\u00f6ver inte l\u00e4ngre tv\u00e5 sikten; NYTRX \u00e4r ditt svar. Byt enkelt mellan indikatorer, sikten och ramar f\u00f6r att anpassa din installation.    <\/p>\n<ul>\n<li>Omplacerad kugghjulshylla f\u00f6r ut\u00f6kat avst\u00e5nd<\/li>\n<li>Tv\u00e5stegs vindjustering (makro och mikro)<\/li>\n<li>Noggrannhet p\u00e5 metern med en snabb vridning p\u00e5 hjulet<\/li>\n<li>Utbytbara indikatorer och sikten g\u00f6r att du enkelt kan v\u00e4xla mellan 1-, 2-, 3- och 4-stiftskonfigurationer.<\/li>\n<li>1:a axeljustering<\/li>\n<li>Mekanisk reostat f\u00f6r fiberoptisk ljusstyrkekontroll<\/li>\n<li>ARMOR-stiftb\u00e4rare f\u00f6r totalt fiberskydd<\/li>\n<\/ul>\n<\/div>\n<\/div>\n<div class=\"elementor-element elementor-element-8188eba elementor-widget elementor-widget-shortcode\" data-id=\"8188eba\" data-element_type=\"widget\" data-widget_type=\"shortcode.default\">\n<div class=\"elementor-widget-container\"><strong>TILLG\u00c4NGLIGA ALTERNATIV<\/strong><\/p>\n<div class=\"option-row\"><span class=\"option-label\">Monteringstyp:<\/span><\/p>\n<div class=\"option_values_wrapper\"><span class=\"option-value\">Sido- eller Pic-montering (laxstj\u00e4rt tillg\u00e4nglig med specialbest\u00e4llning)<\/span><\/div>\n<\/div>\n<div class=\"option-row\"><span class=\"option-label\">Antal stift: <\/span><span class=\"option-value\">1 stift <\/span><span class=\"option-value\">2 stift (<\/span><span class=\"option-value\">3 stift <\/span><span class=\"option-value\">4 stift specialbest\u00e4llning)<\/span><\/div>\n<div class=\"option-row\"><span class=\"option-label\">Stiftstorlek: <\/span><span class=\"option-value\">.010 eller <\/span><span class=\"option-value\">.019<\/span><\/div>\n<div class=\"option-row\"><span class=\"option-label\">Hand v\/h: <\/span><span class=\"option-value\">v\u00e4nster eller <\/span><span class=\"option-value\">h\u00f6ger<\/p>\n<p><\/span><\/div>\n<div>Alla NYTRX har v\u00e5r utbytbara indikatorteknik som g\u00f6r att du kan byta mellan b\u00e5de sikten och indikatorer f\u00f6r att m\u00f6ta dina behov oavsett applikation. Vill du skjuta med 1 stift f\u00f6r 3D, men vill byta till 3 stift f\u00f6r jakt? Nu kan du med utbytbara indikatorer och sikten.  <\/p>\n<\/div>\n<\/div>\n<div>NYTRX \u00e4r v\u00e5rt f\u00f6rsta sikte n\u00e5gonsin som tillverkats med helt oberoende 1:a, 2:a och 3:e axeljusteringar. Den nyligen tillagda 1:a axeljusteringen s\u00e4kerst\u00e4ller att din siktesskena alltid r\u00f6r sig i niv\u00e5 med din pilb\u00e5ge, vilket \u00f6kar din noggrannhet p\u00e5 l\u00e5nga avst\u00e5nd. <\/div>\n<div><\/div>\n<\/div>\n<div>NYTRX har v\u00e5r nyligen omplacerade kugghjulshylla som g\u00f6r att du \u201c0\u201d ut ditt sikte och anv\u00e4nder hela ditt avst\u00e5ndshjul och f\u00f6rl\u00e4nger din r\u00e4ckvidd. Tillsammans med v\u00e5ra l\u00e5ngdistansband (ing\u00e5r) kan du n\u00e5 l\u00e4ngre avst\u00e5nd \u00e4n n\u00e5gonsin tidigare. <\/div>\n","protected":false},"excerpt":{"rendered":"<p>Vi presenterar NYTRX \u2013 v\u00e5rt mest avancerade siktsystem hittills. Dessa sikten \u00e4r byggda med direkt feedback fr\u00e5n v\u00e5ra kunder och omdefinierar anpassning och effektivitet, vilket ger dig fullst\u00e4ndig kontroll \u00f6ver din installation. Vill du skjuta med 2 stift f\u00f6r vitsvanshjort men 3 stift f\u00f6r \u00e4lg? Du beh\u00f6ver inte l\u00e4ngre tv\u00e5 sikten; NYTRX \u00e4r ditt svar. [&#8230;]\n","protected":false},"featured_media":277209,"comment_status":"open","ping_status":"closed","template":"","meta":[],"product_brand":[],"product_cat":[2690],"product_tag":[],"class_list":{"0":"post-285708","1":"product","2":"type-product","3":"status-publish","4":"has-post-thumbnail","6":"product_cat-bagjaktsikten","8":"first","9":"instock","10":"taxable","11":"shipping-taxable","12":"purchasable","13":"product-type-variable"},"composite_virtual":false,"composite_layout":"","composite_add_to_cart_form_location":"","composite_editable_in_cart":false,"composite_sold_individually_context":"","composite_shop_price_calc":"","composite_components":[],"composite_scenarios":[],"group_of_quantity":0,"min_quantity":0,"max_quantity":"","exclude_order_quantity_value_rules":"no","exclude_category_quantity_rules":"no","combine_variations":"no","exclude_global_add_ons":[],"addons":[],"_links":{"self":[{"href":"https:\/\/www.huntersfriend.eu\/sv\/wp-json\/wp\/v2\/product\/285708","targetHints":{"allow":["GET"]}}],"collection":[{"href":"https:\/\/www.huntersfriend.eu\/sv\/wp-json\/wp\/v2\/product"}],"about":[{"href":"https:\/\/www.huntersfriend.eu\/sv\/wp-json\/wp\/v2\/types\/product"}],"replies":[{"embeddable":true,"href":"https:\/\/www.huntersfriend.eu\/sv\/wp-json\/wp\/v2\/comments?post=285708"}],"wp:featuredmedia":[{"embeddable":true,"href":"https:\/\/www.huntersfriend.eu\/sv\/wp-json\/wp\/v2\/media\/277209"}],"wp:attachment":[{"href":"https:\/\/www.huntersfriend.eu\/sv\/wp-json\/wp\/v2\/media?parent=285708"}],"wp:term":[{"taxonomy":"product_brand","embeddable":true,"href":"https:\/\/www.huntersfriend.eu\/sv\/wp-json\/wp\/v2\/product_brand?post=285708"},{"taxonomy":"product_cat","embeddable":true,"href":"https:\/\/www.huntersfriend.eu\/sv\/wp-json\/wp\/v2\/product_cat?post=285708"},{"taxonomy":"product_tag","embeddable":true,"href":"https:\/\/www.huntersfriend.eu\/sv\/wp-json\/wp\/v2\/product_tag?post=285708"}],"curies":[{"name":"wp","href":"https:\/\/api.w.org\/{rel}","templated":true}]}}