{"id":285705,"date":"2024-12-27T11:19:33","date_gmt":"2024-12-27T09:19:33","guid":{"rendered":"https:\/\/www.huntersfriend.eu\/product\/peltonen-knivar-m95-ranger-puukko-15-cm\/"},"modified":"2026-04-16T07:30:30","modified_gmt":"2026-04-16T05:30:30","slug":"peltonen-knivar-m95-ranger-puukko-15-cm","status":"publish","type":"product","link":"https:\/\/www.huntersfriend.eu\/sv\/produkt\/peltonen-knivar-m95-ranger-puukko-15-cm\/","title":{"rendered":"Peltonen-knivar M95 ranger puukko 15 cm"},"content":{"rendered":"<h2><span data-text-color=\"alert\">Observera att vi inte kommer att kunna skicka den h\u00e4r kniven till Storbritannien p\u00e5 grund av lokala importrestriktioner. Var uppm\u00e4rksam p\u00e5 dina lokala best\u00e4mmelser innan du best\u00e4ller. <\/span><\/h2>\n<div class=\"feature-description\">\n<p>Designad av f\u00f6re detta kaptenen f\u00f6r Finlands f\u00f6rsvarsmakt, J-P Peltonen<br \/>\nVikt: 200 g<br \/>\nTotal l\u00e4ngd: 273 mm<br \/>\nUrsprungsland: Finland<\/p>\n<\/div>\n<div class=\"feature-row\">\n<div class=\"row\">\n<div class=\"col-5 col-lg-3\">\n<div class=\"feature-title\">\n<p>B\u00e4st anv\u00e4ndning \u2013 Taktisk, \u00f6verlevnad och camping.<\/p>\n<p>Med kompositslida<\/p>\n<\/div>\n<\/div>\n<\/div>\n<\/div>\n<div class=\"feature-row\">\n<div class=\"row\">\n<div class=\"col-5 col-lg-3\">\n<div class=\"feature-title\">\n<p>Blad<\/p>\n<\/div>\n<\/div>\n<div class=\"col-7 col-lg-9\">\n<div class=\"feature-text\">\n<ul>\n<li>Bladmaterial: 80CrV2 kolst\u00e5l<\/li>\n<li>Bladstil: Drop Point<\/li>\n<li>Bladslipning: Sabelslipning, vinkel 23\u00b0<\/li>\n<li>Bladh\u00e4rdning: HRC 59<\/li>\n<li>Bladbel\u00e4ggningsalternativ: obelagd \/ PTFE Teflon \/ Cerakote<\/li>\n<li>Bladl\u00e4ngd: 150 mm<\/li>\n<li>Bladtjocklek: 4,25 mm<\/li>\n<\/ul>\n<\/div>\n<\/div>\n<\/div>\n<\/div>\n<div class=\"feature-row\">\n<div class=\"row\">\n<div class=\"col-5 col-lg-3\">\n<div class=\"feature-title\">\n<p>Handtag<\/p>\n<\/div>\n<\/div>\n<div class=\"col-7 col-lg-9\">\n<div class=\"feature-text\">\n<ul>\n<li>TPE<\/li>\n<li>Utm\u00e4rkt grepp<\/li>\n<li>Ergonomisk design<\/li>\n<li>F\u00f6rst\u00e4rkt dold t\u00e5nge<\/li>\n<\/ul>\n<\/div>\n<\/div>\n<\/div>\n<\/div>\n","protected":false},"excerpt":{"rendered":"<p>Kompositslida<\/p>\n","protected":false},"featured_media":275931,"comment_status":"open","ping_status":"closed","template":"","meta":[],"product_brand":[],"product_cat":[2610],"product_tag":[],"class_list":{"0":"post-285705","1":"product","2":"type-product","3":"status-publish","4":"has-post-thumbnail","6":"product_cat-knivar-yxor-och-slipar","8":"first","9":"instock","10":"taxable","11":"shipping-taxable","12":"purchasable","13":"product-type-variable"},"composite_virtual":false,"composite_layout":"","composite_add_to_cart_form_location":"","composite_editable_in_cart":false,"composite_sold_individually_context":"","composite_shop_price_calc":"","composite_components":[],"composite_scenarios":[],"group_of_quantity":0,"min_quantity":0,"max_quantity":"","exclude_order_quantity_value_rules":"no","exclude_category_quantity_rules":"no","combine_variations":"no","exclude_global_add_ons":[],"addons":[],"_links":{"self":[{"href":"https:\/\/www.huntersfriend.eu\/sv\/wp-json\/wp\/v2\/product\/285705","targetHints":{"allow":["GET"]}}],"collection":[{"href":"https:\/\/www.huntersfriend.eu\/sv\/wp-json\/wp\/v2\/product"}],"about":[{"href":"https:\/\/www.huntersfriend.eu\/sv\/wp-json\/wp\/v2\/types\/product"}],"replies":[{"embeddable":true,"href":"https:\/\/www.huntersfriend.eu\/sv\/wp-json\/wp\/v2\/comments?post=285705"}],"wp:featuredmedia":[{"embeddable":true,"href":"https:\/\/www.huntersfriend.eu\/sv\/wp-json\/wp\/v2\/media\/275931"}],"wp:attachment":[{"href":"https:\/\/www.huntersfriend.eu\/sv\/wp-json\/wp\/v2\/media?parent=285705"}],"wp:term":[{"taxonomy":"product_brand","embeddable":true,"href":"https:\/\/www.huntersfriend.eu\/sv\/wp-json\/wp\/v2\/product_brand?post=285705"},{"taxonomy":"product_cat","embeddable":true,"href":"https:\/\/www.huntersfriend.eu\/sv\/wp-json\/wp\/v2\/product_cat?post=285705"},{"taxonomy":"product_tag","embeddable":true,"href":"https:\/\/www.huntersfriend.eu\/sv\/wp-json\/wp\/v2\/product_tag?post=285705"}],"curies":[{"name":"wp","href":"https:\/\/api.w.org\/{rel}","templated":true}]}}