{"id":285704,"date":"2025-01-04T01:34:08","date_gmt":"2025-01-03T23:34:08","guid":{"rendered":"https:\/\/www.huntersfriend.eu\/product\/scott-archery-solus-ncs-release\/"},"modified":"2025-08-26T10:46:15","modified_gmt":"2025-08-26T08:46:15","slug":"scott-archery-solus-ncs-release","status":"publish","type":"product","link":"https:\/\/www.huntersfriend.eu\/sv\/produkt\/scott-archery-solus-ncs-release\/","title":{"rendered":"Scott archery solus NCS release"},"content":{"rendered":"<p><em><strong>SOLUS NCS<\/strong><\/em> ger en superanpassad passform, driven av den nya NCS-kontakten som m\u00f6jligg\u00f6r 360 graders rotation och sidor\u00f6relse f\u00f6r att h\u00e5lla str\u00e4ngsp\u00e4nningen i linje med remmen \u2013 vilket minskar vridmomentet. Den kompakta \u00f6ppna kroken m\u00f6jligg\u00f6r enkel lastning och lossning utan att beh\u00f6va r\u00f6ra avtryckaren, medan enkel sear-design justerar r\u00f6relse och sp\u00e4nning f\u00f6r exakta justeringsm\u00f6jligheter. Dessutom till\u00e5ter greppkanter b\u00e5gskyttar att konsekvent dra \u2013 varje g\u00e5ng.  <\/p>\n<p><strong>FUNKTIONER:<\/strong><\/p>\n<ul>\n<li>O\u00e4ndlig l\u00e4ngdjustering med NCS-remmen<\/li>\n<li>Justerbar handledsrem f\u00f6r att passa alla storlekar<\/li>\n<li>Mikrojusterbar r\u00f6relse &amp; sp\u00e4nning<\/li>\n<li>Str\u00f6mlinjeformad design och l\u00e4tt aluminiumkropp<\/li>\n<li>Automatisk \u00e5terst\u00e4llningskrok med 100 % frig\u00e5ng f\u00f6r extrem noggrannhet &amp; justerbarhet<\/li>\n<li>Inline-design minskar str\u00e4ngvridningen<\/li>\n<\/ul>\n","protected":false},"excerpt":{"rendered":"<p>SOLUS NCS ger en superanpassad passform, driven av den nya NCS-kontakten som m\u00f6jligg\u00f6r 360 graders rotation och sidor\u00f6relse f\u00f6r att h\u00e5lla str\u00e4ngsp\u00e4nningen i linje med remmen \u2013 vilket minskar vridmomentet. Den kompakta \u00f6ppna kroken m\u00f6jligg\u00f6r enkel lastning och lossning utan att beh\u00f6va r\u00f6ra avtryckaren, medan enkel sear-design justerar r\u00f6relse och sp\u00e4nning f\u00f6r exakta justeringsm\u00f6jligheter. Dessutom [&#8230;]\n","protected":false},"featured_media":276767,"comment_status":"open","ping_status":"closed","template":"","meta":[],"product_brand":[],"product_cat":[2680],"product_tag":[],"class_list":{"0":"post-285704","1":"product","2":"type-product","3":"status-publish","4":"has-post-thumbnail","6":"product_cat-handledsutlosare","8":"first","9":"outofstock","10":"taxable","11":"shipping-taxable","12":"purchasable","13":"product-type-simple"},"composite_virtual":false,"composite_layout":"","composite_add_to_cart_form_location":"","composite_editable_in_cart":false,"composite_sold_individually_context":"","composite_shop_price_calc":"","composite_components":[],"composite_scenarios":[],"group_of_quantity":0,"min_quantity":0,"max_quantity":"","exclude_order_quantity_value_rules":"no","exclude_category_quantity_rules":"no","combine_variations":"no","exclude_global_add_ons":[],"addons":[],"_links":{"self":[{"href":"https:\/\/www.huntersfriend.eu\/sv\/wp-json\/wp\/v2\/product\/285704","targetHints":{"allow":["GET"]}}],"collection":[{"href":"https:\/\/www.huntersfriend.eu\/sv\/wp-json\/wp\/v2\/product"}],"about":[{"href":"https:\/\/www.huntersfriend.eu\/sv\/wp-json\/wp\/v2\/types\/product"}],"replies":[{"embeddable":true,"href":"https:\/\/www.huntersfriend.eu\/sv\/wp-json\/wp\/v2\/comments?post=285704"}],"wp:featuredmedia":[{"embeddable":true,"href":"https:\/\/www.huntersfriend.eu\/sv\/wp-json\/wp\/v2\/media\/276767"}],"wp:attachment":[{"href":"https:\/\/www.huntersfriend.eu\/sv\/wp-json\/wp\/v2\/media?parent=285704"}],"wp:term":[{"taxonomy":"product_brand","embeddable":true,"href":"https:\/\/www.huntersfriend.eu\/sv\/wp-json\/wp\/v2\/product_brand?post=285704"},{"taxonomy":"product_cat","embeddable":true,"href":"https:\/\/www.huntersfriend.eu\/sv\/wp-json\/wp\/v2\/product_cat?post=285704"},{"taxonomy":"product_tag","embeddable":true,"href":"https:\/\/www.huntersfriend.eu\/sv\/wp-json\/wp\/v2\/product_tag?post=285704"}],"curies":[{"name":"wp","href":"https:\/\/api.w.org\/{rel}","templated":true}]}}