{"id":285697,"date":"2025-01-04T01:34:08","date_gmt":"2025-01-03T23:34:08","guid":{"rendered":"https:\/\/www.huntersfriend.eu\/product\/scott-archery-legacy-release\/"},"modified":"2025-08-26T10:46:14","modified_gmt":"2025-08-26T08:46:14","slug":"scott-archery-legacy-release","status":"publish","type":"product","link":"https:\/\/www.huntersfriend.eu\/sv\/produkt\/scott-archery-legacy-release\/","title":{"rendered":"Scott Archery Legacy Release"},"content":{"rendered":"<p>Den patenterade HyperJaw<sup>TM<\/sup>-tekniken fungerar i perfekt synkronisering, vilket eliminerar all sidovridning som kan komma fr\u00e5n en ofullkomlig skjutform. Legacy har Scott Archerys Roller Trigger System\u2122 (RTS) som ger en silkeslen avtryckarfunktion som kan anpassas till specifika skjutstilar med ett brett utbud av justeringsalternativ f\u00f6r att passa din unika form och stil. <\/p>\n<p><strong>FUNKTIONER <\/strong><\/p>\n<ul>\n<li>HyperJaw<sup>TM<\/sup>-teknik Har o\u00f6vertr\u00e4ffad \u00f6ppningsrespons, eliminerar vridning och \u00f6kar noggrannheten<\/li>\n<li>Roller Trigger System (RTS) Ger en silkeslen, justerbar avtryckarfunktion<\/li>\n<li>Sj\u00e4lvst\u00e4ngande k\u00e4ftar i rostfritt st\u00e5l<\/li>\n<li>Kompakt ergonomisk kroppsdesign ger ett bekv\u00e4mare och repeterbart ankare<\/li>\n<li>Bepr\u00f6vad Scott caliper roller sear design<\/li>\n<li>Nylonanslutningsremsystem f\u00f6r o\u00e4ndliga l\u00e4ngdjusteringar<\/li>\n<li>L\u00e4derrem med neopren f\u00f6r extra komfort<\/li>\n<\/ul>\n","protected":false},"excerpt":{"rendered":"<p>Den patenterade HyperJawTM-tekniken fungerar i perfekt synkronisering, vilket eliminerar all sidovridning som kan komma fr\u00e5n en ofullkomlig skjutform. Legacy har Scott Archerys Roller Trigger System\u2122 (RTS) som ger en silkeslen avtryckarfunktion som kan anpassas till specifika skjutstilar med ett brett utbud av justeringsalternativ f\u00f6r att passa din unika form och stil. FUNKTIONER HyperJawTM-teknik Har o\u00f6vertr\u00e4ffad [&#8230;]\n","protected":false},"featured_media":276130,"comment_status":"open","ping_status":"closed","template":"","meta":[],"product_brand":[],"product_cat":[878],"product_tag":[],"class_list":{"0":"post-285697","1":"product","2":"type-product","3":"status-publish","4":"has-post-thumbnail","6":"product_cat-uncategorized-sv","8":"first","9":"outofstock","10":"taxable","11":"shipping-taxable","12":"purchasable","13":"product-type-simple"},"composite_virtual":false,"composite_layout":"","composite_add_to_cart_form_location":"","composite_editable_in_cart":false,"composite_sold_individually_context":"","composite_shop_price_calc":"","composite_components":[],"composite_scenarios":[],"group_of_quantity":0,"min_quantity":0,"max_quantity":"","exclude_order_quantity_value_rules":"no","exclude_category_quantity_rules":"no","combine_variations":"no","exclude_global_add_ons":[],"addons":[],"_links":{"self":[{"href":"https:\/\/www.huntersfriend.eu\/sv\/wp-json\/wp\/v2\/product\/285697","targetHints":{"allow":["GET"]}}],"collection":[{"href":"https:\/\/www.huntersfriend.eu\/sv\/wp-json\/wp\/v2\/product"}],"about":[{"href":"https:\/\/www.huntersfriend.eu\/sv\/wp-json\/wp\/v2\/types\/product"}],"replies":[{"embeddable":true,"href":"https:\/\/www.huntersfriend.eu\/sv\/wp-json\/wp\/v2\/comments?post=285697"}],"wp:featuredmedia":[{"embeddable":true,"href":"https:\/\/www.huntersfriend.eu\/sv\/wp-json\/wp\/v2\/media\/276130"}],"wp:attachment":[{"href":"https:\/\/www.huntersfriend.eu\/sv\/wp-json\/wp\/v2\/media?parent=285697"}],"wp:term":[{"taxonomy":"product_brand","embeddable":true,"href":"https:\/\/www.huntersfriend.eu\/sv\/wp-json\/wp\/v2\/product_brand?post=285697"},{"taxonomy":"product_cat","embeddable":true,"href":"https:\/\/www.huntersfriend.eu\/sv\/wp-json\/wp\/v2\/product_cat?post=285697"},{"taxonomy":"product_tag","embeddable":true,"href":"https:\/\/www.huntersfriend.eu\/sv\/wp-json\/wp\/v2\/product_tag?post=285697"}],"curies":[{"name":"wp","href":"https:\/\/api.w.org\/{rel}","templated":true}]}}