{"id":285695,"date":"2025-01-04T01:34:07","date_gmt":"2025-01-03T23:34:07","guid":{"rendered":"https:\/\/www.huntersfriend.eu\/product\/scott-archery-vibe-release\/"},"modified":"2025-08-26T10:46:13","modified_gmt":"2025-08-26T08:46:13","slug":"scott-archery-vibe-release","status":"publish","type":"product","link":"https:\/\/www.huntersfriend.eu\/sv\/produkt\/scott-archery-vibe-release\/","title":{"rendered":"Scott Archery Vibe Release"},"content":{"rendered":"<p><em><strong>Vibe<\/strong><\/em> \u00e4r en b\u00e5gskytteutl\u00f6sare f\u00f6r ungdomar med en mjuk rullsp\u00e4rrsavtryckare, slitstark dubbel k\u00e4ke i bromsoksstil och justerbar r\u00f6relse f\u00f6r o\u00f6vertr\u00e4ffad precision, utformad f\u00f6r att bygga upp sj\u00e4lvf\u00f6rtroende f\u00f6r alla unga b\u00e5gskyttar. Med en innovativ NCS-kontakt, p\u00e5litlig returfj\u00e4der och en specialdesignad ungdomsrem erbjuder <em><strong>Vibe<\/strong><\/em> en s\u00e4ker, anpassningsbar passform som prioriterar komfort och konsekvens. Denna release finns i dj\u00e4rvt r\u00f6tt eller ljusbl\u00e5tt och kombinerar f\u00f6rstklassig prestanda med enast\u00e5ende stil, vilket ger unga b\u00e5gskyttar m\u00f6jlighet att skjuta med sj\u00e4lvf\u00f6rtroende.  <\/p>\n<p><strong>Funktioner:<\/strong><\/p>\n<ul>\n<li>Dubbel k\u00e4ke i bromsoksstil<\/li>\n<li>Automatisk returavtryckare<\/li>\n<li>NCS-anslutning<\/li>\n<li>Rullsp\u00e4rrsavtryckare<\/li>\n<li>R\u00f6relsejustering<\/li>\n<li>Ungdomsrem<\/li>\n<\/ul>\n","protected":false},"excerpt":{"rendered":"<p>R\u00f6d med svart sp\u00e4nne NCS-rem<\/p>\n","protected":false},"featured_media":276137,"comment_status":"open","ping_status":"closed","template":"","meta":[],"product_brand":[],"product_cat":[2680],"product_tag":[],"class_list":{"0":"post-285695","1":"product","2":"type-product","3":"status-publish","4":"has-post-thumbnail","6":"product_cat-handledsutlosare","8":"first","9":"instock","10":"taxable","11":"shipping-taxable","12":"purchasable","13":"product-type-simple"},"composite_virtual":false,"composite_layout":"","composite_add_to_cart_form_location":"","composite_editable_in_cart":false,"composite_sold_individually_context":"","composite_shop_price_calc":"","composite_components":[],"composite_scenarios":[],"group_of_quantity":0,"min_quantity":0,"max_quantity":"","exclude_order_quantity_value_rules":"no","exclude_category_quantity_rules":"no","combine_variations":"no","exclude_global_add_ons":[],"addons":[],"_links":{"self":[{"href":"https:\/\/www.huntersfriend.eu\/sv\/wp-json\/wp\/v2\/product\/285695","targetHints":{"allow":["GET"]}}],"collection":[{"href":"https:\/\/www.huntersfriend.eu\/sv\/wp-json\/wp\/v2\/product"}],"about":[{"href":"https:\/\/www.huntersfriend.eu\/sv\/wp-json\/wp\/v2\/types\/product"}],"replies":[{"embeddable":true,"href":"https:\/\/www.huntersfriend.eu\/sv\/wp-json\/wp\/v2\/comments?post=285695"}],"wp:featuredmedia":[{"embeddable":true,"href":"https:\/\/www.huntersfriend.eu\/sv\/wp-json\/wp\/v2\/media\/276137"}],"wp:attachment":[{"href":"https:\/\/www.huntersfriend.eu\/sv\/wp-json\/wp\/v2\/media?parent=285695"}],"wp:term":[{"taxonomy":"product_brand","embeddable":true,"href":"https:\/\/www.huntersfriend.eu\/sv\/wp-json\/wp\/v2\/product_brand?post=285695"},{"taxonomy":"product_cat","embeddable":true,"href":"https:\/\/www.huntersfriend.eu\/sv\/wp-json\/wp\/v2\/product_cat?post=285695"},{"taxonomy":"product_tag","embeddable":true,"href":"https:\/\/www.huntersfriend.eu\/sv\/wp-json\/wp\/v2\/product_tag?post=285695"}],"curies":[{"name":"wp","href":"https:\/\/api.w.org\/{rel}","templated":true}]}}