{"id":285694,"date":"2024-12-21T00:54:08","date_gmt":"2024-12-20T22:54:08","guid":{"rendered":"https:\/\/www.huntersfriend.eu\/product\/morakniv-eldris-kniv\/"},"modified":"2025-08-26T10:46:13","modified_gmt":"2025-08-26T08:46:13","slug":"morakniv-eldris-kniv","status":"publish","type":"product","link":"https:\/\/www.huntersfriend.eu\/sv\/produkt\/morakniv-eldris-kniv\/","title":{"rendered":"Morakniv eldris kniv"},"content":{"rendered":"<h2><span data-text-color=\"alert\">Observera att vi inte kommer att kunna skicka den h\u00e4r kniven till Storbritannien p\u00e5 grund av lokala importrestriktioner. Var uppm\u00e4rksam p\u00e5 dina lokala best\u00e4mmelser innan du best\u00e4ller. <\/span><\/h2>\n<p>M\u00e5ngsidig friluftskniv i fickformat som \u00e4r perfekt f\u00f6r mindre uppgifter p\u00e5 ditt \u00e4ventyr och som enkelt kan b\u00e4ras i ryggs\u00e4cken eller fickan. Kniven \u00e4r tillverkad av slitstark polymer och h\u00f6gkvalitativt svenskt rostfritt st\u00e5l och \u00e4r ett givet verktyg i packningen. En fantastisk halskniv!  <\/p>\n<ul>\n<li>Snygg, flexibel friluftskniv i fickformat som kan b\u00e4ras i en byxficka eller i en ryggs\u00e4ck<\/li>\n<li>Perfekt f\u00f6r b\u00e5de nya och mer erfarna \u00e4ventyrare<\/li>\n<li>Kan anv\u00e4ndas med eldstarter s\u00e5 att du kan t\u00e4nda l\u00e4gerelden<\/li>\n<li>Bekv\u00e4mt handtag med friktionsgrepp som ger ett s\u00e4kert grepp i alla v\u00e4der<\/li>\n<\/ul>\n<p class=\"attribute-item\"><strong>Anv\u00e4ndningsomr\u00e5de:<\/strong> bushcraft, jakt, utomhus<\/p>\n<p class=\"attribute-item\"><strong>Ursprungsland:<\/strong> Sverige<\/p>\n<p class=\"attribute-item\"><strong>Bladl\u00e4ngd:<\/strong> 59 mm<\/p>\n<p class=\"attribute-item\"><strong>Bladtjocklek:<\/strong> 2,0 mm<\/p>\n<p class=\"attribute-item\"><strong>Knivl\u00e4ngd:<\/strong> 145 mm<\/p>\n<p class=\"attribute-item\"><strong>St\u00e5ltyp:<\/strong> Svenskt rostfritt st\u00e5l<\/p>\n<p class=\"attribute-item\"><strong>SGM:<\/strong> SGM\u00aeS-ASE101<\/p>\n<p class=\"attribute-item\"><strong>Nominell h\u00e5rdhet (HRC):<\/strong> 56,5<\/p>\n<p class=\"attribute-item\"><strong>Grip Material:<\/strong> TPE-gummi<\/p>\n<p class=\"attribute-item\"><strong>Nettovikt:<\/strong> 80,0 g<\/p>\n","protected":false},"excerpt":{"rendered":"<p>Observera att vi inte kommer att kunna skicka den h\u00e4r kniven till Storbritannien p\u00e5 grund av lokala importrestriktioner. Var uppm\u00e4rksam p\u00e5 dina lokala best\u00e4mmelser innan du best\u00e4ller. M\u00e5ngsidig friluftskniv i fickformat som \u00e4r perfekt f\u00f6r mindre uppgifter p\u00e5 ditt \u00e4ventyr och som enkelt kan b\u00e4ras i ryggs\u00e4cken eller fickan. Kniven \u00e4r tillverkad av slitstark polymer [&#8230;]\n","protected":false},"featured_media":275940,"comment_status":"open","ping_status":"closed","template":"","meta":[],"product_brand":[],"product_cat":[878],"product_tag":[],"class_list":{"0":"post-285694","1":"product","2":"type-product","3":"status-publish","4":"has-post-thumbnail","6":"product_cat-uncategorized-sv","8":"first","9":"outofstock","10":"taxable","11":"shipping-taxable","12":"purchasable","13":"product-type-simple"},"composite_virtual":false,"composite_layout":"","composite_add_to_cart_form_location":"","composite_editable_in_cart":false,"composite_sold_individually_context":"","composite_shop_price_calc":"","composite_components":[],"composite_scenarios":[],"group_of_quantity":0,"min_quantity":0,"max_quantity":"","exclude_order_quantity_value_rules":"no","exclude_category_quantity_rules":"no","combine_variations":"no","exclude_global_add_ons":[],"addons":[],"_links":{"self":[{"href":"https:\/\/www.huntersfriend.eu\/sv\/wp-json\/wp\/v2\/product\/285694","targetHints":{"allow":["GET"]}}],"collection":[{"href":"https:\/\/www.huntersfriend.eu\/sv\/wp-json\/wp\/v2\/product"}],"about":[{"href":"https:\/\/www.huntersfriend.eu\/sv\/wp-json\/wp\/v2\/types\/product"}],"replies":[{"embeddable":true,"href":"https:\/\/www.huntersfriend.eu\/sv\/wp-json\/wp\/v2\/comments?post=285694"}],"wp:featuredmedia":[{"embeddable":true,"href":"https:\/\/www.huntersfriend.eu\/sv\/wp-json\/wp\/v2\/media\/275940"}],"wp:attachment":[{"href":"https:\/\/www.huntersfriend.eu\/sv\/wp-json\/wp\/v2\/media?parent=285694"}],"wp:term":[{"taxonomy":"product_brand","embeddable":true,"href":"https:\/\/www.huntersfriend.eu\/sv\/wp-json\/wp\/v2\/product_brand?post=285694"},{"taxonomy":"product_cat","embeddable":true,"href":"https:\/\/www.huntersfriend.eu\/sv\/wp-json\/wp\/v2\/product_cat?post=285694"},{"taxonomy":"product_tag","embeddable":true,"href":"https:\/\/www.huntersfriend.eu\/sv\/wp-json\/wp\/v2\/product_tag?post=285694"}],"curies":[{"name":"wp","href":"https:\/\/api.w.org\/{rel}","templated":true}]}}