{"id":285693,"date":"2024-12-21T00:54:08","date_gmt":"2024-12-20T22:54:08","guid":{"rendered":"https:\/\/www.huntersfriend.eu\/product\/morakniv-companion-mg-heavy-duty-kniv\/"},"modified":"2025-08-26T10:46:12","modified_gmt":"2025-08-26T08:46:12","slug":"morakniv-companion-mg-heavy-duty-kniv","status":"publish","type":"product","link":"https:\/\/www.huntersfriend.eu\/sv\/produkt\/morakniv-companion-mg-heavy-duty-kniv\/","title":{"rendered":"Morakniv Companion MG Heavy Duty-kniv"},"content":{"rendered":"<h2><span data-text-color=\"alert\">Observera att vi inte kommer att kunna skicka den h\u00e4r kniven till Storbritannien p\u00e5 grund av lokala importrestriktioner. Var uppm\u00e4rksam p\u00e5 dina lokala best\u00e4mmelser innan du best\u00e4ller. <\/span><\/h2>\n<p><strong>Det h\u00e4r \u00e4r en robust allroundkniv f\u00f6r tillf\u00e4llen d\u00e5 du beh\u00f6ver en p\u00e5litlig och t\u00e5lig f\u00f6ljeslagare i m\u00e5nga olika situationer. Den \u00e4r ocks\u00e5 l\u00e4tt att slipa om, s\u00e5 du kan anv\u00e4nda den om och om igen. <\/strong><\/p>\n<p>Det extra stora ergonomiska polymerhandtaget har ett mjukt friktionsgrepp, ett fingerskydd och ett 3,2 mm tjockt blad av kolst\u00e5l, vilket ger b\u00e5de styrka och stabilitet i varje sk\u00e4r. Tack vare bladets och handtagets design \u00e4r kniven idealisk f\u00f6r att arbeta s\u00e4kert och effektivt i olika v\u00e4derf\u00f6rh\u00e5llanden \u00e5ret runt. Polymerslidan har ett praktiskt b\u00e4ltesclips s\u00e5 att kniven kan f\u00e4stas i b\u00e4ltet eller p\u00e5 ryggs\u00e4cken, alltid n\u00e4ra till hands. Kolst\u00e5l rostar, s\u00e5 torka och olja in bladet efter anv\u00e4ndning.   <\/p>\n<p class=\"attribute-item\"><strong>Anv\u00e4ndningsomr\u00e5de:<\/strong> bushcraft, jakt, utomhus<\/p>\n<p class=\"attribute-item\"><strong>Ursprungsland:<\/strong> Sverige<\/p>\n<p class=\"attribute-item\"><strong>Bladl\u00e4ngd:<\/strong> 104 mm<\/p>\n<p class=\"attribute-item\"><strong>Bladtjocklek:<\/strong> 3,2 mm<\/p>\n<p class=\"attribute-item\"><strong>Knivl\u00e4ngd:<\/strong> 224 mm<\/p>\n<p class=\"attribute-item\"><strong>St\u00e5ltyp:<\/strong> kolst\u00e5l<\/p>\n<p class=\"attribute-item\"><strong>SGM:<\/strong> SGM\u00aeC-DDE101<\/p>\n<p class=\"attribute-item\"><strong>Nominell h\u00e5rdhet (HRC):<\/strong> 57,5<\/p>\n<p class=\"attribute-item\"><strong>Grip Material:<\/strong> TPE-gummi<\/p>\n<p class=\"attribute-item\"><strong>F\u00e4rg:<\/strong> Hi-vis Orange, milit\u00e4rgr\u00f6n<\/p>\n<p class=\"attribute-item\"><strong>Nettovikt:<\/strong> 136,3 g<\/p>\n","protected":false},"excerpt":{"rendered":"<p>Milit\u00e4rgr\u00f6n<\/p>\n","protected":false},"featured_media":275956,"comment_status":"open","ping_status":"closed","template":"","meta":[],"product_brand":[],"product_cat":[878],"product_tag":[],"class_list":{"0":"post-285693","1":"product","2":"type-product","3":"status-publish","4":"has-post-thumbnail","6":"product_cat-uncategorized-sv","8":"first","9":"outofstock","10":"taxable","11":"shipping-taxable","12":"purchasable","13":"product-type-simple"},"composite_virtual":false,"composite_layout":"","composite_add_to_cart_form_location":"","composite_editable_in_cart":false,"composite_sold_individually_context":"","composite_shop_price_calc":"","composite_components":[],"composite_scenarios":[],"group_of_quantity":0,"min_quantity":0,"max_quantity":"","exclude_order_quantity_value_rules":"no","exclude_category_quantity_rules":"no","combine_variations":"no","exclude_global_add_ons":[],"addons":[],"_links":{"self":[{"href":"https:\/\/www.huntersfriend.eu\/sv\/wp-json\/wp\/v2\/product\/285693","targetHints":{"allow":["GET"]}}],"collection":[{"href":"https:\/\/www.huntersfriend.eu\/sv\/wp-json\/wp\/v2\/product"}],"about":[{"href":"https:\/\/www.huntersfriend.eu\/sv\/wp-json\/wp\/v2\/types\/product"}],"replies":[{"embeddable":true,"href":"https:\/\/www.huntersfriend.eu\/sv\/wp-json\/wp\/v2\/comments?post=285693"}],"wp:featuredmedia":[{"embeddable":true,"href":"https:\/\/www.huntersfriend.eu\/sv\/wp-json\/wp\/v2\/media\/275956"}],"wp:attachment":[{"href":"https:\/\/www.huntersfriend.eu\/sv\/wp-json\/wp\/v2\/media?parent=285693"}],"wp:term":[{"taxonomy":"product_brand","embeddable":true,"href":"https:\/\/www.huntersfriend.eu\/sv\/wp-json\/wp\/v2\/product_brand?post=285693"},{"taxonomy":"product_cat","embeddable":true,"href":"https:\/\/www.huntersfriend.eu\/sv\/wp-json\/wp\/v2\/product_cat?post=285693"},{"taxonomy":"product_tag","embeddable":true,"href":"https:\/\/www.huntersfriend.eu\/sv\/wp-json\/wp\/v2\/product_tag?post=285693"}],"curies":[{"name":"wp","href":"https:\/\/api.w.org\/{rel}","templated":true}]}}