{"id":285692,"date":"2025-01-04T01:34:07","date_gmt":"2025-01-03T23:34:07","guid":{"rendered":"https:\/\/www.huntersfriend.eu\/product\/scott-archery-aspen-release\/"},"modified":"2025-08-26T10:46:12","modified_gmt":"2025-08-26T08:46:12","slug":"scott-archery-aspen-release","status":"publish","type":"product","link":"https:\/\/www.huntersfriend.eu\/sv\/produkt\/scott-archery-aspen-release\/","title":{"rendered":"Scott Archery Aspen release"},"content":{"rendered":"<p><em><strong>Aspen<\/strong><\/em> \u00e4r en handledsrem som \u00e4r gjord f\u00f6r b\u00e5gskyttar som prioriterar precision och komfort. Aspen \u00e4r utrustad med b\u00e5de justeringar f\u00f6r avtryckarr\u00f6relse och l\u00e4ngd, och anpassar sig s\u00f6ml\u00f6st till din unika skjutstil. Dess rullavtryckare och enkla st\u00e4ngda k\u00e4ke garanterar en skarp och konsekvent release, medan det roterande release-huvudet s\u00e4kerst\u00e4ller en smidig och p\u00e5litlig funktion. Aspen ger en modern twist till en bepr\u00f6vad design och levererar precision med varje skott.   <\/p>\n<p><strong>Funktioner: <\/strong><\/p>\n<ul>\n<li>St\u00e4ngd enkel k\u00e4ke<\/li>\n<li>R\u00f6relsejustering<\/li>\n<li>Solid roterande release-hand<\/li>\n<li>Rullsp\u00e4rrsavtryckare<\/li>\n<li>5-h\u00e5ls l\u00e4ngdjustering<\/li>\n<li>Vadderad komfortrem<\/li>\n<\/ul>\n","protected":false},"excerpt":{"rendered":"<p>Svart sp\u00e4nnesrem<\/p>\n","protected":false},"featured_media":276107,"comment_status":"open","ping_status":"closed","template":"","meta":[],"product_brand":[],"product_cat":[2680],"product_tag":[],"class_list":{"0":"post-285692","1":"product","2":"type-product","3":"status-publish","4":"has-post-thumbnail","6":"product_cat-handledsutlosare","8":"first","9":"instock","10":"taxable","11":"shipping-taxable","12":"purchasable","13":"product-type-simple"},"composite_virtual":false,"composite_layout":"","composite_add_to_cart_form_location":"","composite_editable_in_cart":false,"composite_sold_individually_context":"","composite_shop_price_calc":"","composite_components":[],"composite_scenarios":[],"group_of_quantity":0,"min_quantity":0,"max_quantity":"","exclude_order_quantity_value_rules":"no","exclude_category_quantity_rules":"no","combine_variations":"no","exclude_global_add_ons":[],"addons":[],"_links":{"self":[{"href":"https:\/\/www.huntersfriend.eu\/sv\/wp-json\/wp\/v2\/product\/285692","targetHints":{"allow":["GET"]}}],"collection":[{"href":"https:\/\/www.huntersfriend.eu\/sv\/wp-json\/wp\/v2\/product"}],"about":[{"href":"https:\/\/www.huntersfriend.eu\/sv\/wp-json\/wp\/v2\/types\/product"}],"replies":[{"embeddable":true,"href":"https:\/\/www.huntersfriend.eu\/sv\/wp-json\/wp\/v2\/comments?post=285692"}],"wp:featuredmedia":[{"embeddable":true,"href":"https:\/\/www.huntersfriend.eu\/sv\/wp-json\/wp\/v2\/media\/276107"}],"wp:attachment":[{"href":"https:\/\/www.huntersfriend.eu\/sv\/wp-json\/wp\/v2\/media?parent=285692"}],"wp:term":[{"taxonomy":"product_brand","embeddable":true,"href":"https:\/\/www.huntersfriend.eu\/sv\/wp-json\/wp\/v2\/product_brand?post=285692"},{"taxonomy":"product_cat","embeddable":true,"href":"https:\/\/www.huntersfriend.eu\/sv\/wp-json\/wp\/v2\/product_cat?post=285692"},{"taxonomy":"product_tag","embeddable":true,"href":"https:\/\/www.huntersfriend.eu\/sv\/wp-json\/wp\/v2\/product_tag?post=285692"}],"curies":[{"name":"wp","href":"https:\/\/api.w.org\/{rel}","templated":true}]}}