{"id":285682,"date":"2024-12-20T01:04:06","date_gmt":"2024-12-19T23:04:06","guid":{"rendered":"https:\/\/www.huntersfriend.eu\/product\/nokia-winter-light-gummistovlar-svart\/"},"modified":"2025-12-23T15:17:27","modified_gmt":"2025-12-23T13:17:27","slug":"nokia-winter-light-gummistovlar-svart","status":"publish","type":"product","link":"https:\/\/www.huntersfriend.eu\/sv\/produkt\/nokia-winter-light-gummistovlar-svart\/","title":{"rendered":"Nokia Winter light gummist\u00f6vlar &#8211; svart"},"content":{"rendered":"<p><span class=\"jCAhz ChMk0b\"><span class=\"ryNqvb\">Mycket l\u00e4tt, l\u00e5ngskaftad gummist\u00f6vel med varmt foder i fuskp\u00e4ls. <\/span><\/span><span class=\"jCAhz ChMk0b\"><span class=\"ryNqvb\">Den formgjutna st\u00f6veln \u00e4r tillverkad av en EVA-gummiblandning och \u00e4r l\u00e4tt att b\u00e4ra och enkel att ta p\u00e5.<\/span><\/span> <span class=\"jCAhz ChMk0b\"><span class=\"ryNqvb\">Modellen har rymliga sn\u00f6rm\u00e5tt, \u00e4ven upptill.<\/span><\/span> <span class=\"jCAhz ChMk0b\"><span class=\"ryNqvb\">Den vattent\u00e4ta st\u00f6veln \u00e4r l\u00e4mplig f\u00f6r vinterbruk och materialet t\u00e5l kyla ner till -40 \u00b0C grader, men inte mer \u00e4n +40 \u00b0C v\u00e4rme. <\/span><\/span><\/p>\n<p><span class=\"jCAhz ChMk0b\"><span class=\"ryNqvb\">Material: 60 % syntetisk EVA-gummiblandning, m\u00f6nstrad yttersula EVA-gummiblandning.<\/span><\/span> <span class=\"jCAhz ChMk0b\"><span class=\"ryNqvb\">Fodermaterial: 100 % polyester. <\/span><\/span><span class=\"jCAhz ChMk0b\"><span class=\"ryNqvb\">Torkning\/f\u00f6rvaring vid max 40 \u00b0C.<\/span><\/span><\/p>\n","protected":false},"excerpt":{"rendered":"<p>Mycket l\u00e4tt, l\u00e5ngskaftad gummist\u00f6vel med varmt foder i fuskp\u00e4ls. Den formgjutna st\u00f6veln \u00e4r tillverkad av en EVA-gummiblandning och \u00e4r l\u00e4tt att b\u00e4ra och enkel att ta p\u00e5. Modellen har rymliga sn\u00f6rm\u00e5tt, \u00e4ven upptill. Den vattent\u00e4ta st\u00f6veln \u00e4r l\u00e4mplig f\u00f6r vinterbruk och materialet t\u00e5l kyla ner till -40 \u00b0C grader, men inte mer \u00e4n +40 \u00b0C [&#8230;]\n","protected":false},"featured_media":275975,"comment_status":"open","ping_status":"closed","template":"","meta":[],"product_brand":[],"product_cat":[2679],"product_tag":[],"class_list":{"0":"post-285682","1":"product","2":"type-product","3":"status-publish","4":"has-post-thumbnail","6":"product_cat-gummistovlar","7":"product_shipping_class-medium-sv","9":"first","10":"instock","11":"taxable","12":"shipping-taxable","13":"purchasable","14":"product-type-variable"},"composite_virtual":false,"composite_layout":"","composite_add_to_cart_form_location":"","composite_editable_in_cart":false,"composite_sold_individually_context":"","composite_shop_price_calc":"","composite_components":[],"composite_scenarios":[],"group_of_quantity":0,"min_quantity":0,"max_quantity":"","exclude_order_quantity_value_rules":"no","exclude_category_quantity_rules":"no","combine_variations":"no","exclude_global_add_ons":[],"addons":[],"_links":{"self":[{"href":"https:\/\/www.huntersfriend.eu\/sv\/wp-json\/wp\/v2\/product\/285682","targetHints":{"allow":["GET"]}}],"collection":[{"href":"https:\/\/www.huntersfriend.eu\/sv\/wp-json\/wp\/v2\/product"}],"about":[{"href":"https:\/\/www.huntersfriend.eu\/sv\/wp-json\/wp\/v2\/types\/product"}],"replies":[{"embeddable":true,"href":"https:\/\/www.huntersfriend.eu\/sv\/wp-json\/wp\/v2\/comments?post=285682"}],"wp:featuredmedia":[{"embeddable":true,"href":"https:\/\/www.huntersfriend.eu\/sv\/wp-json\/wp\/v2\/media\/275975"}],"wp:attachment":[{"href":"https:\/\/www.huntersfriend.eu\/sv\/wp-json\/wp\/v2\/media?parent=285682"}],"wp:term":[{"taxonomy":"product_brand","embeddable":true,"href":"https:\/\/www.huntersfriend.eu\/sv\/wp-json\/wp\/v2\/product_brand?post=285682"},{"taxonomy":"product_cat","embeddable":true,"href":"https:\/\/www.huntersfriend.eu\/sv\/wp-json\/wp\/v2\/product_cat?post=285682"},{"taxonomy":"product_tag","embeddable":true,"href":"https:\/\/www.huntersfriend.eu\/sv\/wp-json\/wp\/v2\/product_tag?post=285682"}],"curies":[{"name":"wp","href":"https:\/\/api.w.org\/{rel}","templated":true}]}}