{"id":285677,"date":"2024-12-21T00:54:08","date_gmt":"2024-12-20T22:54:08","guid":{"rendered":"https:\/\/www.huntersfriend.eu\/product\/morakniv-companion-mg-kolstalskniv\/"},"modified":"2026-04-07T08:06:21","modified_gmt":"2026-04-07T06:06:21","slug":"morakniv-companion-mg-kolstalskniv","status":"publish","type":"product","link":"https:\/\/www.huntersfriend.eu\/sv\/produkt\/morakniv-companion-mg-kolstalskniv\/","title":{"rendered":"Morakniv Companion MG kolst\u00e5lskniv"},"content":{"rendered":"<h2><span data-text-color=\"alert\">Observera att vi inte kommer att kunna skicka den h\u00e4r kniven till Storbritannien p\u00e5 grund av lokala importrestriktioner. Var uppm\u00e4rksam p\u00e5 dina lokala best\u00e4mmelser innan du best\u00e4ller. <\/span><\/h2>\n<p><strong>Companion \u00e4r en av v\u00e5ra mest \u00e4lskade och popul\u00e4ra knivar, just f\u00f6r att den, som namnet antyder, \u00e4r s\u00e5 p\u00e5litlig. Den h\u00e4r modellen har ett n\u00e5got tunnare blad av kolst\u00e5l, vilket \u00e4r l\u00e4ttare att slipa om, \u00e4ven om bladet kr\u00e4ver mer underh\u00e5ll. <\/strong><\/p>\n<p>Companion \u00e4r den perfekta kniven f\u00f6r ett \u00e4ventyr, en riktig allroundkniv. T\u00e5ngen l\u00f6per tre fj\u00e4rdedelar av v\u00e4gen upp i kniven s\u00e5 att du kan arbeta med kraft och precision. Bladet \u00e4r tillverkat av kolst\u00e5l som vi har behandlat enligt v\u00e5rt hemliga f\u00f6retagsrecept f\u00f6r optimala resultat. T\u00e4nk p\u00e5 att kolst\u00e5lsknivar b\u00f6r torkas av och oljas in efter anv\u00e4ndning f\u00f6r att undvika rost och korrosion. Det mjuka friktionsgreppet \u00e4r tillverkat av TPE-gummi, vilket g\u00f6r att kniven k\u00e4nns s\u00e4ker och stadig att arbeta med. Polymerknivslidan har ett praktiskt b\u00e4ltesclips s\u00e5 att kniven kan f\u00e4stas p\u00e5 din ryggs\u00e4ck eller ditt b\u00e4lte \u2013 alltid n\u00e4ra till hands.     <\/p>\n<p class=\"attribute-item\"><strong>Anv\u00e4ndningsomr\u00e5de:<\/strong> bushcraft, jakt, utomhus<\/p>\n<p class=\"attribute-item\"><strong>Ursprungsland:<\/strong> SE<\/p>\n<p class=\"attribute-item\"><strong>Bladl\u00e4ngd:<\/strong> 104 mm<\/p>\n<p class=\"attribute-item\"><strong>Bladtjocklek:<\/strong> 2,0 mm<\/p>\n<p class=\"attribute-item\"><strong>Knivl\u00e4ngd:<\/strong> 219 mm<\/p>\n<p class=\"attribute-item\"><strong>St\u00e5ltyp:<\/strong> kolst\u00e5l<\/p>\n<p class=\"attribute-item\"><strong>SGM:<\/strong> SGM\u00aeC-DDE101<\/p>\n<p class=\"attribute-item\"><strong>Nominell h\u00e5rdhet (HRC):<\/strong> 58,5<\/p>\n<p class=\"attribute-item\"><strong>Grip Material:<\/strong> TPE-gummi<\/p>\n<p class=\"attribute-item\"><strong>F\u00e4rg:<\/strong> milit\u00e4rgr\u00f6n<\/p>\n<p class=\"attribute-item\"><strong>Nettovikt:<\/strong> 110,0 g<\/p>\n","protected":false},"excerpt":{"rendered":"<p>Milit\u00e4rgr\u00f6n<\/p>\n","protected":false},"featured_media":275960,"comment_status":"open","ping_status":"closed","template":"","meta":[],"product_brand":[],"product_cat":[878],"product_tag":[],"class_list":{"0":"post-285677","1":"product","2":"type-product","3":"status-publish","4":"has-post-thumbnail","6":"product_cat-uncategorized-sv","8":"first","9":"outofstock","10":"taxable","11":"shipping-taxable","12":"purchasable","13":"product-type-simple"},"composite_virtual":false,"composite_layout":"","composite_add_to_cart_form_location":"","composite_editable_in_cart":false,"composite_sold_individually_context":"","composite_shop_price_calc":"","composite_components":[],"composite_scenarios":[],"group_of_quantity":0,"min_quantity":0,"max_quantity":"","exclude_order_quantity_value_rules":"no","exclude_category_quantity_rules":"no","combine_variations":"no","exclude_global_add_ons":[],"addons":[],"_links":{"self":[{"href":"https:\/\/www.huntersfriend.eu\/sv\/wp-json\/wp\/v2\/product\/285677","targetHints":{"allow":["GET"]}}],"collection":[{"href":"https:\/\/www.huntersfriend.eu\/sv\/wp-json\/wp\/v2\/product"}],"about":[{"href":"https:\/\/www.huntersfriend.eu\/sv\/wp-json\/wp\/v2\/types\/product"}],"replies":[{"embeddable":true,"href":"https:\/\/www.huntersfriend.eu\/sv\/wp-json\/wp\/v2\/comments?post=285677"}],"wp:featuredmedia":[{"embeddable":true,"href":"https:\/\/www.huntersfriend.eu\/sv\/wp-json\/wp\/v2\/media\/275960"}],"wp:attachment":[{"href":"https:\/\/www.huntersfriend.eu\/sv\/wp-json\/wp\/v2\/media?parent=285677"}],"wp:term":[{"taxonomy":"product_brand","embeddable":true,"href":"https:\/\/www.huntersfriend.eu\/sv\/wp-json\/wp\/v2\/product_brand?post=285677"},{"taxonomy":"product_cat","embeddable":true,"href":"https:\/\/www.huntersfriend.eu\/sv\/wp-json\/wp\/v2\/product_cat?post=285677"},{"taxonomy":"product_tag","embeddable":true,"href":"https:\/\/www.huntersfriend.eu\/sv\/wp-json\/wp\/v2\/product_tag?post=285677"}],"curies":[{"name":"wp","href":"https:\/\/api.w.org\/{rel}","templated":true}]}}