{"id":285676,"date":"2024-12-16T09:19:45","date_gmt":"2024-12-16T07:19:45","guid":{"rendered":"https:\/\/www.huntersfriend.eu\/product\/mathews-engage-bagstativ\/"},"modified":"2025-10-29T12:36:16","modified_gmt":"2025-10-29T10:36:16","slug":"mathews-engage-bagstativ","status":"publish","type":"product","link":"https:\/\/www.huntersfriend.eu\/sv\/produkt\/mathews-engage-bagstativ\/","title":{"rendered":"Mathews Engage b\u00e5gstativ"},"content":{"rendered":"<p>Enkelt, tyst och l\u00e4ttanv\u00e4nt. De nya Engage\u00ae Limb Legs\u00ae balanserar b\u00e5gen utan att kammen eller stabilisatorn beh\u00f6ver nudda marken. De kan ocks\u00e5 sitta kvar p\u00e5 b\u00e5gen under skyttet. <\/p>\n<ul>\n<li>Standard \u2013 utformad f\u00f6r Mathews breda lemplattformar \u2013 Phase4, Image, V3X, V3, Atlas, VXR, Vertix, Traverse, TX-5, Triax, Halon, Halon 32<\/li>\n<li>Slim \u2013 utformad f\u00f6r Mathews smala lemplattformar \u2013 Prima, Avail, Stoke, HTR, HTX<\/li>\n<li>EXO \u2013 utformad f\u00f6r 2024 \u00e5rs LIFT- och Lift X-modeller och \u00e4r inte kompatibel med b\u00e5gmodeller f\u00f6re 2024.<\/li>\n<\/ul>\n","protected":false},"excerpt":{"rendered":"<p>Enkelt, tyst och l\u00e4ttanv\u00e4nt. De nya Engage\u00ae Limb Legs\u00ae balanserar b\u00e5gen utan att kammen eller stabilisatorn beh\u00f6ver nudda marken. De kan ocks\u00e5 sitta kvar p\u00e5 b\u00e5gen under skyttet. Standard \u2013 utformad f\u00f6r Mathews breda lemplattformar \u2013 Phase4, Image, V3X, V3, Atlas, VXR, Vertix, Traverse, TX-5, Triax, Halon, Halon 32 Slim \u2013 utformad f\u00f6r Mathews smala [&#8230;]\n","protected":false},"featured_media":225998,"comment_status":"open","ping_status":"closed","template":"","meta":[],"product_brand":[],"product_cat":[2667],"product_tag":[],"class_list":{"0":"post-285676","1":"product","2":"type-product","3":"status-publish","4":"has-post-thumbnail","6":"product_cat-bagstativ-diverse","8":"first","9":"instock","10":"sale","11":"taxable","12":"shipping-taxable","13":"purchasable","14":"product-type-variable"},"composite_virtual":false,"composite_layout":"","composite_add_to_cart_form_location":"","composite_editable_in_cart":false,"composite_sold_individually_context":"","composite_shop_price_calc":"","composite_components":[],"composite_scenarios":[],"group_of_quantity":0,"min_quantity":0,"max_quantity":"","exclude_order_quantity_value_rules":"no","exclude_category_quantity_rules":"no","combine_variations":"no","exclude_global_add_ons":[],"addons":[],"_links":{"self":[{"href":"https:\/\/www.huntersfriend.eu\/sv\/wp-json\/wp\/v2\/product\/285676","targetHints":{"allow":["GET"]}}],"collection":[{"href":"https:\/\/www.huntersfriend.eu\/sv\/wp-json\/wp\/v2\/product"}],"about":[{"href":"https:\/\/www.huntersfriend.eu\/sv\/wp-json\/wp\/v2\/types\/product"}],"replies":[{"embeddable":true,"href":"https:\/\/www.huntersfriend.eu\/sv\/wp-json\/wp\/v2\/comments?post=285676"}],"wp:featuredmedia":[{"embeddable":true,"href":"https:\/\/www.huntersfriend.eu\/sv\/wp-json\/wp\/v2\/media\/225998"}],"wp:attachment":[{"href":"https:\/\/www.huntersfriend.eu\/sv\/wp-json\/wp\/v2\/media?parent=285676"}],"wp:term":[{"taxonomy":"product_brand","embeddable":true,"href":"https:\/\/www.huntersfriend.eu\/sv\/wp-json\/wp\/v2\/product_brand?post=285676"},{"taxonomy":"product_cat","embeddable":true,"href":"https:\/\/www.huntersfriend.eu\/sv\/wp-json\/wp\/v2\/product_cat?post=285676"},{"taxonomy":"product_tag","embeddable":true,"href":"https:\/\/www.huntersfriend.eu\/sv\/wp-json\/wp\/v2\/product_tag?post=285676"}],"curies":[{"name":"wp","href":"https:\/\/api.w.org\/{rel}","templated":true}]}}