{"id":285664,"date":"2024-12-14T01:32:06","date_gmt":"2024-12-13T23:32:06","guid":{"rendered":"https:\/\/www.huntersfriend.eu\/product\/baffin-control-max-vinterkanga\/"},"modified":"2025-08-26T10:46:01","modified_gmt":"2025-08-26T08:46:01","slug":"baffin-control-max-vinterkanga","status":"publish","type":"product","link":"https:\/\/www.huntersfriend.eu\/sv\/produkt\/baffin-control-max-vinterkanga\/","title":{"rendered":"Baffin Control Max vinterk\u00e4nga"},"content":{"rendered":"<p>Vattent\u00e4t och slitstark i brun, f\u00f6rseglad mocka och termoplastiskt gummi. Med 7-lagers, urtagbar innersko f\u00f6r varma f\u00f6tter. H\u00f6g komfort tack vare v\u00e5ffelsulan, flexibel mellansula och Ice-Paw undersula med h\u00f6g s\u00e4kerhet. Sitter bra i sn\u00f6skor.   <\/p>\n<div class=\"product-features__element product-features__item product-features__item-grey\">\n<div class=\"product-features__item-name\">K\u00e4ngh\u00f6jd &#8211; 28 cm<\/div>\n<\/div>\n<div class=\"product-features__element product-features__item product-features__item-grey product-features__item-left\">\n<div class=\"product-features__item-name\">Tillverkare &#8211; baffin<\/div>\n<\/div>\n<div class=\"product-features__element product-features__item\">\n<div class=\"product-features__item-name\">Produkttyp &#8211; Vinterk\u00e4ngor<\/div>\n<\/div>\n<div class=\"product-features__element product-features__item product-features__item-left\">\n<div class=\"product-features__item-name\">Modellbeskrivning &#8211; control Max<\/div>\n<\/div>\n<div class=\"product-features__element product-features__item product-features__item-grey\">\n<div class=\"product-features__item-name\">Tillf\u00e4lle &#8211; jakt och vandring<\/div>\n<\/div>\n<div class=\"product-features__element product-features__item product-features__item-grey product-features__item-left\">\n<div class=\"product-features__item-name\">Funktioner:<\/div>\n<div class=\"product-features__item-value\">\n<div class=\"product-features__item-value-element\">Varm isolering<\/div>\n<\/div>\n<\/div>\n<div class=\"product-features__element product-features__item\">\n<div class=\"product-features__item-name\">F\u00f6r m\u00e4n<\/div>\n<\/div>\n<div class=\"product-features__element product-features__item product-features__item-left\">\n<div class=\"product-features__item-name\">Vattent\u00e4thet<\/div>\n<div class=\"product-features__item-value\">\n<div class=\"product-features__item-value-element\">Vattent\u00e4t \/ vattent\u00e4t<\/div>\n<\/div>\n<\/div>\n<div class=\"product-features__element product-features__item product-features__item-grey\"><\/div>\n<div class=\"product-features__element product-features__item\">\n<div class=\"product-features__item-value\">\n<div class=\"product-features__item-value-element\">\n<p>Den nya Control Max vinterk\u00e4ngan i brun, f\u00f6rseglad och vattent\u00e4t mocka har f\u00f6rb\u00e4ttrats ytterligare en g\u00e5ng. Herrk\u00e4ngan \u00e4r s\u00e4rskilt l\u00e4mplig f\u00f6r sn\u00f6vandringar och f\u00f6r jaktpasset. Tack vare sin 7-lagers, urtagbara innersko h\u00e5ller dina f\u00f6tter varma och torra \u00e4ven vid extrema temperaturer. V\u00e5ffelsulan erbjuder optimal isolering och h\u00f6g komfort. Den flexibla mellansulan skyddar f\u00f6tterna optimalt, s\u00e5 att de inte tr\u00f6ttnar \u00e4ven efter l\u00e5nga dagar i f\u00e4lt. Control Max \u201cIce Paw\u201d yttersula har utvecklats speciellt f\u00f6r promenader p\u00e5 is och sn\u00f6 och kombinerar en h\u00f6g grad av s\u00e4kerhet med ett h\u00f6gt skydd mot kyla. Control Max f\u00f6rb\u00e4ttrade \u00f6vre skal erbjuder b\u00e4sta m\u00f6jliga passform i sn\u00f6skor. Skon \u00e4r baserad p\u00e5 termoplastiskt gummi, vilket ger b\u00e4ttre v\u00e4rmeh\u00e5llning, mer flexibilitet och st\u00f6rre h\u00e5llbarhet \u00e4n vulkaniserat gummi. H\u00f6jd 28 cm Vikt 2000 g (storlek 9).        <\/p>\n<p>De angivna amerikanska storlekarna \u00e4r amerikanska herrstorlekar!<\/p>\n<p>Storleken p\u00e5 Baffin Control Max vinterk\u00e4ngor \u00e4r mindre \u00e4n vanligt! Vi rekommenderar d\u00e4rf\u00f6r att du best\u00e4ller en storlek st\u00f6rre \u00e4n normalt. <\/p>\n<\/div>\n<\/div>\n<\/div>\n","protected":false},"excerpt":{"rendered":"<p>Vattent\u00e4t och slitstark i brun, f\u00f6rseglad mocka och termoplastiskt gummi. Med 7-lagers, urtagbar innersko f\u00f6r varma f\u00f6tter. H\u00f6g komfort tack vare v\u00e5ffelsulan, flexibel mellansula och Ice-Paw undersula med h\u00f6g s\u00e4kerhet. Sitter bra i sn\u00f6skor. K\u00e4ngh\u00f6jd &#8211; 28 cm Tillverkare &#8211; baffin Produkttyp &#8211; Vinterk\u00e4ngor Modellbeskrivning &#8211; control Max Tillf\u00e4lle &#8211; jakt och vandring Funktioner: Varm [&#8230;]\n","protected":false},"featured_media":275978,"comment_status":"open","ping_status":"closed","template":"","meta":[],"product_brand":[],"product_cat":[2666],"product_tag":[],"class_list":{"0":"post-285664","1":"product","2":"type-product","3":"status-publish","4":"has-post-thumbnail","6":"product_cat-vinterjaktkangor","7":"product_shipping_class-medium-sv","9":"first","10":"instock","11":"taxable","12":"shipping-taxable","13":"purchasable","14":"product-type-variable"},"composite_virtual":false,"composite_layout":"","composite_add_to_cart_form_location":"","composite_editable_in_cart":false,"composite_sold_individually_context":"","composite_shop_price_calc":"","composite_components":[],"composite_scenarios":[],"group_of_quantity":0,"min_quantity":0,"max_quantity":"","exclude_order_quantity_value_rules":"no","exclude_category_quantity_rules":"no","combine_variations":"no","exclude_global_add_ons":[],"addons":[],"_links":{"self":[{"href":"https:\/\/www.huntersfriend.eu\/sv\/wp-json\/wp\/v2\/product\/285664","targetHints":{"allow":["GET"]}}],"collection":[{"href":"https:\/\/www.huntersfriend.eu\/sv\/wp-json\/wp\/v2\/product"}],"about":[{"href":"https:\/\/www.huntersfriend.eu\/sv\/wp-json\/wp\/v2\/types\/product"}],"replies":[{"embeddable":true,"href":"https:\/\/www.huntersfriend.eu\/sv\/wp-json\/wp\/v2\/comments?post=285664"}],"wp:featuredmedia":[{"embeddable":true,"href":"https:\/\/www.huntersfriend.eu\/sv\/wp-json\/wp\/v2\/media\/275978"}],"wp:attachment":[{"href":"https:\/\/www.huntersfriend.eu\/sv\/wp-json\/wp\/v2\/media?parent=285664"}],"wp:term":[{"taxonomy":"product_brand","embeddable":true,"href":"https:\/\/www.huntersfriend.eu\/sv\/wp-json\/wp\/v2\/product_brand?post=285664"},{"taxonomy":"product_cat","embeddable":true,"href":"https:\/\/www.huntersfriend.eu\/sv\/wp-json\/wp\/v2\/product_cat?post=285664"},{"taxonomy":"product_tag","embeddable":true,"href":"https:\/\/www.huntersfriend.eu\/sv\/wp-json\/wp\/v2\/product_tag?post=285664"}],"curies":[{"name":"wp","href":"https:\/\/api.w.org\/{rel}","templated":true}]}}