{"id":285662,"date":"2024-12-03T11:53:37","date_gmt":"2024-12-03T09:53:37","guid":{"rendered":"https:\/\/www.huntersfriend.eu\/product\/darton-departure-pro-custom-bage\/"},"modified":"2025-08-26T10:45:59","modified_gmt":"2025-08-26T08:45:59","slug":"darton-departure-pro-custom-bage","status":"publish","type":"product","link":"https:\/\/www.huntersfriend.eu\/sv\/produkt\/darton-departure-pro-custom-bage\/","title":{"rendered":"Darton departure pro custom b\u00e5ge"},"content":{"rendered":"<p><span data-text-color=\"alert\"><strong>V\u00e4nligen kolla v\u00e5r Darton Departure Pro &#8211; I lager sida f\u00f6r att se om vi har b\u00e5gen innan du best\u00e4ller h\u00e4rifr\u00e5n. Du kan ocks\u00e5 kontakta oss direkt f\u00f6r mer information om tillg\u00e4nglighet och leveranstider. <\/strong><\/span><\/p>\n<p><strong>Darton departure pro och pro SD: ett precisionsm\u00e4sterverk<\/strong><\/p>\n<p><strong><span data-fontweight=\"300\">Darton Departure Pro och Pro SD \u00e4r en h\u00f6gpresterande compoundb\u00e5ge som \u00e4r specifikt utformad f\u00f6r m\u00e5lskytte. Den bygger vidare p\u00e5 den o\u00f6vertr\u00e4ffade framg\u00e5ngen fr\u00e5n sin f\u00f6reg\u00e5ngare, Exodus, genom att inf\u00f6rliva flera innovativa funktioner som f\u00f6rb\u00e4ttrar dess precision, justerbarhet och m\u00e5ngsidighet. Med en upps\u00e4ttning Speed Mods, banbrytande &#8221;Perfect Timing&#8221; justerbara okh\u00e4ngare (patent pending) och &#8221;Perfect Tune&#8221; Adjustable Limb Pocket System&#8221; (patent pending), utm\u00e4rker sig denna compoundb\u00e5ge med o\u00f6vertr\u00e4ffad precision och prestanda. Dessa toppmoderna innovationer garanterar optimal funktionalitet och en anm\u00e4rkningsv\u00e4rt smidig dragcykel, vilket resulterar i konsekvent noggrannhet skott efter skott   <\/span>.<\/strong><\/p>\n<p>Mest okomplicerade att st\u00e4mma m\u00e5lskytteb\u00e5ge n\u00e5gonsin<\/p>\n<p><span data-fontweight=\"300\">Darton Departure Pro och Pro SD \u00e4r h\u00f6gpresterande m\u00e5lskytte compoundb\u00e5gar som \u00e4r anm\u00e4rkningsv\u00e4rt enkla att st\u00e4mma. Designad med anv\u00e4ndarv\u00e4nlighet i \u00e5tanke, m\u00f6jligg\u00f6r denna b\u00e5ge snabba och okomplicerade justeringar, vilket g\u00f6r den tillg\u00e4nglig f\u00f6r b\u00e5de erfarna b\u00e5gskyttar och nyb\u00f6rjare. L\u00e4gg mindre tid p\u00e5 finjustering och mer tid p\u00e5 att full\u00e4nda ditt skott, tack vare dess innovativa funktioner som f\u00f6renklar st\u00e4mningen och timingprocessen. Darton Departure Pro och Pro SD \u00e4r f\u00f6r dig om du s\u00f6ker precision och prestanda.   <\/span><\/p>\n<div id=\"s-66742aca-1234-4f84-9cc7-cba8ebdf7d05\" class=\"shg-c \">\n<div class=\"shg-rich-text shg-theme-text-content\">\n<p>FUNKTIONER INKLUDERAR<\/p>\n<ul>\n<li>\n<ul>\n<li>\n<ul>\n<li><span data-fontfamily=\"Oswald\">7075 BBS dual sync Cam (6,990,970 B1)<\/span><\/li>\n<li><span data-fontfamily=\"Oswald\">Eller BBS dual sync SD Cam (6,990,970 B1)<\/span><\/li>\n<li><span data-fontfamily=\"Oswald\">1\/4&#8243; Button Head Axles (inga fler E-clips)<\/span><\/li>\n<li><span data-fontfamily=\"Oswald\">5\/8&#8243; lager<\/span><\/li>\n<li><span data-fontfamily=\"Oswald\">(Perfect Tune) Justerbara lemfickor (patentans\u00f6kt)<\/span><\/li>\n<li><span data-fontfamily=\"Oswald\">(Perfect timing) Justerbar Yoke hanger (Patent Pending)<\/span><\/li>\n<li><span data-fontfamily=\"Oswald\">Speed mod ing\u00e5r (ej installerad) en extra 5-6 FPS.<\/span><\/li>\n<li><span data-fontfamily=\"Oswald\">Rullskydd<\/span><\/li>\n<li><span data-fontfamily=\"Oswald\">Tv\u00e5 upps\u00e4ttningar dragstoppstolpar f\u00f6r att justera din let-off.<\/span><\/li>\n<li><span data-fontfamily=\"Oswald\">Patenterad djup sp\u00e5r Cam (#8,714,143)<\/span><\/li>\n<li><span data-fontfamily=\"Oswald\">L\u00e4tt att ta bort mods<\/span><\/li>\n<\/ul>\n<\/li>\n<\/ul>\n<\/li>\n<\/ul>\n<\/div>\n<\/div>\n<div id=\"s-f2f68932-c758-49b4-993c-d7d30de1de24\" class=\"shg-c \">\n<div class=\"shg-rich-text shg-theme-text-content\">\n<p>PRECISIONSSPECIFIKATIONER<\/p>\n<p>DEPARTURE PRO:<\/p>\n<ul>\n<li>\n<ul>\n<li>\n<ul>\n<li><strong>HASTIGHET: <\/strong>FAKTISK 322-323 FPS<\/li>\n<li><strong>HASTIGHET med SPEED MOD: <\/strong>FAKTISK 328-329 FPS<\/li>\n<li><strong>HASTIGHET med 75% MOD:<\/strong> FAKTISK 331-332 FPS (MOD S\u00c4LJS SEPARAT)<\/li>\n<li><strong>AXEL-TILL-AXEL: <\/strong>37&#8243;<\/li>\n<li><strong>STR\u00c4NGH\u00d6JD: <\/strong>7 1\/8&#8243;<\/li>\n<li><strong>VIKT: <\/strong>4.85LBS.<\/li>\n<li><strong>DRAGL\u00c4NGDER: <\/strong>27.5 \u201c-33\u201d levereras med standard MOD installerad)<\/li>\n<li><strong>DRAGVIKTER: <\/strong>40, 50, 60, 70<\/li>\n<li><strong>LET-OFF: <\/strong>(85%-70% Justerbar) med Draw Stop posts (2 Sets Included)<\/li>\n<\/ul>\n<\/li>\n<\/ul>\n<\/li>\n<\/ul>\n<\/div>\n<\/div>\n<div id=\"s-0894cbf3-ef8e-45cd-833e-fb29339bd7cc\" class=\"shg-c \">\n<div class=\"shg-rich-text shg-theme-text-content\">\n<p>DEPARTURE PRO SD:<\/p>\n<ul>\n<li>\n<ul>\n<li>\n<ul>\n<li><strong>HASTIGHET: <\/strong>FAKTISK 326-327 FPS @29.5&#8243;<\/li>\n<li><strong>AXEL-TILL-AXEL: <\/strong>37 1\/4&#8243;<\/li>\n<li><strong>STR\u00c4NGH\u00d6JD: <\/strong>7 1\/16&#8243;<\/li>\n<li><strong>VIKT: <\/strong>4.8LBS.<\/li>\n<li><strong>DRAGL\u00c4NGDER: <\/strong>22.5 \u201c-29.5\u201d<\/li>\n<li><strong>DRAGVIKTER: <\/strong>40, 50, 60, 70<\/li>\n<li><strong>LET-OFF: <\/strong>(75%)<\/li>\n<\/ul>\n<\/li>\n<\/ul>\n<\/li>\n<\/ul>\n<\/div>\n<\/div>\n","protected":false},"excerpt":{"rendered":"<p>V\u00e4nligen kolla v\u00e5r Darton Departure Pro &#8211; I lager sida f\u00f6r att se om vi har b\u00e5gen innan du best\u00e4ller h\u00e4rifr\u00e5n. Du kan ocks\u00e5 kontakta oss direkt f\u00f6r mer information om tillg\u00e4nglighet och leveranstider. Darton departure pro och pro SD: ett precisionsm\u00e4sterverk Darton Departure Pro och Pro SD \u00e4r en h\u00f6gpresterande compoundb\u00e5ge som \u00e4r specifikt [&#8230;]\n","protected":false},"featured_media":275518,"comment_status":"open","ping_status":"closed","template":"","meta":[],"product_brand":[],"product_cat":[2652],"product_tag":[],"class_list":{"0":"post-285662","1":"product","2":"type-product","3":"status-publish","4":"has-post-thumbnail","6":"product_cat-compound-bagar","7":"product_shipping_class-big-sv","9":"first","10":"onbackorder","11":"taxable","12":"shipping-taxable","13":"purchasable","14":"product-type-simple"},"composite_virtual":false,"composite_layout":"","composite_add_to_cart_form_location":"","composite_editable_in_cart":false,"composite_sold_individually_context":"","composite_shop_price_calc":"","composite_components":[],"composite_scenarios":[],"group_of_quantity":0,"min_quantity":0,"max_quantity":"","exclude_order_quantity_value_rules":"no","exclude_category_quantity_rules":"no","combine_variations":"no","exclude_global_add_ons":false,"addons":{"3":{"name":"Stil","type":"multiple_choice","position":0,"required":true,"title_format":"label","default":"","description_enable":false,"description":null,"placeholder_enable":false,"placeholder":null,"display":"select","restrictions_type":"any_text","adjust_price":false,"price":"","price_type":"flat_fee","restrictions":false,"min":"0","max":"0","options":[{"label":"Departure pro","price":"","price_type":"flat_fee","image":0,"visibility":true},{"label":"Departure pro SD","price":"","price_type":"flat_fee","image":0,"visibility":true}],"id":1733309834},"0":{"name":"B\u00e5ghand","type":"multiple_choice","position":1,"required":true,"title_format":"label","default":"","description_enable":false,"description":null,"placeholder_enable":false,"placeholder":null,"display":"select","restrictions_type":"any_text","adjust_price":false,"price":"","price_type":"flat_fee","restrictions":false,"min":"0","max":"0","options":[{"label":"H\u00f6ger hand","price":"","price_type":"flat_fee","image":0,"visibility":true},{"label":"V\u00e4nster hand","price":"","price_type":"flat_fee","image":0,"visibility":true}],"id":1733309474},"1":{"name":"Dragvikt","type":"multiple_choice","position":2,"required":true,"title_format":"label","default":"","description_enable":false,"description":null,"placeholder_enable":false,"placeholder":null,"display":"select","restrictions_type":"any_text","adjust_price":false,"price":"","price_type":"flat_fee","restrictions":false,"min":"0","max":"0","options":[{"label":"30-40#","price":"","price_type":"flat_fee","image":0,"visibility":true},{"label":"40-50#","price":"","price_type":"flat_fee","image":0,"visibility":true},{"label":"50-60#","price":"","price_type":"flat_fee","image":0,"visibility":true},{"label":"60-70#","price":"","price_type":"flat_fee","image":0,"visibility":true}],"id":1733309476},"2":{"name":"F\u00e4rg","type":"multiple_choice","position":3,"required":true,"title_format":"label","default":"","description_enable":false,"description":null,"placeholder_enable":false,"placeholder":null,"display":"select","restrictions_type":"any_text","adjust_price":false,"price":"","price_type":"flat_fee","restrictions":false,"min":"0","max":"0","options":[{"label":"Svart Riser med Svarta Lemmar","price":"","price_type":"flat_fee","image":0,"visibility":true},{"label":"Candy Purple med Svarta Lemmar","price":"","price_type":"flat_fee","image":0,"visibility":true},{"label":"Candy Blue med Svarta Lemmar","price":"","price_type":"flat_fee","image":0,"visibility":true},{"label":"Candy Red med Svarta Lemmar","price":"","price_type":"flat_fee","image":0,"visibility":true},{"label":"OD Green med Svarta Lemmar","price":"","price_type":"flat_fee","image":0,"visibility":true},{"label":"Gr\u00e5 med Svarta Lemmar","price":"","price_type":"flat_fee","image":0,"visibility":true}],"id":1733309475}},"_links":{"self":[{"href":"https:\/\/www.huntersfriend.eu\/sv\/wp-json\/wp\/v2\/product\/285662","targetHints":{"allow":["GET"]}}],"collection":[{"href":"https:\/\/www.huntersfriend.eu\/sv\/wp-json\/wp\/v2\/product"}],"about":[{"href":"https:\/\/www.huntersfriend.eu\/sv\/wp-json\/wp\/v2\/types\/product"}],"replies":[{"embeddable":true,"href":"https:\/\/www.huntersfriend.eu\/sv\/wp-json\/wp\/v2\/comments?post=285662"}],"wp:featuredmedia":[{"embeddable":true,"href":"https:\/\/www.huntersfriend.eu\/sv\/wp-json\/wp\/v2\/media\/275518"}],"wp:attachment":[{"href":"https:\/\/www.huntersfriend.eu\/sv\/wp-json\/wp\/v2\/media?parent=285662"}],"wp:term":[{"taxonomy":"product_brand","embeddable":true,"href":"https:\/\/www.huntersfriend.eu\/sv\/wp-json\/wp\/v2\/product_brand?post=285662"},{"taxonomy":"product_cat","embeddable":true,"href":"https:\/\/www.huntersfriend.eu\/sv\/wp-json\/wp\/v2\/product_cat?post=285662"},{"taxonomy":"product_tag","embeddable":true,"href":"https:\/\/www.huntersfriend.eu\/sv\/wp-json\/wp\/v2\/product_tag?post=285662"}],"curies":[{"name":"wp","href":"https:\/\/api.w.org\/{rel}","templated":true}]}}