{"id":285661,"date":"2024-12-21T00:54:07","date_gmt":"2024-12-20T22:54:07","guid":{"rendered":"https:\/\/www.huntersfriend.eu\/product\/morakniv-bushcraft-kniv-puukko\/"},"modified":"2025-08-26T10:45:59","modified_gmt":"2025-08-26T08:45:59","slug":"morakniv-bushcraft-kniv-puukko","status":"publish","type":"product","link":"https:\/\/www.huntersfriend.eu\/sv\/produkt\/morakniv-bushcraft-kniv-puukko\/","title":{"rendered":"Morakniv bushcraft-kniv -puukko"},"content":{"rendered":"<h2><span data-text-color=\"alert\">Observera att vi inte kommer att kunna skicka den h\u00e4r kniven till Storbritannien p\u00e5 grund av lokala importrestriktioner. Var uppm\u00e4rksam p\u00e5 dina lokala best\u00e4mmelser innan du best\u00e4ller. <\/span><\/h2>\n<p><strong>En robust medlem i Bushcraft-familjen, detta \u00e4r en av v\u00e5ra mest t\u00e5liga knivar tack vare sitt svarta, 3,2 mm tjocka blad. Bladet \u00e4r tillverkat av kolst\u00e5l som vi har h\u00e4rdat till optimal styrka, vilket g\u00f6r Bushcraft Black extremt motst\u00e5ndskraftig under tryck. <\/strong><\/p>\n<p>Kolst\u00e5lsbladet har en svart DLC-bel\u00e4ggning som skyddar mot rost och f\u00f6rhindrar \u00e4ven reflektioner fr\u00e5n bladet. T\u00e4nk dock p\u00e5 att kolst\u00e5l beh\u00f6ver underh\u00e5llas, s\u00e5 g\u00f6r det till en vana att torka av din kniv och olja in bladet efter anv\u00e4ndning. Bladets baksida har slipats s\u00e5 att du kan anv\u00e4nda den tillsammans med ett eldst\u00e5l \u2013 vilket inneb\u00e4r att viktig eld aldrig \u00e4r l\u00e5ngt borta. Knivslidan inneh\u00e5ller en b\u00e4ltes\u00f6gla och ett clips s\u00e5 att din kniv alltid \u00e4r n\u00e4ra till hands.   <\/p>\n<p class=\"attribute-item\"><strong>Anv\u00e4ndningsomr\u00e5de:<\/strong> bushcraft, jakt, utomhus<\/p>\n<p class=\"attribute-item\"><strong>Ursprungsland:<\/strong> Sverige<\/p>\n<p class=\"attribute-item\"><strong>Bladl\u00e4ngd:<\/strong> 109 mm<\/p>\n<p class=\"attribute-item\"><strong>Bladtjocklek:<\/strong> 3,2 mm<\/p>\n<p class=\"attribute-item\"><strong>Knivl\u00e4ngd:<\/strong> 232 mm<\/p>\n<p class=\"attribute-item\"><strong>St\u00e5ltyp:<\/strong> kolst\u00e5l<\/p>\n<p class=\"attribute-item\"><strong>SGM:<\/strong> SGM\u00aeC-DDE101<\/p>\n<p class=\"attribute-item\"><strong>Nominell h\u00e5rdhet (HRC):<\/strong> 57,5<\/p>\n<p class=\"attribute-item\"><strong>Grip Material:<\/strong> TPE-gummi<\/p>\n<p class=\"attribute-item\"><strong>F\u00e4rg:<\/strong> svart<\/p>\n<p class=\"attribute-item\"><strong>Nettovikt:<\/strong> 174,6 g<\/p>\n","protected":false},"excerpt":{"rendered":"<p>Observera att vi inte kommer att kunna skicka den h\u00e4r kniven till Storbritannien p\u00e5 grund av lokala importrestriktioner. Var uppm\u00e4rksam p\u00e5 dina lokala best\u00e4mmelser innan du best\u00e4ller. En robust medlem i Bushcraft-familjen, detta \u00e4r en av v\u00e5ra mest t\u00e5liga knivar tack vare sitt svarta, 3,2 mm tjocka blad. Bladet \u00e4r tillverkat av kolst\u00e5l som vi [&#8230;]\n","protected":false},"featured_media":275945,"comment_status":"open","ping_status":"closed","template":"","meta":[],"product_brand":[],"product_cat":[878],"product_tag":[],"class_list":{"0":"post-285661","1":"product","2":"type-product","3":"status-publish","4":"has-post-thumbnail","6":"product_cat-uncategorized-sv","8":"first","9":"outofstock","10":"taxable","11":"shipping-taxable","12":"purchasable","13":"product-type-simple"},"composite_virtual":false,"composite_layout":"","composite_add_to_cart_form_location":"","composite_editable_in_cart":false,"composite_sold_individually_context":"","composite_shop_price_calc":"","composite_components":[],"composite_scenarios":[],"group_of_quantity":0,"min_quantity":0,"max_quantity":"","exclude_order_quantity_value_rules":"no","exclude_category_quantity_rules":"no","combine_variations":"no","exclude_global_add_ons":[],"addons":[],"_links":{"self":[{"href":"https:\/\/www.huntersfriend.eu\/sv\/wp-json\/wp\/v2\/product\/285661","targetHints":{"allow":["GET"]}}],"collection":[{"href":"https:\/\/www.huntersfriend.eu\/sv\/wp-json\/wp\/v2\/product"}],"about":[{"href":"https:\/\/www.huntersfriend.eu\/sv\/wp-json\/wp\/v2\/types\/product"}],"replies":[{"embeddable":true,"href":"https:\/\/www.huntersfriend.eu\/sv\/wp-json\/wp\/v2\/comments?post=285661"}],"wp:featuredmedia":[{"embeddable":true,"href":"https:\/\/www.huntersfriend.eu\/sv\/wp-json\/wp\/v2\/media\/275945"}],"wp:attachment":[{"href":"https:\/\/www.huntersfriend.eu\/sv\/wp-json\/wp\/v2\/media?parent=285661"}],"wp:term":[{"taxonomy":"product_brand","embeddable":true,"href":"https:\/\/www.huntersfriend.eu\/sv\/wp-json\/wp\/v2\/product_brand?post=285661"},{"taxonomy":"product_cat","embeddable":true,"href":"https:\/\/www.huntersfriend.eu\/sv\/wp-json\/wp\/v2\/product_cat?post=285661"},{"taxonomy":"product_tag","embeddable":true,"href":"https:\/\/www.huntersfriend.eu\/sv\/wp-json\/wp\/v2\/product_tag?post=285661"}],"curies":[{"name":"wp","href":"https:\/\/api.w.org\/{rel}","templated":true}]}}