{"id":285660,"date":"2024-12-03T11:53:37","date_gmt":"2024-12-03T09:53:37","guid":{"rendered":"https:\/\/www.huntersfriend.eu\/product\/darton-exodus-pro-custom-bage\/"},"modified":"2025-11-26T08:33:03","modified_gmt":"2025-11-26T06:33:03","slug":"darton-exodus-pro-custom-bage","status":"publish","type":"product","link":"https:\/\/www.huntersfriend.eu\/sv\/produkt\/darton-exodus-pro-custom-bage\/","title":{"rendered":"Darton exodus pro custom-b\u00e5ge"},"content":{"rendered":"<p><span data-text-color=\"alert\"><strong>Kontrollera v\u00e5r Darton Exodus Pro &#8211; I lager-sida f\u00f6r att se om vi har b\u00e5gen innan du best\u00e4ller h\u00e4rifr\u00e5n. Du kan ocks\u00e5 kontakta oss direkt f\u00f6r mer information om tillg\u00e4nglighet och leveranstider. <\/strong><\/span><\/p>\n<p><strong>Darton exodus pro och pro SD: ett precisionsm\u00e4sterverk<\/strong><\/p>\n<p><span data-fontfamily=\"Oswald\" data-fontweight=\"300\">Darton Exodus Pro och Pro SD \u00e4r en h\u00f6gpresterande shoot-through compoundb\u00e5ge som \u00e4r specifikt utformad f\u00f6r m\u00e5lskytte. Den bygger vidare p\u00e5 den o\u00f6vertr\u00e4ffade framg\u00e5ngen hos sin f\u00f6reg\u00e5ngare, Exodus, genom att inf\u00f6rliva flera innovativa funktioner som f\u00f6rb\u00e4ttrar dess precision, justerbarhet och m\u00e5ngsidighet. Med en upps\u00e4ttning Speed Mods, banbrytande &#8221;Perfect Timing&#8221; justerbara ok-h\u00e4ngare (patent pending) och &#8221;Perfect Tune&#8221; Adjustable Limb Pocket System&#8221; (patent pending), utm\u00e4rker sig denna compoundb\u00e5ge med o\u00f6vertr\u00e4ffad precision och prestanda. Dessa toppmoderna innovationer garanterar optimal funktionalitet och en anm\u00e4rkningsv\u00e4rt smidig dragcykel, vilket resulterar i konsekvent noggrannhet skott efter skott.   <\/span><\/p>\n<p><strong>Mest okomplicerade att trimma m\u00e5l-b\u00e5ge n\u00e5gonsin<\/strong><span data-fontfamily=\"Oswald\" data-fontweight=\"300\"><strong><br \/>\n<\/strong><\/span><\/p>\n<p><span data-fontfamily=\"Oswald\" data-fontweight=\"300\">Darton Exodus Pro och Pro SD \u00e4r h\u00f6gpresterande compoundb\u00e5gar f\u00f6r m\u00e5lskytte som \u00e4r anm\u00e4rkningsv\u00e4rt enkla att trimma. Den h\u00e4r b\u00e5gen \u00e4r designad med anv\u00e4ndarv\u00e4nlighet i \u00e5tanke och m\u00f6jligg\u00f6r snabba och okomplicerade justeringar, vilket g\u00f6r den tillg\u00e4nglig f\u00f6r b\u00e5de erfarna b\u00e5gskyttar och nyb\u00f6rjare. L\u00e4gg mindre tid p\u00e5 finjustering och mer tid p\u00e5 att full\u00e4nda ditt skott, tack vare dess innovativa funktioner som f\u00f6renklar trimnings- och tidtagningsprocessen. Darton Exodus Pro och Pro SD \u00e4r f\u00f6r dig om du s\u00f6ker precision och prestanda.   <\/span><\/p>\n<div id=\"s-8711b030-210b-47e8-989a-e627f190850a\" class=\"shg-c \">\n<div class=\"shg-rich-text shg-theme-text-content\">\n<p>FUNKTIONER INKLUDERAR<\/p>\n<ul>\n<li>\n<ul>\n<li>\n<ul>\n<li><span data-fontfamily=\"Oswald\">7075 BBS dual sync Cam (6,990,970 B1)<\/span><\/li>\n<li><span data-fontfamily=\"Oswald\">Eller BBS dual sync SD Cam (6,990,970 B1)<\/span><\/li>\n<li><span data-fontfamily=\"Oswald\">1\/4&#8243; Button Head Axles (inga fler E-clips)<\/span><\/li>\n<li><span data-fontfamily=\"Oswald\">5\/8&#8243; lager<\/span><\/li>\n<li><span data-fontfamily=\"Oswald\">(Perfect Tune) Justerbara lemfickor (patentans\u00f6kt)<\/span><\/li>\n<li><span data-fontfamily=\"Oswald\">(Perfect timing) Justerbar ok-h\u00e4ngare (Patent Pending)<\/span><\/li>\n<li><span data-fontfamily=\"Oswald\">Speed mod ing\u00e5r, men inte installerad, f\u00f6r extra 5-6 FPS.<\/span><\/li>\n<li><span data-fontfamily=\"Oswald\">Rullskydd<\/span><\/li>\n<li><span data-fontfamily=\"Oswald\">Tv\u00e5 upps\u00e4ttningar dragstoppstolpar g\u00f6r att du kan justera din let-off.<\/span><\/li>\n<li><span data-fontfamily=\"Oswald\">Patenterad djup sp\u00e5r Cam (#8,714,143)<\/span><\/li>\n<li><span data-fontfamily=\"Oswald\">L\u00e4tt att ta bort mods<\/span><\/li>\n<\/ul>\n<\/li>\n<\/ul>\n<\/li>\n<\/ul>\n<\/div>\n<\/div>\n<div id=\"s-b2b8c108-1be8-4368-b4c2-85cd54639014\" class=\"shg-c \">\n<div class=\"shg-rich-text shg-theme-text-content\">\n<p>PRECISIONSSPECIFIKATIONER<br \/>\nEXODUS PRO:<\/p>\n<ul>\n<li>\n<ul>\n<li>\n<ul>\n<li><strong>HASTIGHET:<\/strong> FAKTISK 322-323 FPS<\/li>\n<li><span data-fontfamily=\"Oswald\"><strong>HASTIGHET med SPEED MOD:<\/strong> FAKTISK 328-329 FPS<\/span><\/li>\n<li><span data-fontfamily=\"Oswald\"><strong>HASTIGHET med 75% MOD:<\/strong> FAKTISK 331-332 FPS (MOD S\u00c4LJS SEPARAT)<\/span><\/li>\n<li><span data-fontfamily=\"Oswald\"><strong>AXEL-TILL-AXEL:<\/strong> 37&#8243;<\/span><\/li>\n<li><span data-fontfamily=\"Oswald\"><strong>STR\u00c4NGH\u00d6JD:<\/strong> 7 1\/8&#8243;<\/span><\/li>\n<li><span data-fontfamily=\"Oswald\"><strong>VIKT:<\/strong> 4.85LBS.<\/span><\/li>\n<li><span data-fontfamily=\"Oswald\"><strong>DRAGL\u00c4NGDER:<\/strong> 27.5 \u201c-33\u201d levereras med standard MOD installerad)<\/span><\/li>\n<li><span data-fontfamily=\"Oswald\"><strong>DRAGVIKTER:<\/strong> 40, 50, 60, 70<\/span><\/li>\n<li><span data-fontfamily=\"Oswald\"><strong>LET-OFF:<\/strong> (85%-70% Justerbar) med dragstoppstolpar (2 upps\u00e4ttningar ing\u00e5r)<br \/>\n<\/span><\/li>\n<\/ul>\n<\/li>\n<\/ul>\n<\/li>\n<\/ul>\n<\/div>\n<\/div>\n<div id=\"s-61bc01de-5687-41cc-9267-2cfc00d8b071\" class=\"shg-c \">\n<div class=\"shg-rich-text shg-theme-text-content\">\n<p>EXODUS PRO SD:<\/p>\n<ul>\n<li>\n<ul>\n<li>\n<ul>\n<li><strong>HASTIGHET:<\/strong> 326-327 FPS @29.5&#8243;<\/li>\n<li><span data-fontfamily=\"Oswald\"><strong>AXEL-TILL-AXEL:<\/strong> 37 1\/4&#8243;<\/span><\/li>\n<li><span data-fontfamily=\"Oswald\"><strong>STR\u00c4NGH\u00d6JD:<\/strong> 7 1\/16&#8243;<\/span><\/li>\n<li><span data-fontfamily=\"Oswald\"><strong>VIKT:<\/strong> 4.8LBS.<\/span><\/li>\n<li><span data-fontfamily=\"Oswald\"><strong>DRAGL\u00c4NGDER:<\/strong> 22.5 \u201c-29.5\u201d<\/span><\/li>\n<li><span data-fontfamily=\"Oswald\"><strong>DRAGVIKTER:<\/strong> 40, 50, 60, 70<\/span><\/li>\n<li><span data-fontfamily=\"Oswald\"><strong>LET-OFF:<\/strong> 75%<\/span><\/li>\n<\/ul>\n<\/li>\n<\/ul>\n<\/li>\n<\/ul>\n<\/div>\n<\/div>\n","protected":false},"excerpt":{"rendered":"<p>Kontrollera v\u00e5r Darton Exodus Pro &#8211; I lager-sida f\u00f6r att se om vi har b\u00e5gen innan du best\u00e4ller h\u00e4rifr\u00e5n. Du kan ocks\u00e5 kontakta oss direkt f\u00f6r mer information om tillg\u00e4nglighet och leveranstider. Darton exodus pro och pro SD: ett precisionsm\u00e4sterverk Darton Exodus Pro och Pro SD \u00e4r en h\u00f6gpresterande shoot-through compoundb\u00e5ge som \u00e4r specifikt utformad [&#8230;]\n","protected":false},"featured_media":275533,"comment_status":"open","ping_status":"closed","template":"","meta":[],"product_brand":[],"product_cat":[2652],"product_tag":[],"class_list":{"0":"post-285660","1":"product","2":"type-product","3":"status-publish","4":"has-post-thumbnail","6":"product_cat-compound-bagar","7":"product_shipping_class-big-sv","9":"first","10":"onbackorder","11":"taxable","12":"shipping-taxable","13":"purchasable","14":"product-type-simple"},"composite_virtual":false,"composite_layout":"","composite_add_to_cart_form_location":"","composite_editable_in_cart":false,"composite_sold_individually_context":"","composite_shop_price_calc":"","composite_components":[],"composite_scenarios":[],"group_of_quantity":0,"min_quantity":0,"max_quantity":"","exclude_order_quantity_value_rules":"no","exclude_category_quantity_rules":"no","combine_variations":"no","exclude_global_add_ons":false,"addons":[{"name":"B\u00e5ghand","type":"multiple_choice","position":0,"required":true,"title_format":"label","default":"","description_enable":false,"description":null,"placeholder_enable":false,"placeholder":null,"display":"select","restrictions_type":"any_text","adjust_price":false,"price":"","price_type":"flat_fee","restrictions":false,"min":"0","max":"0","options":[{"label":"H\u00f6ger hand","price":"","price_type":"flat_fee","image":0,"visibility":true},{"label":"V\u00e4nster hand","price":"","price_type":"flat_fee","image":0,"visibility":true}],"id":1733309961},{"name":"Stil","type":"multiple_choice","position":1,"required":true,"title_format":"label","default":"","description_enable":false,"description":null,"placeholder_enable":false,"placeholder":null,"display":"select","restrictions_type":"any_text","adjust_price":false,"price":"","price_type":"flat_fee","restrictions":false,"min":"0","max":"0","options":[{"label":"Exodus pro","price":"","price_type":"flat_fee","image":0,"visibility":true},{"label":"Exodus pro SD","price":"","price_type":"flat_fee","image":0,"visibility":true}],"id":1733309960},{"name":"Dragvikt","type":"multiple_choice","position":2,"required":true,"title_format":"label","default":"","description_enable":false,"description":null,"placeholder_enable":false,"placeholder":null,"display":"select","restrictions_type":"any_text","adjust_price":false,"price":"","price_type":"flat_fee","restrictions":false,"min":"0","max":"0","options":[{"label":"30-40#","price":"","price_type":"flat_fee","image":0,"visibility":true},{"label":"40-50#","price":"","price_type":"flat_fee","image":0,"visibility":true},{"label":"50-60#","price":"","price_type":"flat_fee","image":0,"visibility":true},{"label":"60-70#","price":"","price_type":"flat_fee","image":0,"visibility":true}],"id":1733309962},{"name":"F\u00e4rg","type":"multiple_choice","position":3,"required":true,"title_format":"label","default":"","description_enable":false,"description":null,"placeholder_enable":false,"placeholder":null,"display":"select","restrictions_type":"any_text","adjust_price":false,"price":"","price_type":"flat_fee","restrictions":false,"min":"0","max":"0","options":[{"label":"Svart Riser med svarta lemmar","price":"","price_type":"flat_fee","image":0,"visibility":true},{"label":"Candy Purple med svarta lemmar","price":"","price_type":"flat_fee","image":0,"visibility":true},{"label":"Candy Blue med svarta lemmar","price":"","price_type":"flat_fee","image":0,"visibility":true},{"label":"Candy Red med svarta lemmar","price":"","price_type":"flat_fee","image":0,"visibility":true},{"label":"OD Green med svarta lemmar","price":"","price_type":"flat_fee","image":0,"visibility":true},{"label":"Gr\u00e5 med svarta lemmar","price":"","price_type":"flat_fee","image":0,"visibility":true}],"id":1733309963}],"_links":{"self":[{"href":"https:\/\/www.huntersfriend.eu\/sv\/wp-json\/wp\/v2\/product\/285660","targetHints":{"allow":["GET"]}}],"collection":[{"href":"https:\/\/www.huntersfriend.eu\/sv\/wp-json\/wp\/v2\/product"}],"about":[{"href":"https:\/\/www.huntersfriend.eu\/sv\/wp-json\/wp\/v2\/types\/product"}],"replies":[{"embeddable":true,"href":"https:\/\/www.huntersfriend.eu\/sv\/wp-json\/wp\/v2\/comments?post=285660"}],"wp:featuredmedia":[{"embeddable":true,"href":"https:\/\/www.huntersfriend.eu\/sv\/wp-json\/wp\/v2\/media\/275533"}],"wp:attachment":[{"href":"https:\/\/www.huntersfriend.eu\/sv\/wp-json\/wp\/v2\/media?parent=285660"}],"wp:term":[{"taxonomy":"product_brand","embeddable":true,"href":"https:\/\/www.huntersfriend.eu\/sv\/wp-json\/wp\/v2\/product_brand?post=285660"},{"taxonomy":"product_cat","embeddable":true,"href":"https:\/\/www.huntersfriend.eu\/sv\/wp-json\/wp\/v2\/product_cat?post=285660"},{"taxonomy":"product_tag","embeddable":true,"href":"https:\/\/www.huntersfriend.eu\/sv\/wp-json\/wp\/v2\/product_tag?post=285660"}],"curies":[{"name":"wp","href":"https:\/\/api.w.org\/{rel}","templated":true}]}}