{"id":285658,"date":"2024-12-03T11:53:36","date_gmt":"2024-12-03T09:53:36","guid":{"rendered":"https:\/\/www.huntersfriend.eu\/product\/darton-sequel-31-st2-custom-bage\/"},"modified":"2025-08-26T10:45:52","modified_gmt":"2025-08-26T08:45:52","slug":"darton-sequel-31-st2-custom-bage","status":"publish","type":"product","link":"https:\/\/www.huntersfriend.eu\/sv\/produkt\/darton-sequel-31-st2-custom-bage\/","title":{"rendered":"Darton Sequel 31 ST2 custom-b\u00e5ge"},"content":{"rendered":"<p><span data-text-color=\"alert\"><strong>V\u00e4nligen kontrollera v\u00e5r Darton Sequel 31 ST2 &#8211; I lager-sida f\u00f6r att se om vi har b\u00e5gen innan du best\u00e4ller h\u00e4rifr\u00e5n. Du kan ocks\u00e5 kontakta oss direkt f\u00f6r mer information om tillg\u00e4nglighet och leveranstider. <\/strong><\/span><\/p>\n<p><strong>75 \u00e5r av excellens och innovation inom b\u00e5gskytte: The Sequel 31 ST\u00b2 Unleashed<\/strong><\/p>\n<p><strong>The Sequel 31 ST\u00b2: Ett precisionsjusterat kraftpaket<\/strong><\/p>\n<p><span data-fontfamily=\"Oswald\" data-fontweight=\"300\">Dartons senaste erbjudande, Sequel 31 ST2, \u00e4r ett typexempel p\u00e5 varum\u00e4rkets engagemang f\u00f6r innovation. Med en upps\u00e4ttning Speed Mods, banbrytande justerbara okh\u00e4ngare med &#8221;Perfect Timing&#8221; (patent pending) och &#8221;Perfect Tune&#8221; Adjustable Limb Pocket System&#8221; (patent pending), utm\u00e4rker sig denna compoundb\u00e5ge med o\u00f6vertr\u00e4ffad precision och prestanda. Dessa toppmoderna innovationer garanterar optimal funktionalitet och en anm\u00e4rkningsv\u00e4rt smidig dragcykel, vilket resulterar i konsekvent noggrannhet skott efter skott. F\u00f6r b\u00e5gskyttar som vill h\u00f6ja sin skicklighet \u00e4r Sequel 31 ST\u00b2 ett viktigt, oumb\u00e4rligt tillskott.   <\/span><\/p>\n<p><span data-fontfamily=\"Oswald\" data-fontweight=\"300\"><strong>Enkel justering f\u00f6r varje b\u00e5gskytt<\/strong><\/span><\/p>\n<p><span data-fontfamily=\"Oswald\" data-fontweight=\"300\">Sequel 31 ST\u00b2 \u00e4r inte bara en h\u00f6gpresterande pilb\u00e5ge utan ocks\u00e5 anm\u00e4rkningsv\u00e4rt enkel att justera. Den h\u00e4r pilb\u00e5gen \u00e4r designad med anv\u00e4ndarv\u00e4nlighet i \u00e5tanke och m\u00f6jligg\u00f6r snabba och enkla justeringar, vilket g\u00f6r den tillg\u00e4nglig f\u00f6r b\u00e5de erfarna b\u00e5gskyttar och nyb\u00f6rjare. L\u00e4gg mindre tid p\u00e5 finjustering och mer tid p\u00e5 att full\u00e4nda ditt skott, tack vare dess innovativa funktioner som f\u00f6renklar justerings- och tidtagningsprocessen. Om du s\u00f6ker precision och bekv\u00e4mlighet \u00e4r Sequel 31 ST\u00b2 ditt idealiska val.   <\/span><\/p>\n<div id=\"s-45c4b8d1-925c-4a24-be93-d20f6e8a9575\" class=\"shg-c \">\n<div class=\"shg-rich-text shg-theme-text-content\">\n<p>PRECISIONSSPECIFIKATIONER<\/p>\n<p><strong>HASTIGHET:<\/strong> FAKTISK 334-335 FPS<br \/>\n<strong>HASTIGHET med SPEED MOD:<\/strong> FAKTISK 339-341 FPS<br \/>\n<strong>HASTIGHET med 75 % MOD:<\/strong> FAKTISKA 341-343 FPS<br \/>\n(MOD S\u00c4LJS SEPARAT)<br \/>\n<strong>AXEL-TILL-AXEL:<\/strong> 31 3\/16&#8243;<br \/>\n<strong>ST\u00d6DH\u00d6JD:<\/strong> 6 3\/8 &#8221;<br \/>\n<strong>MASSAVIKT:<\/strong> 4,6 LBS<br \/>\n(utan LVS installerat; ing\u00e5r i pilb\u00e5gen)<br \/>\n<strong>DRAGL\u00c4NGDER:<\/strong> 25 \u201c-30.5\u201d<br \/>\n<strong>Dragvikter:<\/strong> 50, 60, 70 och 80<br \/>\n<strong>LET-OFF:<\/strong> 85-75 % Justerbar med Draw Stop Posts<br \/>\noch 75 % MOD (s\u00e4ljs separat)<br \/>\n<strong>Specialtillverkade b\u00e5gstr\u00e4ngar<br \/>\n<\/strong><strong>Tillverkad i USA<\/strong><\/p>\n<\/div>\n<\/div>\n<div id=\"s-d25440d6-20fa-4260-bd1a-46b8d7b631eb\" class=\"shg-c \">\n<div class=\"shg-rich-text shg-theme-text-content\">\n<p>Funktioner inkluderar<\/p>\n<p>7075 BBS Dual Sync Cam (\u00e4ven k\u00e4nd som Sequel Cam) (6,990,970 B1)<br \/>\nPatenterad Deep Groove Cam (#8,714,143)<br \/>\n1\/4 \u201cButton Head Axles (Inga fler E Clips)<br \/>\n5\/8\u201d Lager<br \/>\n(Perfect Tune) Justerbara lemfickor (patent pending)<br \/>\nQAD Integrated och Hamskea C.O.R. rest mount<br \/>\nRoller Guard<br \/>\n(Perfect timing) Justerbar Yoke hanger (patent pending)<br \/>\nSpeed mod ing\u00e5r, men inte installerad, f\u00f6r extra 5-6 FPS.<br \/>\nTv\u00e5 upps\u00e4ttningar dragstoppstolpar g\u00f6r att du kan mikrojustera din let-off.<\/p>\n<\/div>\n<\/div>\n","protected":false},"excerpt":{"rendered":"<p>V\u00e4nligen kontrollera v\u00e5r Darton Sequel 31 ST2 &#8211; I lager-sida f\u00f6r att se om vi har b\u00e5gen innan du best\u00e4ller h\u00e4rifr\u00e5n. Du kan ocks\u00e5 kontakta oss direkt f\u00f6r mer information om tillg\u00e4nglighet och leveranstider. 75 \u00e5r av excellens och innovation inom b\u00e5gskytte: The Sequel 31 ST\u00b2 Unleashed The Sequel 31 ST\u00b2: Ett precisionsjusterat kraftpaket Dartons [&#8230;]\n","protected":false},"featured_media":275446,"comment_status":"open","ping_status":"closed","template":"","meta":[],"product_brand":[],"product_cat":[878],"product_tag":[],"class_list":{"0":"post-285658","1":"product","2":"type-product","3":"status-publish","4":"has-post-thumbnail","6":"product_cat-uncategorized-sv","7":"product_shipping_class-big-sv","9":"first","10":"outofstock","11":"taxable","12":"shipping-taxable","13":"purchasable","14":"product-type-simple"},"composite_virtual":false,"composite_layout":"","composite_add_to_cart_form_location":"","composite_editable_in_cart":false,"composite_sold_individually_context":"","composite_shop_price_calc":"","composite_components":[],"composite_scenarios":[],"group_of_quantity":0,"min_quantity":0,"max_quantity":"","exclude_order_quantity_value_rules":"no","exclude_category_quantity_rules":"no","combine_variations":"no","exclude_global_add_ons":false,"addons":[{"name":"B\u00e5ghand","type":"multiple_choice","position":0,"required":true,"title_format":"label","default":"","description_enable":false,"description":null,"placeholder_enable":false,"placeholder":null,"display":"select","restrictions_type":"any_text","adjust_price":false,"price":"","price_type":"flat_fee","restrictions":false,"min":"0","max":"0","options":[{"label":"H\u00f6ger hand","price":"","price_type":"flat_fee","image":0,"visibility":true},{"label":"V\u00e4nster hand","price":"","price_type":"flat_fee","image":0,"visibility":true}],"id":1733237086},{"name":"F\u00e4rg","type":"multiple_choice","position":1,"required":true,"title_format":"label","default":"","description_enable":false,"description":null,"placeholder_enable":false,"placeholder":null,"display":"select","restrictions_type":"any_text","adjust_price":false,"price":"","price_type":"flat_fee","restrictions":false,"min":"0","max":"0","options":[{"label":"Svart med svarta lemmar","price":"","price_type":"flat_fee","image":0,"visibility":true},{"label":"Matt m\u00f6rk jord med svarta lemmar","price":"","price_type":"flat_fee","image":0,"visibility":true},{"label":"Gr\u00e5 med svarta lemmar","price":"","price_type":"flat_fee","image":0,"visibility":true},{"label":"OD Green med svarta lemmar","price":"","price_type":"flat_fee","image":0,"visibility":true},{"label":"Kings XK7 med svarta lemmar","price":"","price_type":"flat_fee","image":0,"visibility":true},{"label":"Multicam\/Folds of Honor med svarta lemmar","price":"","price_type":"flat_fee","image":0,"visibility":true},{"label":"Vuni gear camo","price":"","price_type":"flat_fee","image":0,"visibility":true},{"label":"Mossy oak bottom land camo","price":"","price_type":"flat_fee","image":0,"visibility":true}],"id":1733237087},{"name":"Dragvikt","type":"multiple_choice","position":2,"required":true,"title_format":"label","default":"","description_enable":false,"description":null,"placeholder_enable":false,"placeholder":null,"display":"select","restrictions_type":"any_text","adjust_price":false,"price":"","price_type":"flat_fee","restrictions":false,"min":"0","max":"0","options":[{"label":"40-50#","price":"","price_type":"flat_fee","image":0,"visibility":true},{"label":"50-60#","price":"","price_type":"flat_fee","image":0,"visibility":true},{"label":"60-70#","price":"","price_type":"flat_fee","image":0,"visibility":true},{"label":"70-80#","price":"","price_type":"flat_fee","image":0,"visibility":true}],"id":1733237088}],"_links":{"self":[{"href":"https:\/\/www.huntersfriend.eu\/sv\/wp-json\/wp\/v2\/product\/285658","targetHints":{"allow":["GET"]}}],"collection":[{"href":"https:\/\/www.huntersfriend.eu\/sv\/wp-json\/wp\/v2\/product"}],"about":[{"href":"https:\/\/www.huntersfriend.eu\/sv\/wp-json\/wp\/v2\/types\/product"}],"replies":[{"embeddable":true,"href":"https:\/\/www.huntersfriend.eu\/sv\/wp-json\/wp\/v2\/comments?post=285658"}],"wp:featuredmedia":[{"embeddable":true,"href":"https:\/\/www.huntersfriend.eu\/sv\/wp-json\/wp\/v2\/media\/275446"}],"wp:attachment":[{"href":"https:\/\/www.huntersfriend.eu\/sv\/wp-json\/wp\/v2\/media?parent=285658"}],"wp:term":[{"taxonomy":"product_brand","embeddable":true,"href":"https:\/\/www.huntersfriend.eu\/sv\/wp-json\/wp\/v2\/product_brand?post=285658"},{"taxonomy":"product_cat","embeddable":true,"href":"https:\/\/www.huntersfriend.eu\/sv\/wp-json\/wp\/v2\/product_cat?post=285658"},{"taxonomy":"product_tag","embeddable":true,"href":"https:\/\/www.huntersfriend.eu\/sv\/wp-json\/wp\/v2\/product_tag?post=285658"}],"curies":[{"name":"wp","href":"https:\/\/api.w.org\/{rel}","templated":true}]}}