{"id":285657,"date":"2024-12-03T11:53:36","date_gmt":"2024-12-03T09:53:36","guid":{"rendered":"https:\/\/www.huntersfriend.eu\/product\/darton-sequel-33-st2-custom-bage\/"},"modified":"2025-08-26T10:45:51","modified_gmt":"2025-08-26T08:45:51","slug":"darton-sequel-33-st2-custom-bage","status":"publish","type":"product","link":"https:\/\/www.huntersfriend.eu\/sv\/produkt\/darton-sequel-33-st2-custom-bage\/","title":{"rendered":"Darton Sequel 33 ST2 custom-b\u00e5ge"},"content":{"rendered":"<p><span data-text-color=\"alert\"><strong>V\u00e4nligen kolla v\u00e5r Darton Sequel 33 ST2 &#8211; I lager-sida f\u00f6r att se om vi har b\u00e5gen innan du best\u00e4ller h\u00e4rifr\u00e5n. Du kan ocks\u00e5 kontakta oss direkt f\u00f6r mer information om tillg\u00e4nglighet och leveranstider. <\/strong><\/span><\/p>\n<p><strong>75 \u00e5rs f\u00f6rtr\u00e4fflighet och innovation inom b\u00e5gskytte: The Sequel 33 ST\u00b2 Unleashed<\/strong><\/p>\n<p>The Sequel 33 ST\u00b2: Ett precisionsjusterat kraftpaket<\/p>\n<p><strong><span data-fontweight=\"300\" data-letterspacing=\"Normal\" data-fontfamily=\"Oswald\">Dartons senaste erbjudande, Sequel 33 ST2, \u00e4r ett typexempel p\u00e5 varum\u00e4rkets engagemang f\u00f6r innovation. Med en upps\u00e4ttning Speed Mods, banbrytande justerbara okh\u00e4ngare med &#8221;Perfect Timing&#8221; (patent pending) och &#8221;Perfect Tune&#8221; Adjustable Limb Pocket System&#8221; (patent pending), utm\u00e4rker sig denna compoundb\u00e5ge med o\u00f6vertr\u00e4ffad precision och prestanda. Dessa toppmoderna innovationer garanterar optimal funktionalitet och en anm\u00e4rkningsv\u00e4rt smidig dragcykel, vilket resulterar i konsekvent noggrannhet skott efter skott. F\u00f6r b\u00e5gskyttar som vill h\u00f6ja sina f\u00e4rdigheter \u00e4r Sequel 33 ST\u00b2 ett viktigt, oumb\u00e4rligt tillskott.<br \/>\n<\/span><\/strong><\/p>\n<p><strong>Enkel justering f\u00f6r varje b\u00e5gskytt<\/strong><\/p>\n<p><strong><span data-fontweight=\"300\" data-letterspacing=\"Normal\" data-fontfamily=\"Oswald\">Sequel 33 ST\u00b2 \u00e4r inte bara en h\u00f6gpresterande b\u00e5ge utan ocks\u00e5 anm\u00e4rkningsv\u00e4rt enkel att justera. Den h\u00e4r b\u00e5gen \u00e4r designad med anv\u00e4ndarv\u00e4nlighet i \u00e5tanke och m\u00f6jligg\u00f6r snabba och enkla justeringar, vilket g\u00f6r den tillg\u00e4nglig f\u00f6r b\u00e5de erfarna b\u00e5gskyttar och nyb\u00f6rjare. L\u00e4gg mindre tid p\u00e5 finjustering och mer tid p\u00e5 att full\u00e4nda ditt skott, tack vare dess innovativa funktioner som f\u00f6renklar justerings- och tidtagningsprocessen. Om du s\u00f6ker precision och bekv\u00e4mlighet \u00e4r Sequel 33 ST\u00b2 ditt idealiska val.   <\/span><\/strong><\/p>\n<div id=\"s-be8af399-1775-4599-9fbf-10126147c647\" class=\"shg-c \">\n<div class=\"shg-rich-text shg-theme-text-content\">\n<p>PRECISIONSSPECIFIKATIONER<\/p>\n<p><span data-fontfamily=\"Oswald\"><strong>HASTIGHET:<\/strong> FAKTISK 334-335 FPS<br \/>\n<\/span><span data-fontfamily=\"Oswald\"><strong>HASTIGHET med SPEED MOD:<\/strong> FAKTISK 339-341 FPS<br \/>\n<\/span><span data-fontfamily=\"Oswald\"><strong>HASTIGHET med 75 % MOD:<\/strong> FAKTISK 341-343 FPS (MOD S\u00c4LJS SEPARAT)<br \/>\n<\/span><span data-fontfamily=\"Oswald\"><strong>AXEL-TILL-AXEL:<\/strong> 33 3\/16&#8243;<br \/>\n<\/span><span data-fontfamily=\"Oswald\"><strong>STR\u00c4NGH\u00d6JD:<\/strong> 6.3\/8&#8243;<br \/>\n<\/span><span data-fontfamily=\"Oswald\"><strong>VIKT:<\/strong> 4,7 LBS (utan LVS installerat; ing\u00e5r med b\u00e5gen)<br \/>\n<\/span><span data-fontfamily=\"Oswald\"><strong>DRAGL\u00c4NGDER:<\/strong> 25.5 \u201c-30.5\u201d<br \/>\n<\/span><span data-fontfamily=\"Oswald\"><strong>Dragvikter:<\/strong> 50, 60, 70 och 80<br \/>\n<\/span><span data-fontfamily=\"Oswald\"><strong>LET-OFF:<\/strong> 85-75 % Justerbar med Draw Stop Posts och 75 % Speed MOD (s\u00e4ljs separat)<br \/>\n<\/span><strong><span data-fontfamily=\"Oswald\">Specialtillverkade b\u00e5gstr\u00e4ngar<br \/>\n<\/span><\/strong><strong><span data-fontfamily=\"Oswald\">Tillverkad i USA<\/span><\/strong><\/p>\n<\/div>\n<\/div>\n<div id=\"s-4ec6fc81-0471-4380-b740-212eab819f7d\" class=\"shg-c \">\n<div class=\"shg-rich-text shg-theme-text-content\">\n<p>FUNKTIONER INKLUDERAR<\/p>\n<p><span data-fontfamily=\"Oswald\">7075 BBS Dual Sync Cam (\u00e4ven k\u00e4nd som Sequel Cam)<br \/>\n<\/span><span data-fontfamily=\"Oswald\">1\/4&#8243; Button Head Axles (inga fler E-clips)<br \/>\n<\/span><span data-fontfamily=\"Oswald\">5\/8&#8243; lager<br \/>\n<\/span><span data-fontfamily=\"Oswald\">(Perfect Tune) Justerbara lemfickor (patentans\u00f6kt)<br \/>\n<\/span><span data-fontfamily=\"Oswald\">QAD Integrated och Hamskea C.O.R. rest mount<br \/>\n<\/span><span data-fontfamily=\"Oswald\">Rullskydd<br \/>\n<\/span><span data-fontfamily=\"Oswald\">(Perfect timing) Justerbar okh\u00e4ngare (patentans\u00f6kt)<br \/>\n<\/span><span data-fontfamily=\"Oswald\">Speed mod ing\u00e5r, men inte installerad, f\u00f6r extra 5-6 FPS.<br \/>\n<\/span><span data-fontfamily=\"Oswald\">Tv\u00e5 upps\u00e4ttningar dragstoppstolpar g\u00f6r att du kan mikrojustera din let-off.<\/span><\/p>\n<\/div>\n<\/div>\n","protected":false},"excerpt":{"rendered":"<p>V\u00e4nligen kolla v\u00e5r Darton Sequel 33 ST2 &#8211; I lager-sida f\u00f6r att se om vi har b\u00e5gen innan du best\u00e4ller h\u00e4rifr\u00e5n. Du kan ocks\u00e5 kontakta oss direkt f\u00f6r mer information om tillg\u00e4nglighet och leveranstider. 75 \u00e5rs f\u00f6rtr\u00e4fflighet och innovation inom b\u00e5gskytte: The Sequel 33 ST\u00b2 Unleashed The Sequel 33 ST\u00b2: Ett precisionsjusterat kraftpaket Dartons senaste [&#8230;]\n","protected":false},"featured_media":275462,"comment_status":"open","ping_status":"closed","template":"","meta":[],"product_brand":[],"product_cat":[878],"product_tag":[],"class_list":{"0":"post-285657","1":"product","2":"type-product","3":"status-publish","4":"has-post-thumbnail","6":"product_cat-uncategorized-sv","7":"product_shipping_class-big-sv","9":"first","10":"outofstock","11":"taxable","12":"shipping-taxable","13":"purchasable","14":"product-type-simple"},"composite_virtual":false,"composite_layout":"","composite_add_to_cart_form_location":"","composite_editable_in_cart":false,"composite_sold_individually_context":"","composite_shop_price_calc":"","composite_components":[],"composite_scenarios":[],"group_of_quantity":0,"min_quantity":0,"max_quantity":"","exclude_order_quantity_value_rules":"no","exclude_category_quantity_rules":"no","combine_variations":"no","exclude_global_add_ons":false,"addons":[{"name":"B\u00e5ghand","type":"multiple_choice","position":0,"required":true,"title_format":"label","default":"","description_enable":false,"description":null,"placeholder_enable":false,"placeholder":null,"display":"select","restrictions_type":"any_text","adjust_price":false,"price":"","price_type":"flat_fee","restrictions":false,"min":"0","max":"0","options":[{"label":"H\u00f6ger hand","price":"","price_type":"flat_fee","image":0,"visibility":true},{"label":"V\u00e4nster hand","price":"","price_type":"flat_fee","image":0,"visibility":true}],"id":1733303872},{"name":"Dragvikt","type":"multiple_choice","position":1,"required":true,"title_format":"label","default":"","description_enable":false,"description":null,"placeholder_enable":false,"placeholder":null,"display":"select","restrictions_type":"any_text","adjust_price":false,"price":"","price_type":"flat_fee","restrictions":false,"min":"0","max":"0","options":[{"label":"40-50#","price":"","price_type":"flat_fee","image":0,"visibility":true},{"label":"50-60#","price":"","price_type":"flat_fee","image":0,"visibility":true},{"label":"60-70#","price":"","price_type":"flat_fee","image":0,"visibility":true},{"label":"70-80#","price":"","price_type":"flat_fee","image":0,"visibility":true}],"id":1733303874},{"name":"F\u00e4rg","type":"multiple_choice","position":2,"required":true,"title_format":"label","default":"","description_enable":false,"description":null,"placeholder_enable":false,"placeholder":null,"display":"select","restrictions_type":"any_text","adjust_price":false,"price":"","price_type":"flat_fee","restrictions":false,"min":"0","max":"0","options":[{"label":"Svart med svarta lemmar","price":"","price_type":"flat_fee","image":0,"visibility":true},{"label":"Matt m\u00f6rk jord med svarta lemmar","price":"","price_type":"flat_fee","image":0,"visibility":true},{"label":"Gr\u00e5 med svarta lemmar","price":"","price_type":"flat_fee","image":0,"visibility":true},{"label":"OD Green med svarta lemmar","price":"","price_type":"flat_fee","image":0,"visibility":true},{"label":"Kings XK7 med svarta lemmar","price":"","price_type":"flat_fee","image":0,"visibility":true},{"label":"Multicam\/Folds of Honor med svarta lemmar","price":"","price_type":"flat_fee","image":0,"visibility":true},{"label":"Vumi gear camo","price":"","price_type":"flat_fee","image":0,"visibility":true},{"label":"Mossy oak bottom land camo","price":"","price_type":"flat_fee","image":0,"visibility":true}],"id":1733303873}],"_links":{"self":[{"href":"https:\/\/www.huntersfriend.eu\/sv\/wp-json\/wp\/v2\/product\/285657","targetHints":{"allow":["GET"]}}],"collection":[{"href":"https:\/\/www.huntersfriend.eu\/sv\/wp-json\/wp\/v2\/product"}],"about":[{"href":"https:\/\/www.huntersfriend.eu\/sv\/wp-json\/wp\/v2\/types\/product"}],"replies":[{"embeddable":true,"href":"https:\/\/www.huntersfriend.eu\/sv\/wp-json\/wp\/v2\/comments?post=285657"}],"wp:featuredmedia":[{"embeddable":true,"href":"https:\/\/www.huntersfriend.eu\/sv\/wp-json\/wp\/v2\/media\/275462"}],"wp:attachment":[{"href":"https:\/\/www.huntersfriend.eu\/sv\/wp-json\/wp\/v2\/media?parent=285657"}],"wp:term":[{"taxonomy":"product_brand","embeddable":true,"href":"https:\/\/www.huntersfriend.eu\/sv\/wp-json\/wp\/v2\/product_brand?post=285657"},{"taxonomy":"product_cat","embeddable":true,"href":"https:\/\/www.huntersfriend.eu\/sv\/wp-json\/wp\/v2\/product_cat?post=285657"},{"taxonomy":"product_tag","embeddable":true,"href":"https:\/\/www.huntersfriend.eu\/sv\/wp-json\/wp\/v2\/product_tag?post=285657"}],"curies":[{"name":"wp","href":"https:\/\/api.w.org\/{rel}","templated":true}]}}