{"id":285656,"date":"2024-12-03T11:53:36","date_gmt":"2024-12-03T09:53:36","guid":{"rendered":"https:\/\/www.huntersfriend.eu\/product\/mathews-lift-x-33-anpassad-pilbage\/"},"modified":"2025-11-19T08:15:20","modified_gmt":"2025-11-19T06:15:20","slug":"mathews-lift-x-33-anpassad-pilbage","status":"publish","type":"product","link":"https:\/\/www.huntersfriend.eu\/sv\/produkt\/mathews-lift-x-33-anpassad-pilbage\/","title":{"rendered":"Mathews Lift x 33 anpassad pilb\u00e5ge"},"content":{"rendered":"<p><span data-text-color=\"alert\"><strong>V\u00e4nligen kolla v\u00e5r Mathews Lift X 33 I lager-sida f\u00f6r att se om vi har pilb\u00e5gen innan du best\u00e4ller h\u00e4rifr\u00e5n. Du kan ocks\u00e5 kontakta oss direkt f\u00f6r mer information om tillg\u00e4nglighet och leveranstider. <\/strong><\/span><\/p>\n<p>2025 LIFT X ger aldrig tidigare sk\u00e5dade niv\u00e5er av trimning och anpassning till varje b\u00e5gskytt. Med v\u00e5r patenterade Limb Shift\u2122-teknik (LST) till\u00e5ter LIFT X b\u00e5gskyttar att mikrojustera sin trimning med en enkel vridning av en skiftnyckel, ingen b\u00e5gpress beh\u00f6vs. ARC7\u2122 Limb Technology levererar de mest h\u00e5llbara och effektiva lemmarna vi n\u00e5gonsin har skapat och det helt nya BOND\u2122 Grip System anpassar kontaktpunkten f\u00f6r varje skytt. LIFT X \u00e4r n\u00e4sta uttryck i v\u00e5r str\u00e4van efter excellens och representerar toppen av b\u00e5gskytte-teknik.   <\/p>\n<p>Str\u00e4ngh\u00f6jd: 6,5 tum<\/p>\n<p>IBO-klassning: upp till 343 FPS<\/p>\n<p>Axel till axel: 33 tum<\/p>\n<p>Dragvikt: 55, 60, 65, 70, 75 &amp; 80<\/p>\n<p>Dragl\u00e4ngder: 26 \u201c-31.5\u201d<\/p>\n<p>Let-off: 80 eller 85 %<\/p>\n<p>Fysisk vikt: 4,26 LBS<\/p>\n<p>CAM: SwitchWeight x<\/p>\n<h2>Limb shift-teknik<\/h2>\n<p>V\u00e5r patenterade Limb Shift Technology (LST) \u00e4r ett f\u00f6rsta i sitt slag-justeringssystem som g\u00f6r det m\u00f6jligt f\u00f6r b\u00e5gskytten att mikrojustera lemkanalen utan behov av en b\u00e5gpress. Genom att h\u00e5lla kammen i ett fast l\u00e4ge optimerar Limb Shift Technology lembalansen och belastningen i lemkanalen, vilket resulterar i en effektivare trimning. <\/p>\n<h2>ARC7 lemteknik<\/h2>\n<p>Vi har utvecklat ett nytt lemmaterial och en flerstegsbyggprocess f\u00f6r att s\u00e4kerst\u00e4lla styrka och konsistens \u00f6ver hela produktionslinjen. Resultatet \u00e4r en helt ny lem som \u00e4r mer h\u00e5llbar och effektiv under hela lastsekvensen \u00e4n n\u00e5gon lem vi har gjort hittills. <\/p>\n<h2>BOND greppsystem<\/h2>\n<p>Efter att ha kartlagt greppen hos hundratals b\u00e5gskyttar f\u00f6ddes det helt nya BOND Grip System. Varje BOND-grepp \u00e4r konstruerat av en h\u00e5llbar polymerbas och \u00e4r konstruerat f\u00f6r \u00f6verl\u00e4gsen ergonomi och har en texturerad gummigreppyta f\u00f6r att f\u00f6rb\u00e4ttra greppet d\u00e4r du beh\u00f6ver det som mest. <\/p>\n<p>&nbsp;<\/p>\n","protected":false},"excerpt":{"rendered":"<p>V\u00e4nligen kolla v\u00e5r Mathews Lift X 33 I lager-sida f\u00f6r att se om vi har pilb\u00e5gen innan du best\u00e4ller h\u00e4rifr\u00e5n. Du kan ocks\u00e5 kontakta oss direkt f\u00f6r mer information om tillg\u00e4nglighet och leveranstider. 2025 LIFT X ger aldrig tidigare sk\u00e5dade niv\u00e5er av trimning och anpassning till varje b\u00e5gskytt. Med v\u00e5r patenterade Limb Shift\u2122-teknik (LST) till\u00e5ter [&#8230;]\n","protected":false},"featured_media":275671,"comment_status":"open","ping_status":"closed","template":"","meta":[],"product_brand":[],"product_cat":[2652],"product_tag":[],"class_list":{"0":"post-285656","1":"product","2":"type-product","3":"status-publish","4":"has-post-thumbnail","6":"product_cat-compound-bagar","7":"product_shipping_class-big-sv","9":"first","10":"onbackorder","11":"taxable","12":"shipping-taxable","13":"purchasable","14":"product-type-simple"},"composite_virtual":false,"composite_layout":"","composite_add_to_cart_form_location":"","composite_editable_in_cart":false,"composite_sold_individually_context":"","composite_shop_price_calc":"","composite_components":[],"composite_scenarios":[],"group_of_quantity":0,"min_quantity":0,"max_quantity":"","exclude_order_quantity_value_rules":"no","exclude_category_quantity_rules":"no","combine_variations":"no","exclude_global_add_ons":false,"addons":{"1":{"name":"B\u00e5ghand","type":"multiple_choice","position":0,"required":true,"title_format":"label","default":"","description_enable":false,"description":null,"placeholder_enable":false,"placeholder":null,"display":"select","restrictions_type":"any_text","adjust_price":false,"price":"","price_type":"flat_fee","restrictions":false,"min":"0","max":"0","options":[{"label":"H\u00f6ger hand","price":"","price_type":"flat_fee","image":0,"visibility":true},{"label":"V\u00e4nster hand","price":"","price_type":"flat_fee","image":0,"visibility":true}],"id":1733754595},"0":{"name":"F\u00e4rg","type":"multiple_choice","position":1,"required":true,"title_format":"label","default":"","description_enable":false,"description":null,"placeholder_enable":false,"placeholder":null,"display":"select","restrictions_type":"any_text","adjust_price":false,"price":"","price_type":"flat_fee","restrictions":false,"min":"0","max":"0","options":[{"label":"Svart","price":"","price_type":"flat_fee","image":0,"visibility":true},{"label":"Earth","price":"","price_type":"flat_fee","image":0,"visibility":true},{"label":"Gr\u00f6n bakh\u00e5ll","price":"","price_type":"flat_fee","image":0,"visibility":true},{"label":"Skiffer","price":"","price_type":"flat_fee","image":0,"visibility":true},{"label":"Mossy oak bottomland","price":"","price_type":"flat_fee","image":0,"visibility":true},{"label":"Kuiu verde","price":"","price_type":"flat_fee","image":0,"visibility":true},{"label":"First lite spectre","price":"","price_type":"flat_fee","image":0,"visibility":true},{"label":"Optifade sublapine","price":"","price_type":"flat_fee","image":0,"visibility":true},{"label":"Shale fade to black","price":"","price_type":"flat_fee","image":0,"visibility":true},{"label":"Earth fade to black","price":"","price_type":"flat_fee","image":0,"visibility":true},{"label":"Green ambush fade to black","price":"","price_type":"flat_fee","image":0,"visibility":true}],"id":1733754596},"2":{"name":"Dragvikt","type":"multiple_choice","position":2,"required":true,"title_format":"label","default":"","description_enable":false,"description":null,"placeholder_enable":false,"placeholder":null,"display":"select","restrictions_type":"any_text","adjust_price":false,"price":"","price_type":"flat_fee","restrictions":false,"min":"0","max":"0","options":[{"label":"45-55#","price":"","price_type":"flat_fee","image":0,"visibility":true},{"label":"50-60#","price":"","price_type":"flat_fee","image":0,"visibility":true},{"label":"55-65#","price":"","price_type":"flat_fee","image":0,"visibility":true},{"label":"60-70#","price":"","price_type":"flat_fee","image":0,"visibility":true},{"label":"65-70#","price":"","price_type":"flat_fee","image":0,"visibility":true},{"label":"70-80#","price":"","price_type":"flat_fee","image":0,"visibility":true}],"id":1733754597},"3":{"name":"Dragl\u00e4ngd","type":"multiple_choice","position":3,"required":true,"title_format":"label","default":"","description_enable":false,"description":null,"placeholder_enable":false,"placeholder":null,"display":"select","restrictions_type":"any_text","adjust_price":false,"price":"","price_type":"flat_fee","restrictions":false,"min":"0","max":"0","options":[{"label":"26\" - modul l","price":"","price_type":"flat_fee","image":0,"visibility":true},{"label":"26.5\" - modul k","price":"","price_type":"flat_fee","image":0,"visibility":true},{"label":"27\" - modul j","price":"","price_type":"flat_fee","image":0,"visibility":true},{"label":"27.5\" - modul i","price":"","price_type":"flat_fee","image":0,"visibility":true},{"label":"28\" - modul h","price":"","price_type":"flat_fee","image":0,"visibility":true},{"label":"28.5\" - modul g","price":"","price_type":"flat_fee","image":0,"visibility":true},{"label":"29\" - modul f","price":"","price_type":"flat_fee","image":0,"visibility":true},{"label":"29.5\" - modul e","price":"","price_type":"flat_fee","image":0,"visibility":true},{"label":"30\" - modul d","price":"","price_type":"flat_fee","image":0,"visibility":true},{"label":"30.5\" - modul c","price":"","price_type":"flat_fee","image":0,"visibility":true},{"label":"31\" - modul b","price":"","price_type":"flat_fee","image":0,"visibility":true},{"label":"31.5\" - modul a","price":"","price_type":"flat_fee","image":0,"visibility":true}],"id":1733754598}},"_links":{"self":[{"href":"https:\/\/www.huntersfriend.eu\/sv\/wp-json\/wp\/v2\/product\/285656","targetHints":{"allow":["GET"]}}],"collection":[{"href":"https:\/\/www.huntersfriend.eu\/sv\/wp-json\/wp\/v2\/product"}],"about":[{"href":"https:\/\/www.huntersfriend.eu\/sv\/wp-json\/wp\/v2\/types\/product"}],"replies":[{"embeddable":true,"href":"https:\/\/www.huntersfriend.eu\/sv\/wp-json\/wp\/v2\/comments?post=285656"}],"wp:featuredmedia":[{"embeddable":true,"href":"https:\/\/www.huntersfriend.eu\/sv\/wp-json\/wp\/v2\/media\/275671"}],"wp:attachment":[{"href":"https:\/\/www.huntersfriend.eu\/sv\/wp-json\/wp\/v2\/media?parent=285656"}],"wp:term":[{"taxonomy":"product_brand","embeddable":true,"href":"https:\/\/www.huntersfriend.eu\/sv\/wp-json\/wp\/v2\/product_brand?post=285656"},{"taxonomy":"product_cat","embeddable":true,"href":"https:\/\/www.huntersfriend.eu\/sv\/wp-json\/wp\/v2\/product_cat?post=285656"},{"taxonomy":"product_tag","embeddable":true,"href":"https:\/\/www.huntersfriend.eu\/sv\/wp-json\/wp\/v2\/product_tag?post=285656"}],"curies":[{"name":"wp","href":"https:\/\/api.w.org\/{rel}","templated":true}]}}