{"id":285655,"date":"2024-12-03T11:53:36","date_gmt":"2024-12-03T09:53:36","guid":{"rendered":"https:\/\/www.huntersfriend.eu\/product\/darton-sequel-35-st2-anpassad-pilbage\/"},"modified":"2025-08-26T10:45:50","modified_gmt":"2025-08-26T08:45:50","slug":"darton-sequel-35-st2-anpassad-pilbage","status":"publish","type":"product","link":"https:\/\/www.huntersfriend.eu\/sv\/produkt\/darton-sequel-35-st2-anpassad-pilbage\/","title":{"rendered":"Darton Sequel 35 ST2 anpassad pilb\u00e5ge"},"content":{"rendered":"<p><span data-text-color=\"alert\"><strong>Kontrollera v\u00e5r Darton Sequel 35 ST2 &#8211; I lager-sida f\u00f6r att se om vi har pilb\u00e5gen innan du best\u00e4ller h\u00e4rifr\u00e5n. Du kan ocks\u00e5 kontakta oss direkt f\u00f6r mer information om tillg\u00e4nglighet och leveranstider. <\/strong><\/span><\/p>\n<p><strong>75 \u00e5r av excellens och innovation inom b\u00e5gskytte: Sequel 35 ST\u00b2 sl\u00e4ppt<\/strong><\/p>\n<p><strong>Sequel 35 ST\u00b2: Ett precisionsjusterat kraftpaket<\/strong><\/p>\n<p><span data-fontfamily=\"Oswald\" data-fontweight=\"300\">Dartons senaste erbjudande, Sequel 35 ST2, f\u00f6rkroppsligar varum\u00e4rkets engagemang f\u00f6r innovation. Med en upps\u00e4ttning Speed Mods, banbrytande justerbara okh\u00e4ngare med &#8221;Perfect Timing&#8221; (patent pending) och &#8221;Perfect Tune&#8221; Adjustable Limb Pocket System&#8221; (patent pending), utm\u00e4rker sig denna compoundb\u00e5ge med o\u00f6vertr\u00e4ffad precision och prestanda. Dessa toppmoderna innovationer garanterar optimal funktionalitet och en anm\u00e4rkningsv\u00e4rt smidig dragcykel, vilket resulterar i konsekvent noggrannhet skott efter skott. F\u00f6r b\u00e5gskyttar som vill h\u00f6ja sina f\u00e4rdigheter \u00e4r Sequel 35 ST\u00b2 ett viktigt, oumb\u00e4rligt tillskott.   <\/span><\/p>\n<p><span data-fontfamily=\"Oswald\" data-fontweight=\"300\"><strong>Enkel justering f\u00f6r varje b\u00e5gskytt<\/strong><\/span><\/p>\n<p><span data-fontfamily=\"Oswald\" data-fontweight=\"300\">Sequel 35 ST\u00b2 \u00e4r inte bara en h\u00f6gpresterande pilb\u00e5ge utan ocks\u00e5 anm\u00e4rkningsv\u00e4rt enkel att st\u00e4lla in. Designad med anv\u00e4ndarv\u00e4nlighet i \u00e5tanke, m\u00f6jligg\u00f6r denna pilb\u00e5ge snabba och enkla justeringar, vilket g\u00f6r den tillg\u00e4nglig f\u00f6r b\u00e5de erfarna b\u00e5gskyttar och nyb\u00f6rjare. L\u00e4gg mindre tid p\u00e5 finjustering och mer tid p\u00e5 att full\u00e4nda ditt skott, tack vare dess innovativa funktioner som f\u00f6renklar inst\u00e4llnings- och tidtagningsprocessen. Om du s\u00f6ker precision och bekv\u00e4mlighet \u00e4r Sequel 35 ST\u00b2 ditt idealiska val.   <\/span><\/p>\n<div id=\"s-a09dd32f-c05f-4d9d-817e-d7b9415991c8\" class=\"shg-c \">\n<div class=\"shg-rich-text shg-theme-text-content\">\n<p>PRECISIONSSPECIFIKATIONER<\/p>\n<ul>\n<li>\n<ul>\n<li>\n<ul>\n<li><strong>HASTIGHET:<\/strong> FAKTISK 330-331 FPS<\/li>\n<li><strong>HASTIGHET med SPEED MOD: <\/strong>FAKTISK 335-336 FPS<\/li>\n<li><strong>HASTIGHET med 75 % MOD:<\/strong> FAKTISK 340-341 FPS (75 % MOD S\u00c4LJS SEPARAT)<\/li>\n<li><strong>AXEL-TILL-AXEL:<\/strong> 35 1\/8&#8243;<\/li>\n<li><strong>STR\u00c4NGH\u00d6JD:<\/strong> 6,3<\/li>\n<li><strong>MASSAVIKT:<\/strong> 4,75 LBS (utan LVS installerat; ing\u00e5r i pilb\u00e5gen)<\/li>\n<li><strong>DRAGL\u00c4NGDER:<\/strong> 26 \u201c-31.5\u201d<\/li>\n<li><strong>Dragvikter:<\/strong> 50, 60, 70 och 80<\/li>\n<li><strong>LET-OFF:<\/strong> 85-75 % Justerbar med Draw Stop Posts och 75 % Speed MOD (s\u00e4ljs separat)<\/li>\n<li><strong>Specialtillverkade b\u00e5gstr\u00e4ngar<\/strong><\/li>\n<li><strong>Tillverkad i USA<\/strong><\/li>\n<\/ul>\n<\/li>\n<\/ul>\n<\/li>\n<\/ul>\n<\/div>\n<\/div>\n<div id=\"s-7b79f875-d761-4b64-a1cc-10c75e633514\" class=\"shg-c \">\n<div class=\"shg-rich-text shg-theme-text-content\">\n<p>Funktioner inkluderar<\/p>\n<ul>\n<li>\n<ul>\n<li>\n<ul>\n<li><span data-fontfamily=\"Oswald\">7075 BBS Dual Sync Cam (\u00e4ven k\u00e4nd som Sequel Cam)<\/span><\/li>\n<li><span data-fontfamily=\"Oswald\">1\/4&#8243; Button Head Axles (inga fler E-clips)<\/span><\/li>\n<li><span data-fontfamily=\"Oswald\">5\/8&#8243; lager<\/span><\/li>\n<li><span data-fontfamily=\"Oswald\">(Perfect Tune) Justerbara lemfickor (patentans\u00f6kt)<\/span><\/li>\n<li><span data-fontfamily=\"Oswald\">QAD Integrated och Hamskea C.O.R. rest mount<\/span><\/li>\n<li><span data-fontfamily=\"Oswald\">Rullskydd<\/span><\/li>\n<li><span data-fontfamily=\"Oswald\">(Perfect timing) Justerbar okh\u00e4ngare (patentans\u00f6kt)<\/span><\/li>\n<li><span data-fontfamily=\"Oswald\">Speed mod ing\u00e5r, men inte installerad, f\u00f6r extra 5-6 FPS.<\/span><\/li>\n<li><span data-fontfamily=\"Oswald\">Tv\u00e5 upps\u00e4ttningar dragstoppstolpar g\u00f6r att du kan mikrojustera din let-off.<\/span><\/li>\n<\/ul>\n<\/li>\n<\/ul>\n<\/li>\n<\/ul>\n<\/div>\n<\/div>\n","protected":false},"excerpt":{"rendered":"<p>Kontrollera v\u00e5r Darton Sequel 35 ST2 &#8211; I lager-sida f\u00f6r att se om vi har pilb\u00e5gen innan du best\u00e4ller h\u00e4rifr\u00e5n. Du kan ocks\u00e5 kontakta oss direkt f\u00f6r mer information om tillg\u00e4nglighet och leveranstider. 75 \u00e5r av excellens och innovation inom b\u00e5gskytte: Sequel 35 ST\u00b2 sl\u00e4ppt Sequel 35 ST\u00b2: Ett precisionsjusterat kraftpaket Dartons senaste erbjudande, Sequel [&#8230;]\n","protected":false},"featured_media":275502,"comment_status":"open","ping_status":"closed","template":"","meta":[],"product_brand":[],"product_cat":[878],"product_tag":[],"class_list":{"0":"post-285655","1":"product","2":"type-product","3":"status-publish","4":"has-post-thumbnail","6":"product_cat-uncategorized-sv","7":"product_shipping_class-big-sv","9":"first","10":"outofstock","11":"taxable","12":"shipping-taxable","13":"purchasable","14":"product-type-simple"},"composite_virtual":false,"composite_layout":"","composite_add_to_cart_form_location":"","composite_editable_in_cart":false,"composite_sold_individually_context":"","composite_shop_price_calc":"","composite_components":[],"composite_scenarios":[],"group_of_quantity":0,"min_quantity":0,"max_quantity":"","exclude_order_quantity_value_rules":"no","exclude_category_quantity_rules":"no","combine_variations":"no","exclude_global_add_ons":false,"addons":[{"name":"B\u00e5ghand","type":"multiple_choice","position":0,"required":true,"title_format":"label","default":"","description_enable":false,"description":null,"placeholder_enable":false,"placeholder":null,"display":"select","restrictions_type":"any_text","adjust_price":false,"price":"","price_type":"flat_fee","restrictions":false,"min":"0","max":"0","options":[{"label":"H\u00f6ger hand","price":"","price_type":"flat_fee","image":0,"visibility":true},{"label":"V\u00e4nster hand","price":"","price_type":"flat_fee","image":0,"visibility":true}],"id":1733304344},{"name":"Dragvikt","type":"multiple_choice","position":1,"required":true,"title_format":"label","default":"","description_enable":false,"description":null,"placeholder_enable":false,"placeholder":null,"display":"select","restrictions_type":"any_text","adjust_price":false,"price":"","price_type":"flat_fee","restrictions":false,"min":"0","max":"0","options":[{"label":"40-50#","price":"","price_type":"flat_fee","image":0,"visibility":true},{"label":"50-60#","price":"","price_type":"flat_fee","image":0,"visibility":true},{"label":"60-70#","price":"","price_type":"flat_fee","image":0,"visibility":true},{"label":"70-80#","price":"","price_type":"flat_fee","image":0,"visibility":true}],"id":1733304346},{"name":"F\u00e4rg","type":"multiple_choice","position":2,"required":true,"title_format":"label","default":"","description_enable":false,"description":null,"placeholder_enable":false,"placeholder":null,"display":"select","restrictions_type":"any_text","adjust_price":false,"price":"","price_type":"flat_fee","restrictions":false,"min":"0","max":"0","options":[{"label":"Svart med svarta lemmar","price":"","price_type":"flat_fee","image":0,"visibility":true},{"label":"Matt m\u00f6rk jord med svarta lemmar","price":"","price_type":"flat_fee","image":0,"visibility":true},{"label":"Gr\u00e5 med svarta lemmar","price":"","price_type":"flat_fee","image":0,"visibility":true},{"label":"OD Green med svarta lemmar","price":"","price_type":"flat_fee","image":0,"visibility":true},{"label":"Kings XK7 med svarta lemmar","price":"","price_type":"flat_fee","image":0,"visibility":true},{"label":"Multicam\/Folds of Honor med svarta lemmar","price":"","price_type":"flat_fee","image":0,"visibility":true},{"label":"Vumi gear camo","price":"","price_type":"flat_fee","image":0,"visibility":true},{"label":"Mossy oak bottom land camo","price":"","price_type":"flat_fee","image":0,"visibility":true}],"id":1733304345}],"_links":{"self":[{"href":"https:\/\/www.huntersfriend.eu\/sv\/wp-json\/wp\/v2\/product\/285655","targetHints":{"allow":["GET"]}}],"collection":[{"href":"https:\/\/www.huntersfriend.eu\/sv\/wp-json\/wp\/v2\/product"}],"about":[{"href":"https:\/\/www.huntersfriend.eu\/sv\/wp-json\/wp\/v2\/types\/product"}],"replies":[{"embeddable":true,"href":"https:\/\/www.huntersfriend.eu\/sv\/wp-json\/wp\/v2\/comments?post=285655"}],"wp:featuredmedia":[{"embeddable":true,"href":"https:\/\/www.huntersfriend.eu\/sv\/wp-json\/wp\/v2\/media\/275502"}],"wp:attachment":[{"href":"https:\/\/www.huntersfriend.eu\/sv\/wp-json\/wp\/v2\/media?parent=285655"}],"wp:term":[{"taxonomy":"product_brand","embeddable":true,"href":"https:\/\/www.huntersfriend.eu\/sv\/wp-json\/wp\/v2\/product_brand?post=285655"},{"taxonomy":"product_cat","embeddable":true,"href":"https:\/\/www.huntersfriend.eu\/sv\/wp-json\/wp\/v2\/product_cat?post=285655"},{"taxonomy":"product_tag","embeddable":true,"href":"https:\/\/www.huntersfriend.eu\/sv\/wp-json\/wp\/v2\/product_tag?post=285655"}],"curies":[{"name":"wp","href":"https:\/\/api.w.org\/{rel}","templated":true}]}}