{"id":285654,"date":"2024-12-03T11:53:36","date_gmt":"2024-12-03T09:53:36","guid":{"rendered":"https:\/\/www.huntersfriend.eu\/product\/hoyt-carbon-rx-9-bage\/"},"modified":"2025-08-26T10:45:49","modified_gmt":"2025-08-26T08:45:49","slug":"hoyt-carbon-rx-9-bage","status":"publish","type":"product","link":"https:\/\/www.huntersfriend.eu\/sv\/produkt\/hoyt-carbon-rx-9-bage\/","title":{"rendered":"Hoyt carbon RX-9 b\u00e5ge"},"content":{"rendered":"<p><span data-text-color=\"alert\"><strong>Kontrollera v\u00e5r Hoyt RX-9 I lager-sida f\u00f6r att se om vi har b\u00e5gen innan du best\u00e4ller h\u00e4rifr\u00e5n. Leveranstiderna \u00e4r cirka 1\u20132 veckor f\u00f6r b\u00e5gar i Hoyt Europas lager och 8\u201310 veckor f\u00f6r specialbest\u00e4llda modeller fr\u00e5n Hoyt USA. Kontakta oss direkt f\u00f6r mer exakt information om tillg\u00e4nglighet.  <\/strong><\/span><\/p>\n<p><strong>Hoyt carbon RX-9 2025 Compound-b\u00e5ge \u2013 N\u00e4sta generations kraft, precision och l\u00e4tthet<\/strong><\/p>\n<p>Hoyt har \u00e5terigen satt en ny standard i compoundb\u00e5gens v\u00e4rld med introduktionen av den mycket efterl\u00e4ngtade Hoyt Carbon RX-9 2025-modellen. M\u00e5nga trodde att den popul\u00e4ra RX-8 inte kunde f\u00f6rb\u00e4ttras, men Hoyt bevisade motsatsen. Den nya RX-9 kombinerar innovativ ramgeometri, uppdaterade lemmar och lemmfickor samt det h\u00f6geffektiva HBX Gen 4-kamsystemet. Resultatet \u00e4r en otroligt exakt, l\u00e4tt och extremt stabil jaktb\u00e5ge som h\u00f6jer ribban f\u00f6r branschstandarder.   <\/p>\n<p><strong>Otrolig effektivitet<\/strong> En av de viktigaste funktionerna hos RX-9 \u00e4r dess exceptionella effektivitet. J\u00e4mf\u00f6rt med sin f\u00f6reg\u00e5ngare, RX-8, levererar RX-9 en \u00f6kning av FPS (Feet Per Second) \u00f6ver alla tillg\u00e4ngliga dragvikter och -l\u00e4ngder \u2013 i vissa fall upp till n\u00e4stan 20 FPS mer. Denna prestandaf\u00f6rb\u00e4ttring har uppn\u00e5tts samtidigt som b\u00e5gen har gjorts l\u00e4ttare och dragningen mjukare. Detta m\u00f6jligg\u00f6rs av de uppdaterade lemmarna, lemmfickorna och den omgjorda ramgeometrin. Den st\u00f6rsta krediten g\u00e5r dock till den nya HBX Gen 4-kammen, med dess optimerade modulsystem som s\u00e4kerst\u00e4ller att ingen energi eller prestanda g\u00e5r f\u00f6rlorad. RX-9 maximerar kraften med varje skott, oavsett dragvikt eller -l\u00e4ngd.     <\/p>\n<p><strong>Omdesignad ramgeometri<\/strong> RX-9:ans ram har omdesignats f\u00f6r att f\u00f6rb\u00e4ttra den totala effektiviteten och styvheten. Denna nya geometri \u00f6kar inte bara stabiliteten utan minskar ocks\u00e5 potentiella felk\u00e4llor under skottet. Resultatet \u00e4r en b\u00e5ge som \u00e4r extremt f\u00f6rl\u00e5tande och exakt, vilket \u00e4r s\u00e4rskilt viktigt i kr\u00e4vande jaktsituationer.  <\/p>\n<p><strong>HBX Gen 4-kamsystem<\/strong> Den nya HBX Gen 4-kammen \u00e4r hj\u00e4rtat i RX-9. Detta f\u00f6rb\u00e4ttrade modulsystem \u00e4r optimerat i modulerna #1\u2013#5, vilket s\u00e4kerst\u00e4ller att ingen prestanda offras vid n\u00e5gon dragl\u00e4ngd eller -vikt. Dessutom har systemet alternativen \u201cH\u00e5rd v\u00e4gg\u201d och \u201cX H\u00e5rd v\u00e4gg\u201d, vilket g\u00f6r att skytten kan anpassa dragk\u00e4nslan. Det betyder att du kan finjustera b\u00e5gen s\u00e5 att den passar dina preferenser perfekt utan att kompromissa med prestandan.   <\/p>\n<p><strong>Uppdaterade lemmar och lemmfickor<\/strong> RX-9:ans lemmar och lemmfickor har omdesignats f\u00f6r att s\u00e4kerst\u00e4lla att effektivitet och hastighet bibeh\u00e5lls, \u00e4ven n\u00e4r dragfasen blir mjukare. Detta inneb\u00e4r att b\u00e5gen \u00e4r b\u00e5de behaglig att dra och extremt effektiv n\u00e4r den sl\u00e4pps. I kombination med den omdesignade ramen g\u00f6r dessa uppdateringar RX-9 till en av de mest h\u00f6gpresterande och p\u00e5litliga jaktb\u00e5garna p\u00e5 marknaden.  <\/p>\n<p><strong>\u201cD\u00f6d i handen\u201d Kolfiberkonstruktion<\/strong> Hoyt har tagit kolfibertekniken till n\u00e4sta niv\u00e5 med RX-9-b\u00e5gen. De flesta kolfiberb\u00e5gar syftar till att minska handk\u00e4nslan efter sl\u00e4pp, men RX-9 eliminerar den n\u00e4stan helt. Denna \u201cD\u00f6d i handen\u201d-funktion s\u00e4kerst\u00e4ller att b\u00e5gen f\u00f6rblir stadig och tyst efter sl\u00e4pp, vilket f\u00f6rb\u00e4ttrar precisionen och minskar skyttens tr\u00f6tthet under l\u00e5nga jaktdagar.  <\/p>\n<p><strong>Perfekt synergi med Hoyt-tillbeh\u00f6r<\/strong> RX-9 \u00e4r utformad f\u00f6r att s\u00f6ml\u00f6st integreras med Hoyt-tillbeh\u00f6r. Detta s\u00e4kerst\u00e4ller att ditt system \u00e4r s\u00e5 stabilt, p\u00e5litligt och anpassningsbart som m\u00f6jligt. Hoyt-tillbeh\u00f6r, som stabilisatorer, sikten och releaser, kompletterar RX-9:ans funktioner, vilket g\u00f6r hela installationen st\u00f6rre \u00e4n summan av dess delar.  <\/p>\n<p><strong>F\u00f6rb\u00e4ttrat 4-sp\u00e5rsjusteringssystem<\/strong> Det nya, f\u00f6rb\u00e4ttrade 4-sp\u00e5rsjusteringssystemet m\u00f6jligg\u00f6r effektiv och okomplicerad justering. Detta g\u00f6r justeringen av b\u00e5gen snabb och enkel, utan komplicerade processer. Mindre tid p\u00e5 justering inneb\u00e4r mer tid i f\u00e4lt, vilket \u00e4r s\u00e4rskilt viktigt f\u00f6r passionerade j\u00e4gare.  <\/p>\n<p><strong>Tekniska specifikationer:<\/strong><\/p>\n<ul>\n<li>Axel-till-axel-l\u00e4ngd: 30,5 tum<\/li>\n<li>Str\u00e4ngh\u00f6jd: 6 1\/8 tum<\/li>\n<li>Let-off: 75 %, 80 %, 85 %<\/li>\n<li>IBO-hastighet: 342 FPS<\/li>\n<li>Vikt: 4 lbs<\/li>\n<li>Dragl\u00e4ngd: 25 \u201c\u2013 30\u201d (med l\u00e4mpliga moduler, \u00bc \u201cjusteringar)<br \/>\nMods 1-5 &#8211; 25-26\u201d \/ 26.25-27 \u201c\/ 27.25-28\u201d \/ 28.25-29 \u201c\/ 29.25-30\u201d \/<\/li>\n<li>Dragvikt: 40\u201350, 50\u201360, 55\u201365, 60\u201370, 65\u201375, 70\u201380 lbs<\/li>\n<li>Kam\/modul: HBX Gen 4 Cam<\/li>\n<li>H\u00f6gerv\u00e4nster: h\u00f6ger- och v\u00e4nsterh\u00e4nt<\/li>\n<li>Standardf\u00e4rger: bourbon, tombstone, wilderness, blackout<\/li>\n<li>Jaktf\u00e4rger: Realtree APX, Mossy Oak Bottomland, Optifade Subalpine, Optifade Elevated II, Kuiu Verde, Origin Raptor Highland, Firstlite Cerca<\/li>\n<\/ul>\n<p><strong>M\u00e5ngsidighet och anpassningsf\u00f6rm\u00e5ga<\/strong> RX-9 erbjuder ett brett utbud av dragl\u00e4ngder och dragvikter, vilket g\u00f6r den l\u00e4mplig f\u00f6r en m\u00e4ngd olika skyttar och jaktsituationer. Let-off-alternativ p\u00e5 75 %, 80 % och 85 % g\u00f6r att du kan anpassa k\u00e4nslan och kontrollen av b\u00e5gen efter dina behov. <\/p>\n<p><strong>Estetik och finish<\/strong> B\u00e5gen finns i flera snygga f\u00e4rger. Standardf\u00e4rger som Bourbon, Tombstone, Wilderness och Blackout erbjuder en klassisk look, medan jaktf\u00e4rger som Realtree APX och Optifade Subalpine hj\u00e4lper dig att sm\u00e4lta in i omgivningen under jaktsituationer. <\/p>\n<p><strong>Sammanfattning<\/strong> Hoyt Carbon RX-9 2025 compound-b\u00e5ge \u00e4r designad f\u00f6r j\u00e4gare och b\u00e5gskyttar som inte n\u00f6jer sig med n\u00e5got annat \u00e4n det b\u00e4sta. Dess kombination av kraft, l\u00e4tthet och precision g\u00f6r den till den ledande jaktb\u00e5gen p\u00e5 marknaden. Den omdesignade ramgeometrin, uppdaterade lemmarna och det f\u00f6rstklassiga HBX Gen 4-kamsystemet s\u00e4kerst\u00e4ller att RX-9 levererar prestanda du kan lita p\u00e5 i alla situationer.  <\/p>\n<p>Oavsett om du \u00e4r en erfaren skytt eller precis har b\u00f6rjat din b\u00e5gskytte-resa, erbjuder RX-9 funktioner som hj\u00e4lper dig att uppn\u00e5 dina m\u00e5l. Dess anpassningsf\u00f6rm\u00e5ga, effektivitet och komfort g\u00f6r den till en investering som l\u00f6nar sig med varje skott. <\/p>\n<p><strong>Varf\u00f6r v\u00e4lja Hoyt carbon RX-9?<\/strong><\/p>\n<ul>\n<li><strong>Topprestanda<\/strong>: \u00d6kad FPS-hastighet och effektivitet \u00f6ver alla dragl\u00e4ngder och -vikter.<\/li>\n<li><strong>L\u00e4ttviktsdesign<\/strong>: Med en vikt p\u00e5 endast 4 lbs \u00e4r b\u00e5gen l\u00e4tt att b\u00e4ra och hantera under l\u00e5nga perioder.<\/li>\n<li><strong>Anpassningsbarhet<\/strong>: Ett brett utbud av dragl\u00e4ngder, vikter och let-off-alternativ.<\/li>\n<li><strong>Komfort<\/strong>: Konstruktionen \u201cD\u00f6d i handen\u201d minskar handk\u00e4nslan och f\u00f6rb\u00e4ttrar skottkvaliteten.<\/li>\n<li><strong>P\u00e5litlighet<\/strong>: Hoyts v\u00e4lk\u00e4nda kvalitet och h\u00e5llbarhet s\u00e4kerst\u00e4ller att b\u00e5gen kommer att tj\u00e4na dig i m\u00e5nga \u00e5r.<\/li>\n<li><strong>Kompatibilitet och tillbeh\u00f6r<\/strong>: RX-9 \u00e4r utformad f\u00f6r att fungera s\u00f6ml\u00f6st med Hoyt-tillbeh\u00f6r, men \u00e4r ocks\u00e5 kompatibel med m\u00e5nga andra tillbeh\u00f6r p\u00e5 marknaden, vilket g\u00f6r att du kan anpassa din b\u00e5ge efter dina exakta preferenser.<\/li>\n<\/ul>\n<p><strong>Obs<\/strong>: Leveranstiderna kan variera beroende p\u00e5 lagertillg\u00e4nglighet, fr\u00e5n 1 till 8 veckor. Kontakta oss innan du best\u00e4ller f\u00f6r att fr\u00e5ga om snabbare leveransalternativ. <\/p>\n","protected":false},"excerpt":{"rendered":"<p>Kontrollera v\u00e5r Hoyt RX-9 I lager-sida f\u00f6r att se om vi har b\u00e5gen innan du best\u00e4ller h\u00e4rifr\u00e5n. Leveranstiderna \u00e4r cirka 1\u20132 veckor f\u00f6r b\u00e5gar i Hoyt Europas lager och 8\u201310 veckor f\u00f6r specialbest\u00e4llda modeller fr\u00e5n Hoyt USA. Kontakta oss direkt f\u00f6r mer exakt information om tillg\u00e4nglighet. Hoyt carbon RX-9 2025 Compound-b\u00e5ge \u2013 N\u00e4sta generations kraft, [&#8230;]\n","protected":false},"featured_media":275548,"comment_status":"open","ping_status":"closed","template":"","meta":[],"product_brand":[],"product_cat":[878],"product_tag":[],"class_list":{"0":"post-285654","1":"product","2":"type-product","3":"status-publish","4":"has-post-thumbnail","6":"product_cat-uncategorized-sv","7":"product_shipping_class-big-sv","9":"first","10":"outofstock","11":"taxable","12":"shipping-taxable","13":"purchasable","14":"product-type-simple"},"composite_virtual":false,"composite_layout":"","composite_add_to_cart_form_location":"","composite_editable_in_cart":false,"composite_sold_individually_context":"","composite_shop_price_calc":"","composite_components":[],"composite_scenarios":[],"group_of_quantity":0,"min_quantity":0,"max_quantity":"","exclude_order_quantity_value_rules":"no","exclude_category_quantity_rules":"no","combine_variations":"no","exclude_global_add_ons":false,"addons":[{"name":"B\u00e5ghand","type":"multiple_choice","position":0,"required":true,"title_format":"label","default":"","description_enable":false,"description":null,"placeholder_enable":false,"placeholder":null,"display":"select","restrictions_type":"any_text","adjust_price":false,"price":"","price_type":"flat_fee","restrictions":false,"min":"0","max":"0","options":[{"label":"H\u00f6ger hand","price":"","price_type":"flat_fee","image":0,"visibility":true},{"label":"V\u00e4nster hand","price":"","price_type":"flat_fee","image":0,"visibility":true}],"id":1733311198},{"name":"Dragl\u00e4ngd","type":"multiple_choice","position":1,"required":true,"title_format":"label","default":"","description_enable":false,"description":null,"placeholder_enable":false,"placeholder":null,"display":"select","restrictions_type":"any_text","adjust_price":false,"price":"","price_type":"flat_fee","restrictions":false,"min":"0","max":"0","options":[{"label":"25-26\" mod 1","price":"","price_type":"flat_fee","image":0,"visibility":true},{"label":"26.25-27\" mod 2","price":"","price_type":"flat_fee","image":0,"visibility":true},{"label":"27.25-28\" mod 3","price":"","price_type":"flat_fee","image":0,"visibility":true},{"label":"28.25-29\" mod 4","price":"","price_type":"flat_fee","image":0,"visibility":true},{"label":"29.25-30\" mod 5","price":"","price_type":"flat_fee","image":0,"visibility":true}],"id":1733311200},{"name":"F\u00e4rg","type":"multiple_choice","position":2,"required":true,"title_format":"label","default":"","description_enable":false,"description":null,"placeholder_enable":false,"placeholder":null,"display":"select","restrictions_type":"any_text","adjust_price":false,"price":"","price_type":"flat_fee","restrictions":false,"min":"0","max":"0","options":[{"label":"Black out","price":"","price_type":"flat_fee","image":0,"visibility":true},{"label":"Wilderness","price":"","price_type":"flat_fee","image":0,"visibility":true},{"label":"Bourbon","price":"","price_type":"flat_fee","image":0,"visibility":true},{"label":"Tombstone","price":"","price_type":"flat_fee","image":0,"visibility":true},{"label":"Realtree APX","price":"90","price_type":"flat_fee","image":0,"visibility":true},{"label":"Kuiu verde","price":"90","price_type":"flat_fee","image":0,"visibility":true},{"label":"Optifade Elevated II","price":"90","price_type":"flat_fee","image":0,"visibility":true},{"label":"Optifade subalpine","price":"90","price_type":"flat_fee","image":0,"visibility":true},{"label":"Origin raptor Highland","price":"90","price_type":"flat_fee","image":0,"visibility":true},{"label":"First lite cerca","price":"90","price_type":"flat_fee","image":0,"visibility":true},{"label":"Mossy oak bottomland","price":"155","price_type":"flat_fee","image":0,"visibility":true},{"label":"Realtree APX bone collector","price":"155","price_type":"flat_fee","image":0,"visibility":true},{"label":"Black out bone collector","price":"155","price_type":"flat_fee","image":0,"visibility":true},{"label":"Black out keep hammering","price":"155","price_type":"flat_fee","image":0,"visibility":true}],"id":1733311201},{"name":"Dragvikt","type":"multiple_choice","position":3,"required":true,"title_format":"label","default":"","description_enable":false,"description":null,"placeholder_enable":false,"placeholder":null,"display":"select","restrictions_type":"any_text","adjust_price":false,"price":"","price_type":"flat_fee","restrictions":false,"min":"0","max":"0","options":[{"label":"40-50#","price":"","price_type":"flat_fee","image":0,"visibility":true},{"label":"50-60#","price":"","price_type":"flat_fee","image":0,"visibility":true},{"label":"55-65#","price":"","price_type":"flat_fee","image":0,"visibility":true},{"label":"60-70#","price":"","price_type":"flat_fee","image":0,"visibility":true},{"label":"65-75#","price":"","price_type":"flat_fee","image":0,"visibility":true},{"label":"70-80#","price":"","price_type":"flat_fee","image":0,"visibility":true}],"id":1733311199}],"_links":{"self":[{"href":"https:\/\/www.huntersfriend.eu\/sv\/wp-json\/wp\/v2\/product\/285654","targetHints":{"allow":["GET"]}}],"collection":[{"href":"https:\/\/www.huntersfriend.eu\/sv\/wp-json\/wp\/v2\/product"}],"about":[{"href":"https:\/\/www.huntersfriend.eu\/sv\/wp-json\/wp\/v2\/types\/product"}],"replies":[{"embeddable":true,"href":"https:\/\/www.huntersfriend.eu\/sv\/wp-json\/wp\/v2\/comments?post=285654"}],"wp:featuredmedia":[{"embeddable":true,"href":"https:\/\/www.huntersfriend.eu\/sv\/wp-json\/wp\/v2\/media\/275548"}],"wp:attachment":[{"href":"https:\/\/www.huntersfriend.eu\/sv\/wp-json\/wp\/v2\/media?parent=285654"}],"wp:term":[{"taxonomy":"product_brand","embeddable":true,"href":"https:\/\/www.huntersfriend.eu\/sv\/wp-json\/wp\/v2\/product_brand?post=285654"},{"taxonomy":"product_cat","embeddable":true,"href":"https:\/\/www.huntersfriend.eu\/sv\/wp-json\/wp\/v2\/product_cat?post=285654"},{"taxonomy":"product_tag","embeddable":true,"href":"https:\/\/www.huntersfriend.eu\/sv\/wp-json\/wp\/v2\/product_tag?post=285654"}],"curies":[{"name":"wp","href":"https:\/\/api.w.org\/{rel}","templated":true}]}}