{"id":285651,"date":"2024-11-28T11:02:37","date_gmt":"2024-11-28T09:02:37","guid":{"rendered":"https:\/\/www.huntersfriend.eu\/product\/easton-pilfodral-deluxe\/"},"modified":"2025-08-26T10:45:46","modified_gmt":"2025-08-26T08:45:46","slug":"easton-pilfodral-deluxe","status":"publish","type":"product","link":"https:\/\/www.huntersfriend.eu\/sv\/produkt\/easton-pilfodral-deluxe\/","title":{"rendered":"Easton pilfodral deluxe"},"content":{"rendered":"<ul>\n<li>Deluxe-modellen ger omfattande skydd och organisation<\/li>\n<li>Slitstarkt yttre skyddar pilar fr\u00e5n st\u00f6tar<\/li>\n<li>Justerbara avdelare rymmer olika pil\u00e4ngder och -typer<\/li>\n<\/ul>\n<p>Finns i tv\u00e5 storlekar som passar 18 eller 24 pilar<\/p>\n","protected":false},"excerpt":{"rendered":"<p>Deluxe-modellen ger omfattande skydd och organisation Slitstarkt yttre skyddar pilar fr\u00e5n st\u00f6tar Justerbara avdelare rymmer olika pil\u00e4ngder och -typer Finns i tv\u00e5 storlekar som passar 18 eller 24 pilar<\/p>\n","protected":false},"featured_media":275225,"comment_status":"open","ping_status":"closed","template":"","meta":[],"product_brand":[],"product_cat":[2644,2655,2656],"product_tag":[],"class_list":{"0":"post-285651","1":"product","2":"type-product","3":"status-publish","4":"has-post-thumbnail","6":"product_cat-andra-verktyg-for-pilbygge","7":"product_cat-pilror-och-fodral","8":"product_cat-verktyg-och-diverse-bagskytte","10":"first","11":"instock","12":"taxable","13":"shipping-taxable","14":"purchasable","15":"product-type-variable"},"composite_virtual":false,"composite_layout":"","composite_add_to_cart_form_location":"","composite_editable_in_cart":false,"composite_sold_individually_context":"","composite_shop_price_calc":"","composite_components":[],"composite_scenarios":[],"group_of_quantity":0,"min_quantity":0,"max_quantity":"","exclude_order_quantity_value_rules":"no","exclude_category_quantity_rules":"no","combine_variations":"no","exclude_global_add_ons":[],"addons":[],"_links":{"self":[{"href":"https:\/\/www.huntersfriend.eu\/sv\/wp-json\/wp\/v2\/product\/285651","targetHints":{"allow":["GET"]}}],"collection":[{"href":"https:\/\/www.huntersfriend.eu\/sv\/wp-json\/wp\/v2\/product"}],"about":[{"href":"https:\/\/www.huntersfriend.eu\/sv\/wp-json\/wp\/v2\/types\/product"}],"replies":[{"embeddable":true,"href":"https:\/\/www.huntersfriend.eu\/sv\/wp-json\/wp\/v2\/comments?post=285651"}],"wp:featuredmedia":[{"embeddable":true,"href":"https:\/\/www.huntersfriend.eu\/sv\/wp-json\/wp\/v2\/media\/275225"}],"wp:attachment":[{"href":"https:\/\/www.huntersfriend.eu\/sv\/wp-json\/wp\/v2\/media?parent=285651"}],"wp:term":[{"taxonomy":"product_brand","embeddable":true,"href":"https:\/\/www.huntersfriend.eu\/sv\/wp-json\/wp\/v2\/product_brand?post=285651"},{"taxonomy":"product_cat","embeddable":true,"href":"https:\/\/www.huntersfriend.eu\/sv\/wp-json\/wp\/v2\/product_cat?post=285651"},{"taxonomy":"product_tag","embeddable":true,"href":"https:\/\/www.huntersfriend.eu\/sv\/wp-json\/wp\/v2\/product_tag?post=285651"}],"curies":[{"name":"wp","href":"https:\/\/api.w.org\/{rel}","templated":true}]}}