{"id":285645,"date":"2024-11-28T10:50:52","date_gmt":"2024-11-28T08:50:52","guid":{"rendered":"https:\/\/www.huntersfriend.eu\/product\/vpa-diamantbryne-dubbelsidigt\/"},"modified":"2025-08-26T10:45:44","modified_gmt":"2025-08-26T08:45:44","slug":"vpa-diamantbryne-dubbelsidigt","status":"publish","type":"product","link":"https:\/\/www.huntersfriend.eu\/sv\/produkt\/vpa-diamantbryne-dubbelsidigt\/","title":{"rendered":"VPA Diamantbryne \u2013 dubbelsidigt"},"content":{"rendered":"<p>Vi presenterar det dubbelsidiga DMT-diamantbrynet! Det h\u00e4r m\u00e5ngsidiga verktyget \u00e4r utformat f\u00f6r att s\u00e4kerst\u00e4lla att din jaktutrustning alltid \u00e4r i toppskick. Med flera alternativ f\u00f6r att uppfylla dina slipbehov:  <\/p>\n<ul>\n<li><strong>325\/600 grit<\/strong>: 325 mesh-sida f\u00f6r grovslipning och en 600 mesh-sida f\u00f6r att f\u00e5 dina jaktspetsar knivskarpa.<\/li>\n<li><strong>600\/1200 grit<\/strong>: F\u00f6r dig som s\u00f6ker en finare touch \u00e4r 600 mesh-sidan perfekt f\u00f6r vardagsunderh\u00e5ll, medan 1200 mesh-sidan polerar dina jaktspetsar till en rakbladsvass finish.<\/li>\n<\/ul>\n<p>Det h\u00e4r verktyget \u00e4r tillverkat f\u00f6r l\u00e5ng livsl\u00e4ngd och \u00e4r byggt f\u00f6r att klara otaliga slipningar, vilket g\u00f6r det till ett p\u00e5litligt val p\u00e5 l\u00e5ng sikt. H\u00e5ll dina jaktspetsar rakbladsvassa och redo f\u00f6r action med v\u00e5r p\u00e5litliga slipl\u00f6sning. <\/p>\n<p>Finns i tv\u00e5 storlekar:<\/p>\n<ul>\n<li><strong>3 \u201cx 8\u201d<\/strong>: Stor och inkluderar en halkfri matta f\u00f6r stabilitet, tillg\u00e4nglig i b\u00e5de 325\/600 och 600\/1200 grit-alternativ.<\/li>\n<li><strong>3 \u201cx 2\u201d<\/strong>: Kompakt och b\u00e4rbar (inkluderar inte halkfri matta), tillg\u00e4nglig i b\u00e5de 325\/600 och 600\/1200 grit-alternativ.<\/li>\n<\/ul>\n<p>3 x 8-storleken \u00e4r ocks\u00e5 fantastisk f\u00f6r att ta hand om dina knivar!<\/p>\n","protected":false},"excerpt":{"rendered":"<p>Dubbelsidig \u2013 tv\u00e5 grit<\/p>\n","protected":false},"featured_media":275202,"comment_status":"open","ping_status":"closed","template":"","meta":[],"product_brand":[],"product_cat":[2610],"product_tag":[],"class_list":{"0":"post-285645","1":"product","2":"type-product","3":"status-publish","4":"has-post-thumbnail","6":"product_cat-knivar-yxor-och-slipar","8":"first","9":"instock","10":"taxable","11":"shipping-taxable","12":"purchasable","13":"product-type-variable"},"composite_virtual":false,"composite_layout":"","composite_add_to_cart_form_location":"","composite_editable_in_cart":false,"composite_sold_individually_context":"","composite_shop_price_calc":"","composite_components":[],"composite_scenarios":[],"group_of_quantity":0,"min_quantity":0,"max_quantity":"","exclude_order_quantity_value_rules":"no","exclude_category_quantity_rules":"no","combine_variations":"no","exclude_global_add_ons":[],"addons":[],"_links":{"self":[{"href":"https:\/\/www.huntersfriend.eu\/sv\/wp-json\/wp\/v2\/product\/285645","targetHints":{"allow":["GET"]}}],"collection":[{"href":"https:\/\/www.huntersfriend.eu\/sv\/wp-json\/wp\/v2\/product"}],"about":[{"href":"https:\/\/www.huntersfriend.eu\/sv\/wp-json\/wp\/v2\/types\/product"}],"replies":[{"embeddable":true,"href":"https:\/\/www.huntersfriend.eu\/sv\/wp-json\/wp\/v2\/comments?post=285645"}],"wp:featuredmedia":[{"embeddable":true,"href":"https:\/\/www.huntersfriend.eu\/sv\/wp-json\/wp\/v2\/media\/275202"}],"wp:attachment":[{"href":"https:\/\/www.huntersfriend.eu\/sv\/wp-json\/wp\/v2\/media?parent=285645"}],"wp:term":[{"taxonomy":"product_brand","embeddable":true,"href":"https:\/\/www.huntersfriend.eu\/sv\/wp-json\/wp\/v2\/product_brand?post=285645"},{"taxonomy":"product_cat","embeddable":true,"href":"https:\/\/www.huntersfriend.eu\/sv\/wp-json\/wp\/v2\/product_cat?post=285645"},{"taxonomy":"product_tag","embeddable":true,"href":"https:\/\/www.huntersfriend.eu\/sv\/wp-json\/wp\/v2\/product_tag?post=285645"}],"curies":[{"name":"wp","href":"https:\/\/api.w.org\/{rel}","templated":true}]}}