{"id":285642,"date":"2024-11-28T10:44:08","date_gmt":"2024-11-28T08:44:08","guid":{"rendered":"https:\/\/www.huntersfriend.eu\/product\/maximal-black-razor-3-pack\/"},"modified":"2026-03-27T10:17:34","modified_gmt":"2026-03-27T08:17:34","slug":"maximal-black-razor-3-pack","status":"publish","type":"product","link":"https:\/\/www.huntersfriend.eu\/sv\/produkt\/maximal-black-razor-3-pack\/","title":{"rendered":"Maximal black razor 3-pack"},"content":{"rendered":"<p>Ett prisv\u00e4rt, fast blad i ett stycke av st\u00e5l som sk\u00e4r vid kontakt \u00e4r utformat f\u00f6r att maximera precisionen och s\u00e4kerst\u00e4lla maximal penetration! Bladen \u00e4r knivskarpa och ger b\u00e4sta m\u00f6jliga sk\u00e4rning vid kontakt. Eftersom det \u00e4r i ett stycke kommer du aldrig att uppleva problem med l\u00f6sa eller f\u00f6rlorade blad!  <\/p>\n<p>Finns i 100gr &amp; 125gr.<\/p>\n","protected":false},"excerpt":{"rendered":"<p>100 eller 125 grain 3-pack<\/p>\n","protected":false},"featured_media":275214,"comment_status":"open","ping_status":"closed","template":"","meta":[],"product_brand":[],"product_cat":[2647],"product_tag":[],"class_list":{"0":"post-285642","1":"product","2":"type-product","3":"status-publish","4":"has-post-thumbnail","6":"product_cat-broadheads-jakt","8":"first","9":"instock","10":"taxable","11":"shipping-taxable","12":"purchasable","13":"product-type-variable"},"composite_virtual":false,"composite_layout":"","composite_add_to_cart_form_location":"","composite_editable_in_cart":false,"composite_sold_individually_context":"","composite_shop_price_calc":"","composite_components":[],"composite_scenarios":[],"group_of_quantity":0,"min_quantity":0,"max_quantity":"","exclude_order_quantity_value_rules":"no","exclude_category_quantity_rules":"no","combine_variations":"no","exclude_global_add_ons":[],"addons":[],"_links":{"self":[{"href":"https:\/\/www.huntersfriend.eu\/sv\/wp-json\/wp\/v2\/product\/285642","targetHints":{"allow":["GET"]}}],"collection":[{"href":"https:\/\/www.huntersfriend.eu\/sv\/wp-json\/wp\/v2\/product"}],"about":[{"href":"https:\/\/www.huntersfriend.eu\/sv\/wp-json\/wp\/v2\/types\/product"}],"replies":[{"embeddable":true,"href":"https:\/\/www.huntersfriend.eu\/sv\/wp-json\/wp\/v2\/comments?post=285642"}],"wp:featuredmedia":[{"embeddable":true,"href":"https:\/\/www.huntersfriend.eu\/sv\/wp-json\/wp\/v2\/media\/275214"}],"wp:attachment":[{"href":"https:\/\/www.huntersfriend.eu\/sv\/wp-json\/wp\/v2\/media?parent=285642"}],"wp:term":[{"taxonomy":"product_brand","embeddable":true,"href":"https:\/\/www.huntersfriend.eu\/sv\/wp-json\/wp\/v2\/product_brand?post=285642"},{"taxonomy":"product_cat","embeddable":true,"href":"https:\/\/www.huntersfriend.eu\/sv\/wp-json\/wp\/v2\/product_cat?post=285642"},{"taxonomy":"product_tag","embeddable":true,"href":"https:\/\/www.huntersfriend.eu\/sv\/wp-json\/wp\/v2\/product_tag?post=285642"}],"curies":[{"name":"wp","href":"https:\/\/api.w.org\/{rel}","templated":true}]}}